{"id":94252,"date":"2024-12-15T08:40:22","date_gmt":"2024-12-15T08:40:22","guid":{"rendered":"https:\/\/www.otiumhome.fi\/?p=94252"},"modified":"2025-06-06T15:34:16","modified_gmt":"2025-06-06T15:34:16","slug":"karttapallon-muotoinen-baarikaappi-eukalyptuspuu","status":"publish","type":"product","link":"https:\/\/www.otiumhome.fi\/index.php\/tuote\/karttapallon-muotoinen-baarikaappi-eukalyptuspuu\/","title":{"rendered":"Karttapallon muotoinen baarikaappi eukalyptuspuu"},"content":{"rendered":"<p>T\u00e4m\u00e4 elegantti karttapallon muotoinen baarikaappi sopii t\u00e4ydellisesti useiden pullojen ja lasien s\u00e4ilytykseen. Baarikaappi on valmistettu t\u00e4yspuusta ja sit\u00e4 voidaan k\u00e4ytt\u00e4\u00e4 kotona, toimistossa tai miss\u00e4 tahansa, miss\u00e4 haluat vastaanottaa vieraita tyylill\u00e4. <\/p>\n<\/p>\n<p>T\u00e4t\u00e4 eleganttia karttapallon muotoista baarikaappia on helppo liikuttaa ymp\u00e4riins\u00e4. Sen kuviona on hyvin vanha maailmankartta. T\u00e4ss\u00e4 baarikaapissa on pullon ja lasinpidike, jonka vuoksi se on erinomainen useiden pullojen ja lasien s\u00e4ilytykseen. Ole hyv\u00e4 ja ota huomioon, ett\u00e4 pullot ja lasit eiv\u00e4t sis\u00e4lly toimitukseen.<\/p>\n<ul>\n<li>Materiaali: t\u00e4ysi eukalyptuspuu<\/li>\n<li>Maapallon halkaisija: 36 cm<\/li>\n<li>Mitat (avattuna): 47 x 47 x 102 cm (L x S x K).<\/li>\n<li>Pullot ja lasit: eiv\u00e4t sis\u00e4lly toimitukseen<\/li>\n<\/ul>\n","protected":false},"excerpt":{"rendered":"<ul>\n<li>Materiaali: t\u00e4ysi eukalyptuspuu<\/li>\n<li>Maapallon halkaisija: 36 cm<\/li>\n<li>Mitat (avattuna): 47 x 47 x 102 cm (L x S x K).<\/li>\n<li>Pullot ja lasit: eiv\u00e4t sis\u00e4lly toimitukseen<\/li>\n<\/ul>\n","protected":false},"featured_media":10000094252,"comment_status":"closed","ping_status":"closed","template":"","meta":[],"product_brand":[],"product_cat":[8537,84],"product_tag":[],"class_list":{"0":"post-94252","1":"product","2":"type-product","3":"status-publish","4":"has-post-thumbnail","6":"product_cat-baarikaapit","7":"product_cat-huonekalut","9":"first","10":"instock","11":"taxable","12":"shipping-taxable","13":"purchasable","14":"product-type-simple"},"_links":{"self":[{"href":"https:\/\/www.otiumhome.fi\/index.php\/wp-json\/wp\/v2\/product\/94252","targetHints":{"allow":["GET"]}}],"collection":[{"href":"https:\/\/www.otiumhome.fi\/index.php\/wp-json\/wp\/v2\/product"}],"about":[{"href":"https:\/\/www.otiumhome.fi\/index.php\/wp-json\/wp\/v2\/types\/product"}],"replies":[{"embeddable":true,"href":"https:\/\/www.otiumhome.fi\/index.php\/wp-json\/wp\/v2\/comments?post=94252"}],"wp:featuredmedia":[{"embeddable":true,"href":"https:\/\/www.otiumhome.fi\/index.php\/wp-json\/"}],"wp:attachment":[{"href":"https:\/\/www.otiumhome.fi\/index.php\/wp-json\/wp\/v2\/media?parent=94252"}],"wp:term":[{"taxonomy":"product_brand","embeddable":true,"href":"https:\/\/www.otiumhome.fi\/index.php\/wp-json\/wp\/v2\/product_brand?post=94252"},{"taxonomy":"product_cat","embeddable":true,"href":"https:\/\/www.otiumhome.fi\/index.php\/wp-json\/wp\/v2\/product_cat?post=94252"},{"taxonomy":"product_tag","embeddable":true,"href":"https:\/\/www.otiumhome.fi\/index.php\/wp-json\/wp\/v2\/product_tag?post=94252"}],"curies":[{"name":"wp","href":"https:\/\/api.w.org\/{rel}","templated":true}]}}