{"id":94246,"date":"2024-12-15T08:40:21","date_gmt":"2024-12-15T08:40:21","guid":{"rendered":"https:\/\/www.otiumhome.fi\/?p=94246"},"modified":"2025-06-06T15:34:14","modified_gmt":"2025-06-06T15:34:14","slug":"karttapallo-baarikaappi-musta-taysi-eukalyptuspuu","status":"publish","type":"product","link":"https:\/\/www.otiumhome.fi\/index.php\/tuote\/karttapallo-baarikaappi-musta-taysi-eukalyptuspuu\/","title":{"rendered":"Karttapallo baarikaappi musta t\u00e4ysi eukalyptuspuu"},"content":{"rendered":"<p>T\u00e4m\u00e4 elegantti karttapallo baarikaappi sopii t\u00e4ydellisesti useiden pullojen ja lasien s\u00e4ilytykseen. Sit\u00e4 voidaan k\u00e4ytt\u00e4\u00e4 kotona, toimistossa tai miss\u00e4 tahansa haluat vastaanottaa vieraita tyylill\u00e4.<\/p>\n<\/p>\n<ul>\n<li>T\u00e4ysi eukalyptuspuu: T\u00e4ysi eukalyptuspuu on kaunis luonnonmateriaali. Eukalyptuspuu on eritt\u00e4in tihe\u00e4syist\u00e4 ja vett\u00e4 hylkiv\u00e4\u00e4. Materiaali on tunnettu t\u00e4ytel\u00e4isest\u00e4 punertavan ruskeasta v\u00e4rist\u00e4\u00e4n.<\/li>\n<li>Reilusti s\u00e4ilytystilaa: Kun avaat puisen karttapallobaarin, sis\u00e4lt\u00e4 l\u00f6ytyy suuri tila viinoille, viineille, juomille ja lasitavaroille. Voit siis asettaa viinisi ja lasisi hyv\u00e4ss\u00e4 j\u00e4rjestyksess\u00e4 piiloon, samalla takaat helpon p\u00e4\u00e4syn.<\/li>\n<li>Esteettinen muotoilu: Viinitelineen ulkopinta on k\u00e4\u00e4ritty karttoihin, mik\u00e4 tekee siit\u00e4 ainutlaatuisen taideteoksen ja t\u00e4ydellisen koristeen kotiisi ja toimistoosi.<\/li>\n<\/ul>\n<ul>\n<li>Rungon v\u00e4ri: musta<\/li>\n<li>Materiaali: t\u00e4ysi eukalyptuspuu<\/li>\n<li>Mitat: 42 x 42 x 57 cm (P x L x K)<\/li>\n<li>Pullot ja lasit: eiv\u00e4t sis\u00e4lly toimitukseen<\/li>\n<li>Asennus vaaditaan: kyll\u00e4<\/li>\n<\/ul>\n","protected":false},"excerpt":{"rendered":"<ul>\n<li>Rungon v\u00e4ri: musta<\/li>\n<li>Materiaali: t\u00e4ysi eukalyptuspuu<\/li>\n<li>Mitat: 42 x 42 x 57 cm (P x L x K)<\/li>\n<li>Pullot ja lasit: eiv\u00e4t sis\u00e4lly toimitukseen<\/li>\n<li>Asennus vaaditaan: kyll\u00e4<\/li>\n<\/ul>\n","protected":false},"featured_media":10000094246,"comment_status":"closed","ping_status":"closed","template":"","meta":[],"product_brand":[],"product_cat":[8537,84],"product_tag":[],"class_list":{"0":"post-94246","1":"product","2":"type-product","3":"status-publish","4":"has-post-thumbnail","6":"product_cat-baarikaapit","7":"product_cat-huonekalut","9":"first","10":"instock","11":"taxable","12":"shipping-taxable","13":"purchasable","14":"product-type-simple"},"_links":{"self":[{"href":"https:\/\/www.otiumhome.fi\/index.php\/wp-json\/wp\/v2\/product\/94246","targetHints":{"allow":["GET"]}}],"collection":[{"href":"https:\/\/www.otiumhome.fi\/index.php\/wp-json\/wp\/v2\/product"}],"about":[{"href":"https:\/\/www.otiumhome.fi\/index.php\/wp-json\/wp\/v2\/types\/product"}],"replies":[{"embeddable":true,"href":"https:\/\/www.otiumhome.fi\/index.php\/wp-json\/wp\/v2\/comments?post=94246"}],"wp:featuredmedia":[{"embeddable":true,"href":"https:\/\/www.otiumhome.fi\/index.php\/wp-json\/"}],"wp:attachment":[{"href":"https:\/\/www.otiumhome.fi\/index.php\/wp-json\/wp\/v2\/media?parent=94246"}],"wp:term":[{"taxonomy":"product_brand","embeddable":true,"href":"https:\/\/www.otiumhome.fi\/index.php\/wp-json\/wp\/v2\/product_brand?post=94246"},{"taxonomy":"product_cat","embeddable":true,"href":"https:\/\/www.otiumhome.fi\/index.php\/wp-json\/wp\/v2\/product_cat?post=94246"},{"taxonomy":"product_tag","embeddable":true,"href":"https:\/\/www.otiumhome.fi\/index.php\/wp-json\/wp\/v2\/product_tag?post=94246"}],"curies":[{"name":"wp","href":"https:\/\/api.w.org\/{rel}","templated":true}]}}