{"id":94240,"date":"2024-12-15T08:40:21","date_gmt":"2024-12-15T08:40:21","guid":{"rendered":"https:\/\/www.otiumhome.fi\/?p=94240"},"modified":"2025-06-06T15:34:14","modified_gmt":"2025-06-06T15:34:14","slug":"vapaasti-seisova-karttapallon-muotoinen-baarikaappi-eukalyptus","status":"publish","type":"product","link":"https:\/\/www.otiumhome.fi\/index.php\/tuote\/vapaasti-seisova-karttapallon-muotoinen-baarikaappi-eukalyptus\/","title":{"rendered":"Vapaasti seisova karttapallon muotoinen baarikaappi eukalyptus"},"content":{"rendered":"<p>T\u00e4m\u00e4 puinen karttapallobaari tarjoaa suuren baarin, jossa on reilusti tilaa viinoille, viineille ja muille tavaroille. Voit siis asettaa pullot ja lasit piiloon, mutta silti k\u00e4den ulottuville. Tuotteeseen sis\u00e4ltyy my\u00f6s laajennettava p\u00f6yt\u00e4 ja alahylly, joille voit my\u00f6s asettaa pulloja ja tarvikkeita.<\/p>\n<\/p>\n<p>Karttapallobaarin ulkopinta on k\u00e4\u00e4ritty vanhoihin merikarttoihn kun taas p\u00f6yt\u00e4, hylly ja karttapallon sis\u00e4puoli on koristeltu renessanssiajan maalauksilla. Baarikaappi on kuin taideteos, joten se on upea koriste kotiin tai toimistoon.<\/p>\n<\/p>\n<p>T\u00e4ss\u00e4 kaapissa on py\u00f6r\u00e4t, joten sen liikuttaminen on todella helppoa. Voit siirt\u00e4\u00e4 sen minne tahansa todella pienell\u00e4 vaivalla.<\/p>\n<\/p>\n<p>T\u00e4m\u00e4 karttapallobaari on taatusti t\u00e4ydellinen yhdistelm\u00e4 s\u00e4ilytystilaa ja esteettisyytt\u00e4.<\/p>\n<ul>\n<li>V\u00e4ri: vihre\u00e4 ja ruskea<\/li>\n<li>Materiaali: t\u00e4yspuiset pilarit (eukalyptus), rauta, kumi<\/li>\n<li>Kokonaismitat: 70 x 45 x 88 cm (L x S x K)<\/li>\n<li>Karttapallon halkaisija: 33 cm<\/li>\n<li>Vanha merikartta karttapallon pinnalla<\/li>\n<li>Renessanssiajan maalauksia karttapallon sis\u00e4puolella, p\u00f6yd\u00e4ll\u00e4 sek\u00e4 alahyllyll\u00e4<\/li>\n<li>Nettopaino: 7,4 kg<\/li>\n<li>Pullot ja lasit: eiv\u00e4t sis\u00e4lly toimitukseen<\/li>\n<li>Asennus vaaditaan: kyll\u00e4<\/li>\n<\/ul>\n","protected":false},"excerpt":{"rendered":"<ul>\n<li>V\u00e4ri: vihre\u00e4 ja ruskea<\/li>\n<li>Materiaali: t\u00e4yspuiset pilarit (eukalyptus), rauta, kumi<\/li>\n<li>Kokonaismitat: 70 x 45 x 88 cm (L x S x K)<\/li>\n<li>Karttapallon halkaisija: 33 cm<\/li>\n<li>Vanha merikartta karttapallon pinnalla<\/li>\n<li>Renessanssiajan maalauksia karttapallon sis\u00e4puolella, p\u00f6yd\u00e4ll\u00e4 sek\u00e4 alahyllyll\u00e4<\/li>\n<li>Nettopaino: 7,4 kg<\/li>\n<li>Pullot ja lasit: eiv\u00e4t sis\u00e4lly toimitukseen<\/li>\n<li>Asennus vaaditaan: kyll\u00e4<\/li>\n<\/ul>\n","protected":false},"featured_media":10000094240,"comment_status":"closed","ping_status":"closed","template":"","meta":[],"product_brand":[],"product_cat":[8537,84],"product_tag":[],"class_list":{"0":"post-94240","1":"product","2":"type-product","3":"status-publish","4":"has-post-thumbnail","6":"product_cat-baarikaapit","7":"product_cat-huonekalut","9":"first","10":"instock","11":"taxable","12":"shipping-taxable","13":"purchasable","14":"product-type-simple"},"_links":{"self":[{"href":"https:\/\/www.otiumhome.fi\/index.php\/wp-json\/wp\/v2\/product\/94240","targetHints":{"allow":["GET"]}}],"collection":[{"href":"https:\/\/www.otiumhome.fi\/index.php\/wp-json\/wp\/v2\/product"}],"about":[{"href":"https:\/\/www.otiumhome.fi\/index.php\/wp-json\/wp\/v2\/types\/product"}],"replies":[{"embeddable":true,"href":"https:\/\/www.otiumhome.fi\/index.php\/wp-json\/wp\/v2\/comments?post=94240"}],"wp:featuredmedia":[{"embeddable":true,"href":"https:\/\/www.otiumhome.fi\/index.php\/wp-json\/"}],"wp:attachment":[{"href":"https:\/\/www.otiumhome.fi\/index.php\/wp-json\/wp\/v2\/media?parent=94240"}],"wp:term":[{"taxonomy":"product_brand","embeddable":true,"href":"https:\/\/www.otiumhome.fi\/index.php\/wp-json\/wp\/v2\/product_brand?post=94240"},{"taxonomy":"product_cat","embeddable":true,"href":"https:\/\/www.otiumhome.fi\/index.php\/wp-json\/wp\/v2\/product_cat?post=94240"},{"taxonomy":"product_tag","embeddable":true,"href":"https:\/\/www.otiumhome.fi\/index.php\/wp-json\/wp\/v2\/product_tag?post=94240"}],"curies":[{"name":"wp","href":"https:\/\/api.w.org\/{rel}","templated":true}]}}