{"id":94232,"date":"2024-12-15T08:40:21","date_gmt":"2024-12-15T08:40:21","guid":{"rendered":"https:\/\/www.otiumhome.fi\/?p=94232"},"modified":"2025-06-06T15:34:14","modified_gmt":"2025-06-06T15:34:14","slug":"baarituoli-taysi-tiikki","status":"publish","type":"product","link":"https:\/\/www.otiumhome.fi\/index.php\/tuote\/baarituoli-taysi-tiikki\/","title":{"rendered":"Baarituoli t\u00e4ysi tiikki"},"content":{"rendered":"<p>T\u00e4m\u00e4 puutuoli on ajaton lis\u00e4 ulko- tai sis\u00e4tiloihisi, esim. keitti\u00f6\u00f6n tai ruokailuhuoneeseen.<\/p>\n<\/p>\n<p>Eritt\u00e4in kest\u00e4v\u00e4st\u00e4 tiikkikovapuusta valmistettu huonekalu on karaistu, uunikuivattu ja hienohiottu sile\u00e4n pinnan saamiseksi. Tiikki tunnetaan erinomaisesta lujuudestaan sek\u00e4 s\u00e4\u00e4nkest\u00e4vyydest\u00e4\u00e4n, siksi se on sopivampi materiaali puutarhakalusteisiin kuin mik\u00e4\u00e4n muu puu. Tiikki on t\u00e4ydellinen valinta, jos haluat ostaa pitk\u00e4ik\u00e4isen puutarhakalusteen. Tuoli on helppo puhdistaa ja yll\u00e4pit\u00e4\u00e4.<\/p>\n<\/p>\n<p>Baarituoli on lis\u00e4ksi helppo koota.<\/p>\n<ul>\n<li>Materiaali: hienohiottu tiikkikovapuu vesipohjaisella pinnoitteella<\/li>\n<li>Mitat: 46 x 40 x 105 cm (L x S x K)<\/li>\n<li>Istuinosan koko: 46 x 39 cm (L x S)<\/li>\n<li>Istuimen korkeus maasta: 71 cm<\/li>\n<li>S\u00e4\u00e4nkest\u00e4v\u00e4<\/li>\n<li>Selk\u00e4nojalla ja jalkatuella<\/li>\n<li>Asennus vaaditaan: kyll\u00e4<\/li>\n<li><strong>Toimitus sis\u00e4lt\u00e4\u00e4:<\/strong><\/li>\n<li>1 x baarituoli<\/li>\n<\/ul>\n<p> Enint\u00e4\u00e4n 110 kg per istuin.<\/p>\n","protected":false},"excerpt":{"rendered":"<ul>\n<li>Materiaali: hienohiottu tiikkikovapuu vesipohjaisella pinnoitteella<\/li>\n<li>Mitat: 46 x 40 x 105 cm (L x S x K)<\/li>\n<li>Istuinosan koko: 46 x 39 cm (L x S)<\/li>\n<li>Istuimen korkeus maasta: 71 cm<\/li>\n<li>S\u00e4\u00e4nkest\u00e4v\u00e4<\/li>\n<li>Selk\u00e4nojalla ja jalkatuella<\/li>\n<li>Asennus vaaditaan: kyll\u00e4<\/li>\n<li><strong>Toimitus sis\u00e4lt\u00e4\u00e4:<\/strong><\/li>\n<li>1 x baarituoli<\/li>\n<\/ul>\n","protected":false},"featured_media":10000094232,"comment_status":"closed","ping_status":"closed","template":"","meta":[],"product_brand":[],"product_cat":[8536,84],"product_tag":[],"class_list":{"0":"post-94232","1":"product","2":"type-product","3":"status-publish","4":"has-post-thumbnail","6":"product_cat-baarijakkarat","7":"product_cat-huonekalut","9":"first","10":"outofstock","11":"taxable","12":"shipping-taxable","13":"purchasable","14":"product-type-simple"},"_links":{"self":[{"href":"https:\/\/www.otiumhome.fi\/index.php\/wp-json\/wp\/v2\/product\/94232","targetHints":{"allow":["GET"]}}],"collection":[{"href":"https:\/\/www.otiumhome.fi\/index.php\/wp-json\/wp\/v2\/product"}],"about":[{"href":"https:\/\/www.otiumhome.fi\/index.php\/wp-json\/wp\/v2\/types\/product"}],"replies":[{"embeddable":true,"href":"https:\/\/www.otiumhome.fi\/index.php\/wp-json\/wp\/v2\/comments?post=94232"}],"wp:featuredmedia":[{"embeddable":true,"href":"https:\/\/www.otiumhome.fi\/index.php\/wp-json\/"}],"wp:attachment":[{"href":"https:\/\/www.otiumhome.fi\/index.php\/wp-json\/wp\/v2\/media?parent=94232"}],"wp:term":[{"taxonomy":"product_brand","embeddable":true,"href":"https:\/\/www.otiumhome.fi\/index.php\/wp-json\/wp\/v2\/product_brand?post=94232"},{"taxonomy":"product_cat","embeddable":true,"href":"https:\/\/www.otiumhome.fi\/index.php\/wp-json\/wp\/v2\/product_cat?post=94232"},{"taxonomy":"product_tag","embeddable":true,"href":"https:\/\/www.otiumhome.fi\/index.php\/wp-json\/wp\/v2\/product_tag?post=94232"}],"curies":[{"name":"wp","href":"https:\/\/api.w.org\/{rel}","templated":true}]}}