{"id":94223,"date":"2024-12-15T08:34:59","date_gmt":"2024-12-15T08:34:59","guid":{"rendered":"https:\/\/www.otiumhome.fi\/?p=94223"},"modified":"2025-12-14T04:43:29","modified_gmt":"2025-12-14T04:43:29","slug":"baarijakkarat-4-kpl-harmaa-polyrottinki-ja-taysi-akasiapuu","status":"publish","type":"product","link":"https:\/\/www.otiumhome.fi\/index.php\/tuote\/baarijakkarat-4-kpl-harmaa-polyrottinki-ja-taysi-akasiapuu\/","title":{"rendered":"Baarijakkarat 4 kpl harmaa polyrottinki ja t\u00e4ysi akasiapuu"},"content":{"rendered":"<p>N\u00e4m\u00e4 baarijakkarat edustavat modernia muotoilua ja ne ovat k\u00e4yt\u00e4nn\u00f6llinen lis\u00e4 sis\u00e4- tai ulkotiloihisi.<\/p>\n<\/p>\n<ul>\n<li>S\u00e4\u00e4nkest\u00e4v\u00e4 materiaali: PE-rottinki, joka tunnetaan my\u00f6s nimell\u00e4 polyrottinki, on s\u00e4\u00e4nkest\u00e4v\u00e4 ja helppo puhdistaa. Se s\u00e4ilytt\u00e4\u00e4 kauneutensa ulkotiloissa pitk\u00e4\u00e4n. Se tarjoaa erinomaisen laadun, mukavuuden ja estetiikan.<\/li>\n<li>Tukeva runko: Jauhemaalattu ter\u00e4srunko tekee aamiaisjakkaroista p\u00e4ivitt\u00e4ist\u00e4 ulkok\u00e4ytt\u00f6\u00e4 varten tukevat ja vakaat.<\/li>\n<li>Mukavat istuimet: Keitti\u00f6n baarijakkaroissa on sis\u00e4\u00e4nrakennettu jalkatuki, joka takaa mukavan istumakokemuksen. Puinen istuin antaa jakkaralle luonnollisen ja miellytt\u00e4v\u00e4n ilmeen varmistaen samalla sen vakauden.<\/li>\n<li>Helppo siirt\u00e4\u00e4: Kevyen rakenteen ansiosta baarituoli voidaan helposti siirt\u00e4\u00e4 muihin asetelmiin sopivaksi.<\/li>\n<\/ul>\n<p>Hyv\u00e4 tiet\u00e4\u00e4:<\/p>\n<ul>\n<li>Jotta kokoaminen olisi mahdollisimman helppoa, jokainen tuote toimitetaan ohjekirjan kanssa.<\/li>\n<\/ul>\n<ul>\n<li>V\u00e4ri: Harmaa<\/li>\n<li>Materiaali: PE-rottinki, jauhemaalattu ter\u00e4s, t\u00e4ysi luonnollisesti pintak\u00e4sitelty akasiapuu<\/li>\n<li>Mitat (kukin): 40 x 44 x 100 cm (L x S x K)<\/li>\n<li>Istuimen koko: 40 x 44 cm (L x S)<\/li>\n<li>Istuimen korkeus maasta: 78 cm<\/li>\n<li>Maksimikantavuus (per istuin): 110 kg<\/li>\n<li><strong>Toimitus sis\u00e4lt\u00e4\u00e4:<\/strong><\/li>\n<li>4 x baarituoli<\/li>\n<\/ul>\n","protected":false},"excerpt":{"rendered":"<ul>\n<li>V\u00e4ri: Harmaa<\/li>\n<li>Materiaali: PE-rottinki, jauhemaalattu ter\u00e4s, t\u00e4ysi luonnollisesti pintak\u00e4sitelty akasiapuu<\/li>\n<li>Mitat (kukin): 40 x 44 x 100 cm (L x S x K)<\/li>\n<li>Istuimen koko: 40 x 44 cm (L x S)<\/li>\n<li>Istuimen korkeus maasta: 78 cm<\/li>\n<li>Maksimikantavuus (per istuin): 110 kg<\/li>\n<li><strong>Toimitus sis\u00e4lt\u00e4\u00e4:<\/strong><\/li>\n<li>4 x baarituoli<\/li>\n<\/ul>\n","protected":false},"featured_media":10000094223,"comment_status":"closed","ping_status":"closed","template":"","meta":[],"product_brand":[],"product_cat":[8536,84],"product_tag":[],"class_list":{"0":"post-94223","1":"product","2":"type-product","3":"status-publish","4":"has-post-thumbnail","6":"product_cat-baarijakkarat","7":"product_cat-huonekalut","9":"first","10":"instock","11":"taxable","12":"shipping-taxable","13":"purchasable","14":"product-type-simple"},"_links":{"self":[{"href":"https:\/\/www.otiumhome.fi\/index.php\/wp-json\/wp\/v2\/product\/94223","targetHints":{"allow":["GET"]}}],"collection":[{"href":"https:\/\/www.otiumhome.fi\/index.php\/wp-json\/wp\/v2\/product"}],"about":[{"href":"https:\/\/www.otiumhome.fi\/index.php\/wp-json\/wp\/v2\/types\/product"}],"replies":[{"embeddable":true,"href":"https:\/\/www.otiumhome.fi\/index.php\/wp-json\/wp\/v2\/comments?post=94223"}],"wp:featuredmedia":[{"embeddable":true,"href":"https:\/\/www.otiumhome.fi\/index.php\/wp-json\/"}],"wp:attachment":[{"href":"https:\/\/www.otiumhome.fi\/index.php\/wp-json\/wp\/v2\/media?parent=94223"}],"wp:term":[{"taxonomy":"product_brand","embeddable":true,"href":"https:\/\/www.otiumhome.fi\/index.php\/wp-json\/wp\/v2\/product_brand?post=94223"},{"taxonomy":"product_cat","embeddable":true,"href":"https:\/\/www.otiumhome.fi\/index.php\/wp-json\/wp\/v2\/product_cat?post=94223"},{"taxonomy":"product_tag","embeddable":true,"href":"https:\/\/www.otiumhome.fi\/index.php\/wp-json\/wp\/v2\/product_tag?post=94223"}],"curies":[{"name":"wp","href":"https:\/\/api.w.org\/{rel}","templated":true}]}}