{"id":94197,"date":"2024-12-15T08:34:57","date_gmt":"2024-12-15T08:34:57","guid":{"rendered":"https:\/\/www.otiumhome.fi\/?p=94197"},"modified":"2025-12-14T04:43:29","modified_gmt":"2025-12-14T04:43:29","slug":"gavin-baarijakkarat-2-kpl-50x40x78-cm-taysi-mangopuu","status":"publish","type":"product","link":"https:\/\/www.otiumhome.fi\/index.php\/tuote\/gavin-baarijakkarat-2-kpl-50x40x78-cm-taysi-mangopuu\/","title":{"rendered":"Gavin baarijakkarat 2 kpl 50x40x78 cm t\u00e4ysi mangopuu"},"content":{"rendered":"<p>T\u00e4m\u00e4 retrotyylinen baarijakkara, ikonisella Gavin suunnittelulla, on upea lis\u00e4 kotisi sisustukseen.<\/p>\n<\/p>\n<ul>\n<li>Kest\u00e4v\u00e4 materiaali: T\u00e4m\u00e4 vintage puutuoli on valmistettu t\u00e4ydest\u00e4 mangopuusta, joka on tihe\u00e4syinen lehtipuu. Karkealla mangopuulla ei ole vain voimaa kantaa painoa, se my\u00f6s kest\u00e4\u00e4 ajan tuomaa kulumista. Siksi t\u00e4m\u00e4 baarijakkara on vakaa, kest\u00e4v\u00e4 ja katseet vangitseva<\/li>\n<li>Tukeva runko: T\u00e4m\u00e4n aamiaisbaarijakkaran jauhemaalattu rautarunko takaa tukevuuden ja vakauden.<\/li>\n<li>Laaja k\u00e4ytt\u00f6: Keitti\u00f6baarijakkara on loistava vaihtoehto erilaisiin ymp\u00e4rist\u00f6ihin, kuten baareihin ja ravintoloihin. Voit sijoittaa sen my\u00f6s parvekkeellesi tai kirjahyllysi viereen rentoutumispaikan luomiseksi. Se sopii my\u00f6s erilaisiin kokoontumisiin.<\/li>\n<\/ul>\n<p>Huomioi:<\/p>\n<ul>\n<li>Jokaisen tuotteen mukana on laatikossa kokoonpano-ohje helppoa asennusta varten.<\/li>\n<\/ul>\n<ul>\n<li>Materiaali: t\u00e4ysi mangopuu, jauhemaalattu rauta<\/li>\n<li>Mitat: 50 x 40 x 78 cm (L x S x K)<\/li>\n<li>Maksimikantavuus (per istuin): 110 kg<\/li>\n<li><strong>Toimitus sis\u00e4lt\u00e4\u00e4:<\/strong><\/li>\n<li>2 x Gavin baarijakkara<\/li>\n<\/ul>\n","protected":false},"excerpt":{"rendered":"<ul>\n<li>Materiaali: t\u00e4ysi mangopuu, jauhemaalattu rauta<\/li>\n<li>Mitat: 50 x 40 x 78 cm (L x S x K)<\/li>\n<li>Maksimikantavuus (per istuin): 110 kg<\/li>\n<li><strong>Toimitus sis\u00e4lt\u00e4\u00e4:<\/strong><\/li>\n<li>2 x Gavin baarijakkara<\/li>\n<\/ul>\n","protected":false},"featured_media":10000094197,"comment_status":"closed","ping_status":"closed","template":"","meta":[],"product_brand":[],"product_cat":[8536,84],"product_tag":[],"class_list":{"0":"post-94197","1":"product","2":"type-product","3":"status-publish","4":"has-post-thumbnail","6":"product_cat-baarijakkarat","7":"product_cat-huonekalut","9":"first","10":"instock","11":"taxable","12":"shipping-taxable","13":"purchasable","14":"product-type-simple"},"_links":{"self":[{"href":"https:\/\/www.otiumhome.fi\/index.php\/wp-json\/wp\/v2\/product\/94197","targetHints":{"allow":["GET"]}}],"collection":[{"href":"https:\/\/www.otiumhome.fi\/index.php\/wp-json\/wp\/v2\/product"}],"about":[{"href":"https:\/\/www.otiumhome.fi\/index.php\/wp-json\/wp\/v2\/types\/product"}],"replies":[{"embeddable":true,"href":"https:\/\/www.otiumhome.fi\/index.php\/wp-json\/wp\/v2\/comments?post=94197"}],"wp:featuredmedia":[{"embeddable":true,"href":"https:\/\/www.otiumhome.fi\/index.php\/wp-json\/"}],"wp:attachment":[{"href":"https:\/\/www.otiumhome.fi\/index.php\/wp-json\/wp\/v2\/media?parent=94197"}],"wp:term":[{"taxonomy":"product_brand","embeddable":true,"href":"https:\/\/www.otiumhome.fi\/index.php\/wp-json\/wp\/v2\/product_brand?post=94197"},{"taxonomy":"product_cat","embeddable":true,"href":"https:\/\/www.otiumhome.fi\/index.php\/wp-json\/wp\/v2\/product_cat?post=94197"},{"taxonomy":"product_tag","embeddable":true,"href":"https:\/\/www.otiumhome.fi\/index.php\/wp-json\/wp\/v2\/product_tag?post=94197"}],"curies":[{"name":"wp","href":"https:\/\/api.w.org\/{rel}","templated":true}]}}