{"id":94181,"date":"2024-12-15T08:34:56","date_gmt":"2024-12-15T08:34:56","guid":{"rendered":"https:\/\/www.otiumhome.fi\/?p=94181"},"modified":"2025-12-14T04:43:28","modified_gmt":"2025-12-14T04:43:28","slug":"baarijakkarat-2-kpl-66-cm-taysi-mangopuu","status":"publish","type":"product","link":"https:\/\/www.otiumhome.fi\/index.php\/tuote\/baarijakkarat-2-kpl-66-cm-taysi-mangopuu\/","title":{"rendered":"Baarijakkarat 2 kpl 66 cm t\u00e4ysi mangopuu"},"content":{"rendered":"<p>Nauti muutamasta siemauksesta viini\u00e4, haukkaa v\u00e4lipala tai vain rentoudu istuessasi mangopuisilla baarijakkaroilla.<\/p>\n<\/p>\n<p>T\u00e4ysi mangopuu on trooppinen lehtipuu, jolla on kyky\u00e4 kantaa painoa ja kest\u00e4\u00e4 ajan patinaa. Erinomainen k\u00e4sity\u00f6taito ja kauniit puun pintakuviot tekev\u00e4t jokaisesta baarijakkarasta hieman erilaisen kuin seuraavasta. Jauhemaalattu rautajalusta tekee jakkaroista eritt\u00e4in vakaat. Pubituoleissa on sis\u00e4\u00e4nrakennettu jalkatuki mukavampaa istumista varten.<\/p>\n<\/p>\n<p>T\u00e4rke\u00e4 huomio: V\u00e4rit ja pintakuviot saattavat vaihdella kappaleesta toiseen, mik\u00e4 tekee jokaisesta puisesta baarijakkarasta ainutlaatuisen ja hieman erilaisen kuin muut. Toimitus on my\u00f6s satunnainen.<\/p>\n<ul>\n<li>Materiaali: t\u00e4ysi mangopuu luonnollisella viimeistelyll\u00e4, jauhemaalattu rauta<\/li>\n<li>Mitat: 40 x 66 cm (Halkaisija x K)<\/li>\n<li>Asennus vaaditaan: kyll\u00e4<\/li>\n<li><strong>Toimitus sis\u00e4lt\u00e4\u00e4:<\/strong><\/li>\n<li>2 x baarijakkara<\/li>\n<\/ul>\n","protected":false},"excerpt":{"rendered":"<ul>\n<li>Materiaali: t\u00e4ysi mangopuu luonnollisella viimeistelyll\u00e4, jauhemaalattu rauta<\/li>\n<li>Mitat: 40 x 66 cm (Halkaisija x K)<\/li>\n<li>Asennus vaaditaan: kyll\u00e4<\/li>\n<li><strong>Toimitus sis\u00e4lt\u00e4\u00e4:<\/strong><\/li>\n<li>2 x baarijakkara<\/li>\n<\/ul>\n","protected":false},"featured_media":10000094181,"comment_status":"closed","ping_status":"closed","template":"","meta":[],"product_brand":[],"product_cat":[8536,84],"product_tag":[],"class_list":{"0":"post-94181","1":"product","2":"type-product","3":"status-publish","4":"has-post-thumbnail","6":"product_cat-baarijakkarat","7":"product_cat-huonekalut","9":"first","10":"instock","11":"taxable","12":"shipping-taxable","13":"purchasable","14":"product-type-simple"},"_links":{"self":[{"href":"https:\/\/www.otiumhome.fi\/index.php\/wp-json\/wp\/v2\/product\/94181","targetHints":{"allow":["GET"]}}],"collection":[{"href":"https:\/\/www.otiumhome.fi\/index.php\/wp-json\/wp\/v2\/product"}],"about":[{"href":"https:\/\/www.otiumhome.fi\/index.php\/wp-json\/wp\/v2\/types\/product"}],"replies":[{"embeddable":true,"href":"https:\/\/www.otiumhome.fi\/index.php\/wp-json\/wp\/v2\/comments?post=94181"}],"wp:featuredmedia":[{"embeddable":true,"href":"https:\/\/www.otiumhome.fi\/index.php\/wp-json\/"}],"wp:attachment":[{"href":"https:\/\/www.otiumhome.fi\/index.php\/wp-json\/wp\/v2\/media?parent=94181"}],"wp:term":[{"taxonomy":"product_brand","embeddable":true,"href":"https:\/\/www.otiumhome.fi\/index.php\/wp-json\/wp\/v2\/product_brand?post=94181"},{"taxonomy":"product_cat","embeddable":true,"href":"https:\/\/www.otiumhome.fi\/index.php\/wp-json\/wp\/v2\/product_cat?post=94181"},{"taxonomy":"product_tag","embeddable":true,"href":"https:\/\/www.otiumhome.fi\/index.php\/wp-json\/wp\/v2\/product_tag?post=94181"}],"curies":[{"name":"wp","href":"https:\/\/api.w.org\/{rel}","templated":true}]}}