{"id":94175,"date":"2024-12-15T08:34:56","date_gmt":"2024-12-15T08:34:56","guid":{"rendered":"https:\/\/www.otiumhome.fi\/?p=94175"},"modified":"2025-06-06T15:34:08","modified_gmt":"2025-06-06T15:34:08","slug":"baarijakkara-musta-valurauta","status":"publish","type":"product","link":"https:\/\/www.otiumhome.fi\/index.php\/tuote\/baarijakkara-musta-valurauta\/","title":{"rendered":"Baarijakkara musta valurauta"},"content":{"rendered":"<p>Lis\u00e4\u00e4 sisustukseesi heti retrotyyli\u00e4 t\u00e4m\u00e4n elegantin baarijakkaran avulla! Mukavassa baarijakkarassa on huomiota her\u00e4tt\u00e4v\u00e4, esteettisesti miellytt\u00e4v\u00e4 vintagetyyli.<\/p>\n<\/p>\n<p>Tyylik\u00e4s ja yksinkertainen valurautarakenne takaa vankan tukevuuden ja lis\u00e4\u00e4 istumamukavuutta. S\u00e4\u00e4dett\u00e4v\u00e4n korkeuden ansiosta voit s\u00e4\u00e4t\u00e4\u00e4 tuolin itsellesi sopivaan korkeuteen ja nauttia vapaa-ajastasi. Tuolin jalkatuet varmistavat optimaalisen mukavuuden. Tyylik\u00e4s, yksinkertainen ja kest\u00e4v\u00e4 valurautainen baarijakkara on ihanteellinen kotiin, baareihin ja kahviloihin.<\/p>\n<ul>\n<li>V\u00e4ri: musta<\/li>\n<li>Materiaali: musta valurauta<\/li>\n<li>Mitat: 43 x 32 x (65-76) cm (L x S x K)<\/li>\n<li>Istuimen koko: 43 x 32 cm (P x L)<\/li>\n<li>Alustan koko: 30 x 30 cm (P x L)<\/li>\n<li>Viimeistely: hiottu ja p\u00e4\u00e4llystetty<\/li>\n<li>Jalkatuen korkeus: 27 cm<\/li>\n<li>Sis\u00e4lt\u00e4\u00e4 jalkatuen<\/li>\n<li>S\u00e4\u00e4dett\u00e4v\u00e4 korkeus<\/li>\n<li>Kokoonpano vaaditaan: Ei<\/li>\n<\/ul>\n","protected":false},"excerpt":{"rendered":"<ul>\n<li>V\u00e4ri: musta<\/li>\n<li>Materiaali: musta valurauta<\/li>\n<li>Mitat: 43 x 32 x (65-76) cm (L x S x K)<\/li>\n<li>Istuimen koko: 43 x 32 cm (P x L)<\/li>\n<li>Alustan koko: 30 x 30 cm (P x L)<\/li>\n<li>Viimeistely: hiottu ja p\u00e4\u00e4llystetty<\/li>\n<li>Jalkatuen korkeus: 27 cm<\/li>\n<li>Sis\u00e4lt\u00e4\u00e4 jalkatuen<\/li>\n<li>S\u00e4\u00e4dett\u00e4v\u00e4 korkeus<\/li>\n<li>Kokoonpano vaaditaan: Ei<\/li>\n<\/ul>\n","protected":false},"featured_media":10000094175,"comment_status":"closed","ping_status":"closed","template":"","meta":[],"product_brand":[],"product_cat":[8536,84],"product_tag":[],"class_list":{"0":"post-94175","1":"product","2":"type-product","3":"status-publish","4":"has-post-thumbnail","6":"product_cat-baarijakkarat","7":"product_cat-huonekalut","9":"first","10":"instock","11":"taxable","12":"shipping-taxable","13":"purchasable","14":"product-type-simple"},"_links":{"self":[{"href":"https:\/\/www.otiumhome.fi\/index.php\/wp-json\/wp\/v2\/product\/94175","targetHints":{"allow":["GET"]}}],"collection":[{"href":"https:\/\/www.otiumhome.fi\/index.php\/wp-json\/wp\/v2\/product"}],"about":[{"href":"https:\/\/www.otiumhome.fi\/index.php\/wp-json\/wp\/v2\/types\/product"}],"replies":[{"embeddable":true,"href":"https:\/\/www.otiumhome.fi\/index.php\/wp-json\/wp\/v2\/comments?post=94175"}],"wp:featuredmedia":[{"embeddable":true,"href":"https:\/\/www.otiumhome.fi\/index.php\/wp-json\/"}],"wp:attachment":[{"href":"https:\/\/www.otiumhome.fi\/index.php\/wp-json\/wp\/v2\/media?parent=94175"}],"wp:term":[{"taxonomy":"product_brand","embeddable":true,"href":"https:\/\/www.otiumhome.fi\/index.php\/wp-json\/wp\/v2\/product_brand?post=94175"},{"taxonomy":"product_cat","embeddable":true,"href":"https:\/\/www.otiumhome.fi\/index.php\/wp-json\/wp\/v2\/product_cat?post=94175"},{"taxonomy":"product_tag","embeddable":true,"href":"https:\/\/www.otiumhome.fi\/index.php\/wp-json\/wp\/v2\/product_tag?post=94175"}],"curies":[{"name":"wp","href":"https:\/\/api.w.org\/{rel}","templated":true}]}}