{"id":94174,"date":"2024-12-15T08:34:56","date_gmt":"2024-12-15T08:34:56","guid":{"rendered":"https:\/\/www.otiumhome.fi\/?p=94174"},"modified":"2025-12-14T04:43:27","modified_gmt":"2025-12-14T04:43:27","slug":"baarijakkarat-4-kpl-taysi-akaasiapuu","status":"publish","type":"product","link":"https:\/\/www.otiumhome.fi\/index.php\/tuote\/baarijakkarat-4-kpl-taysi-akaasiapuu\/","title":{"rendered":"Baarijakkarat 4 kpl t\u00e4ysi akaasiapuu"},"content":{"rendered":"<p>N\u00e4iden puisten baarituolien \u00e4\u00e4rell\u00e4 voit siemailla viini\u00e4, haukata v\u00e4lipalaa tai rentoutua perheesi ja yst\u00e4viesi kesken!   <\/p>\n<\/p>\n<p>N\u00e4m\u00e4 baarijakkarat on valmistettu t\u00e4ydest\u00e4 akaasiapuusta, joka on tihe\u00e4syinen kovapuu. Kauniisti muotoillut saarekkeen jakkarat ovat vakaita, kest\u00e4vi\u00e4 ja katseet vangitsevia. Lis\u00e4ksi taidokas k\u00e4sity\u00f6n j\u00e4lki ja kauniit puun kuviot tekev\u00e4t jokaisesta huonekalusta hieman toisista poikkeavan. Pubijakkaroissa on sis\u00e4\u00e4nrakennettu jalkatuki parempaa istumamukavuutta varten.   <\/p>\n<\/p>\n<p>T\u00e4rke\u00e4 huomio: V\u00e4rit ja pintakuviot saattavat vaihdella kappaleesta toiseen, mik\u00e4 tekee jokaisesta kappaleesta ainutlaatuisen ja hieman erilaisen kuin muut. Toimitus on satunnainen.<\/p>\n<ul>\n<li>Materiaali: t\u00e4ysi akaasiapuu luonnollisella viimeistelyll\u00e4, mustaksi jauhemaalattu rauta<\/li>\n<li>Mitat: 38 x 36 x 74 cm (L x S x K)<\/li>\n<li>Jalkatuen halkaisija: 44 cm<\/li>\n<li>Asennus vaaditaan: kyll\u00e4<\/li>\n<li><strong>Toimitus sis\u00e4lt\u00e4\u00e4:<\/strong><\/li>\n<li>4 x baarituoli<\/li>\n<\/ul>\n","protected":false},"excerpt":{"rendered":"<ul>\n<li>Materiaali: t\u00e4ysi akaasiapuu luonnollisella viimeistelyll\u00e4, mustaksi jauhemaalattu rauta<\/li>\n<li>Mitat: 38 x 36 x 74 cm (L x S x K)<\/li>\n<li>Jalkatuen halkaisija: 44 cm<\/li>\n<li>Asennus vaaditaan: kyll\u00e4<\/li>\n<li><strong>Toimitus sis\u00e4lt\u00e4\u00e4:<\/strong><\/li>\n<li>4 x baarituoli<\/li>\n<\/ul>\n","protected":false},"featured_media":10000094174,"comment_status":"closed","ping_status":"closed","template":"","meta":[],"product_brand":[],"product_cat":[8536,84],"product_tag":[],"class_list":{"0":"post-94174","1":"product","2":"type-product","3":"status-publish","4":"has-post-thumbnail","6":"product_cat-baarijakkarat","7":"product_cat-huonekalut","9":"first","10":"instock","11":"taxable","12":"shipping-taxable","13":"purchasable","14":"product-type-simple"},"_links":{"self":[{"href":"https:\/\/www.otiumhome.fi\/index.php\/wp-json\/wp\/v2\/product\/94174","targetHints":{"allow":["GET"]}}],"collection":[{"href":"https:\/\/www.otiumhome.fi\/index.php\/wp-json\/wp\/v2\/product"}],"about":[{"href":"https:\/\/www.otiumhome.fi\/index.php\/wp-json\/wp\/v2\/types\/product"}],"replies":[{"embeddable":true,"href":"https:\/\/www.otiumhome.fi\/index.php\/wp-json\/wp\/v2\/comments?post=94174"}],"wp:featuredmedia":[{"embeddable":true,"href":"https:\/\/www.otiumhome.fi\/index.php\/wp-json\/"}],"wp:attachment":[{"href":"https:\/\/www.otiumhome.fi\/index.php\/wp-json\/wp\/v2\/media?parent=94174"}],"wp:term":[{"taxonomy":"product_brand","embeddable":true,"href":"https:\/\/www.otiumhome.fi\/index.php\/wp-json\/wp\/v2\/product_brand?post=94174"},{"taxonomy":"product_cat","embeddable":true,"href":"https:\/\/www.otiumhome.fi\/index.php\/wp-json\/wp\/v2\/product_cat?post=94174"},{"taxonomy":"product_tag","embeddable":true,"href":"https:\/\/www.otiumhome.fi\/index.php\/wp-json\/wp\/v2\/product_tag?post=94174"}],"curies":[{"name":"wp","href":"https:\/\/api.w.org\/{rel}","templated":true}]}}