{"id":94170,"date":"2024-12-15T08:34:56","date_gmt":"2024-12-15T08:34:56","guid":{"rendered":"https:\/\/www.otiumhome.fi\/?p=94170"},"modified":"2025-12-14T04:43:27","modified_gmt":"2025-12-14T04:43:27","slug":"baarijakkarat-4-kpl-taysi-mangopuu","status":"publish","type":"product","link":"https:\/\/www.otiumhome.fi\/index.php\/tuote\/baarijakkarat-4-kpl-taysi-mangopuu\/","title":{"rendered":"Baarijakkarat 4 kpl t\u00e4ysi mangopuu"},"content":{"rendered":"<p>N\u00e4iden puisten baarituolien \u00e4\u00e4rell\u00e4 voit siemailla viini\u00e4, haukata v\u00e4lipalaa tai rentoutua perheesi ja yst\u00e4viesi kesken!<\/p>\n<\/p>\n<p>N\u00e4m\u00e4 baarituolit on valmistettu t\u00e4ydest\u00e4 mangopuusta, trooppisesta lehtipuusta, joilla on kyky\u00e4 kantaa painoa ja kest\u00e4\u00e4 ajan patinaa. Erinomainen k\u00e4sity\u00f6taito ja kauniit puun pintakuviot tekev\u00e4t jokaisesta baarijakkarasta hieman erilaisen kuin seuraavasta. Tuoleissa on valkaistu viimeistely ja ne ovat upea lis\u00e4 kotisi sisustukseen. N\u00e4m\u00e4 pubijakkarat sis\u00e4lt\u00e4v\u00e4t sis\u00e4\u00e4nrakennetun jalkatuen istumamukavuuden lis\u00e4\u00e4miseksi.<\/p>\n<\/p>\n<p>T\u00e4rke\u00e4 huomio: V\u00e4rit ja pintakuviot saattavat vaihdella kappaleesta toiseen, mik\u00e4 tekee jokaisesta kappaleesta ainutlaatuisen ja hieman erilaisen kuin muut. Toimitus on satunnainen.<\/p>\n<ul>\n<li>Materiaali: valkaistu t\u00e4ysi mangopuu, rauta mustalla jauhemaalilla<\/li>\n<li>Mitat: 38 x 36 x 74 cm (L x S x K)<\/li>\n<li>Jalkatuen halkaisija: 44 cm<\/li>\n<li>Asennus vaaditaan: kyll\u00e4<\/li>\n<li><strong>Toimitus sis\u00e4lt\u00e4\u00e4:<\/strong><\/li>\n<li>4 x baarituoli<\/li>\n<\/ul>\n","protected":false},"excerpt":{"rendered":"<ul>\n<li>Materiaali: valkaistu t\u00e4ysi mangopuu, rauta mustalla jauhemaalilla<\/li>\n<li>Mitat: 38 x 36 x 74 cm (L x S x K)<\/li>\n<li>Jalkatuen halkaisija: 44 cm<\/li>\n<li>Asennus vaaditaan: kyll\u00e4<\/li>\n<li><strong>Toimitus sis\u00e4lt\u00e4\u00e4:<\/strong><\/li>\n<li>4 x baarituoli<\/li>\n<\/ul>\n","protected":false},"featured_media":10000094170,"comment_status":"closed","ping_status":"closed","template":"","meta":[],"product_brand":[],"product_cat":[8536,84],"product_tag":[],"class_list":{"0":"post-94170","1":"product","2":"type-product","3":"status-publish","4":"has-post-thumbnail","6":"product_cat-baarijakkarat","7":"product_cat-huonekalut","9":"first","10":"instock","11":"taxable","12":"shipping-taxable","13":"purchasable","14":"product-type-simple"},"_links":{"self":[{"href":"https:\/\/www.otiumhome.fi\/index.php\/wp-json\/wp\/v2\/product\/94170","targetHints":{"allow":["GET"]}}],"collection":[{"href":"https:\/\/www.otiumhome.fi\/index.php\/wp-json\/wp\/v2\/product"}],"about":[{"href":"https:\/\/www.otiumhome.fi\/index.php\/wp-json\/wp\/v2\/types\/product"}],"replies":[{"embeddable":true,"href":"https:\/\/www.otiumhome.fi\/index.php\/wp-json\/wp\/v2\/comments?post=94170"}],"wp:featuredmedia":[{"embeddable":true,"href":"https:\/\/www.otiumhome.fi\/index.php\/wp-json\/"}],"wp:attachment":[{"href":"https:\/\/www.otiumhome.fi\/index.php\/wp-json\/wp\/v2\/media?parent=94170"}],"wp:term":[{"taxonomy":"product_brand","embeddable":true,"href":"https:\/\/www.otiumhome.fi\/index.php\/wp-json\/wp\/v2\/product_brand?post=94170"},{"taxonomy":"product_cat","embeddable":true,"href":"https:\/\/www.otiumhome.fi\/index.php\/wp-json\/wp\/v2\/product_cat?post=94170"},{"taxonomy":"product_tag","embeddable":true,"href":"https:\/\/www.otiumhome.fi\/index.php\/wp-json\/wp\/v2\/product_tag?post=94170"}],"curies":[{"name":"wp","href":"https:\/\/api.w.org\/{rel}","templated":true}]}}