{"id":94165,"date":"2024-12-15T08:34:55","date_gmt":"2024-12-15T08:34:55","guid":{"rendered":"https:\/\/www.otiumhome.fi\/?p=94165"},"modified":"2025-12-14T04:43:27","modified_gmt":"2025-12-14T04:43:27","slug":"baarijakkarat-4-kpl-harmaa-taysi-akaasiapuu","status":"publish","type":"product","link":"https:\/\/www.otiumhome.fi\/index.php\/tuote\/baarijakkarat-4-kpl-harmaa-taysi-akaasiapuu\/","title":{"rendered":"Baarijakkarat 4 kpl harmaa t\u00e4ysi akaasiapuu"},"content":{"rendered":"<p>T\u00e4m\u00e4 puinen baarituolisarja on erinomainen lis\u00e4 ulkotilaasi.<\/p>\n<\/p>\n<p>T\u00e4ydest\u00e4 akaasiapuusta valmistetut baarijakkarat ovat s\u00e4\u00e4nkest\u00e4vi\u00e4 ja lujatekoisia. Selk\u00e4noja ja jalkatuki antavat oman lis\u00e4ns\u00e4 jakkaroiden istumamukavuuteen. Ne sopivat my\u00f6s kaupalliseen k\u00e4ytt\u00f6\u00f6n pubeissa ja ravintoloissa.<\/p>\n<ul>\n<li>Materiaali: t\u00e4ysi akaasiapuu, harmaa kuultoviimeistely<\/li>\n<li>Kokonaismitat: 40 x 36,5 x 110 cm (P x L x K)<\/li>\n<li>Selk\u00e4noja<\/li>\n<li>Asennus vaaditaan: kyll\u00e4<\/li>\n<li><strong>Toimitus sis\u00e4lt\u00e4\u00e4:<\/strong><\/li>\n<li>4 x baarituoli<\/li>\n<\/ul>\n","protected":false},"excerpt":{"rendered":"<ul>\n<li>Materiaali: t\u00e4ysi akaasiapuu, harmaa kuultoviimeistely<\/li>\n<li>Kokonaismitat: 40 x 36,5 x 110 cm (P x L x K)<\/li>\n<li>Selk\u00e4noja<\/li>\n<li>Asennus vaaditaan: kyll\u00e4<\/li>\n<li><strong>Toimitus sis\u00e4lt\u00e4\u00e4:<\/strong><\/li>\n<li>4 x baarituoli<\/li>\n<\/ul>\n","protected":false},"featured_media":10000094165,"comment_status":"closed","ping_status":"closed","template":"","meta":[],"product_brand":[],"product_cat":[8536,84],"product_tag":[],"class_list":{"0":"post-94165","1":"product","2":"type-product","3":"status-publish","4":"has-post-thumbnail","6":"product_cat-baarijakkarat","7":"product_cat-huonekalut","9":"first","10":"instock","11":"taxable","12":"shipping-taxable","13":"purchasable","14":"product-type-simple"},"_links":{"self":[{"href":"https:\/\/www.otiumhome.fi\/index.php\/wp-json\/wp\/v2\/product\/94165","targetHints":{"allow":["GET"]}}],"collection":[{"href":"https:\/\/www.otiumhome.fi\/index.php\/wp-json\/wp\/v2\/product"}],"about":[{"href":"https:\/\/www.otiumhome.fi\/index.php\/wp-json\/wp\/v2\/types\/product"}],"replies":[{"embeddable":true,"href":"https:\/\/www.otiumhome.fi\/index.php\/wp-json\/wp\/v2\/comments?post=94165"}],"wp:featuredmedia":[{"embeddable":true,"href":"https:\/\/www.otiumhome.fi\/index.php\/wp-json\/"}],"wp:attachment":[{"href":"https:\/\/www.otiumhome.fi\/index.php\/wp-json\/wp\/v2\/media?parent=94165"}],"wp:term":[{"taxonomy":"product_brand","embeddable":true,"href":"https:\/\/www.otiumhome.fi\/index.php\/wp-json\/wp\/v2\/product_brand?post=94165"},{"taxonomy":"product_cat","embeddable":true,"href":"https:\/\/www.otiumhome.fi\/index.php\/wp-json\/wp\/v2\/product_cat?post=94165"},{"taxonomy":"product_tag","embeddable":true,"href":"https:\/\/www.otiumhome.fi\/index.php\/wp-json\/wp\/v2\/product_tag?post=94165"}],"curies":[{"name":"wp","href":"https:\/\/api.w.org\/{rel}","templated":true}]}}