{"id":94160,"date":"2024-12-15T08:34:55","date_gmt":"2024-12-15T08:34:55","guid":{"rendered":"https:\/\/www.otiumhome.fi\/?p=94160"},"modified":"2025-12-14T04:43:27","modified_gmt":"2025-12-14T04:43:27","slug":"baarijakkarat-4-kpl-musta-teras","status":"publish","type":"product","link":"https:\/\/www.otiumhome.fi\/index.php\/tuote\/baarijakkarat-4-kpl-musta-teras\/","title":{"rendered":"Baarijakkarat 4 kpl musta ter\u00e4s"},"content":{"rendered":"<p>T\u00e4m\u00e4 baarijakkarasarja, joka on yksinkertaisen elegantti, sis\u00e4lt\u00e4\u00e4 4 osaa ja on loistava lis\u00e4 ruokasaliin tai keitti\u00f6\u00f6n.<\/p>\n<\/p>\n<p>Jakkarat on valmistettu jauhemaalatusta ter\u00e4ksest\u00e4, joka tekee niist\u00e4 eritt\u00e4in lujatekoiset, kest\u00e4v\u00e4t ja helpot puhdistaa kostealla liinalla pyyhkien. Vahvistetut jalat tuovat jakkaroille lis\u00e4vakautta.<\/p>\n<\/p>\n<p>Toimitus sis\u00e4lt\u00e4\u00e4 4 baarijakkaraa.<\/p>\n<ul>\n<li>V\u00e4ri: musta<\/li>\n<li>Materiaali: jauhemaalattu ter\u00e4s<\/li>\n<li>Mitat: 42 x 42 x 71 cm (L x S x K)<\/li>\n<li><strong>Toimitus sis\u00e4lt\u00e4\u00e4:<\/strong><\/li>\n<li>4 x baarijakkara<\/li>\n<\/ul>\n","protected":false},"excerpt":{"rendered":"<ul>\n<li>V\u00e4ri: musta<\/li>\n<li>Materiaali: jauhemaalattu ter\u00e4s<\/li>\n<li>Mitat: 42 x 42 x 71 cm (L x S x K)<\/li>\n<li><strong>Toimitus sis\u00e4lt\u00e4\u00e4:<\/strong><\/li>\n<li>4 x baarijakkara<\/li>\n<\/ul>\n","protected":false},"featured_media":10000094160,"comment_status":"closed","ping_status":"closed","template":"","meta":[],"product_brand":[],"product_cat":[8536,84],"product_tag":[],"class_list":{"0":"post-94160","1":"product","2":"type-product","3":"status-publish","4":"has-post-thumbnail","6":"product_cat-baarijakkarat","7":"product_cat-huonekalut","9":"first","10":"instock","11":"taxable","12":"shipping-taxable","13":"purchasable","14":"product-type-simple"},"_links":{"self":[{"href":"https:\/\/www.otiumhome.fi\/index.php\/wp-json\/wp\/v2\/product\/94160","targetHints":{"allow":["GET"]}}],"collection":[{"href":"https:\/\/www.otiumhome.fi\/index.php\/wp-json\/wp\/v2\/product"}],"about":[{"href":"https:\/\/www.otiumhome.fi\/index.php\/wp-json\/wp\/v2\/types\/product"}],"replies":[{"embeddable":true,"href":"https:\/\/www.otiumhome.fi\/index.php\/wp-json\/wp\/v2\/comments?post=94160"}],"wp:featuredmedia":[{"embeddable":true,"href":"https:\/\/www.otiumhome.fi\/index.php\/wp-json\/"}],"wp:attachment":[{"href":"https:\/\/www.otiumhome.fi\/index.php\/wp-json\/wp\/v2\/media?parent=94160"}],"wp:term":[{"taxonomy":"product_brand","embeddable":true,"href":"https:\/\/www.otiumhome.fi\/index.php\/wp-json\/wp\/v2\/product_brand?post=94160"},{"taxonomy":"product_cat","embeddable":true,"href":"https:\/\/www.otiumhome.fi\/index.php\/wp-json\/wp\/v2\/product_cat?post=94160"},{"taxonomy":"product_tag","embeddable":true,"href":"https:\/\/www.otiumhome.fi\/index.php\/wp-json\/wp\/v2\/product_tag?post=94160"}],"curies":[{"name":"wp","href":"https:\/\/api.w.org\/{rel}","templated":true}]}}