{"id":94153,"date":"2024-12-15T08:34:55","date_gmt":"2024-12-15T08:34:55","guid":{"rendered":"https:\/\/www.otiumhome.fi\/?p=94153"},"modified":"2025-12-14T04:43:27","modified_gmt":"2025-12-14T04:43:27","slug":"baarijakkarat-4-kpl-karkea-mangopuu","status":"publish","type":"product","link":"https:\/\/www.otiumhome.fi\/index.php\/tuote\/baarijakkarat-4-kpl-karkea-mangopuu\/","title":{"rendered":"Baarijakkarat 4 kpl karkea mangopuu"},"content":{"rendered":"<p>Puisissa baarijakkaroissamme on ainutlaatuinen teollinen tyyli, t\u00e4m\u00e4 tekee niist\u00e4 erottuvan lis\u00e4n mihin tahansa kotiin, baariin tai ravintolaan.<\/p>\n<\/p>\n<p>Baarijakkarat on valmistettu karkeasta mangopuusta, joka on hyvin painoa kantava trooppinen kovapuu. Se kest\u00e4\u00e4 my\u00f6s ajan tuomaa kulumista, joten se on vankka ja kest\u00e4v\u00e4. K\u00e4sity\u00f6n j\u00e4lki ja kauniit puun pintakuviot tekev\u00e4t jokaisesta huonekalusta ainutlaatuisen ja hieman toisistaan eroavan. Lis\u00e4ksi jauhemaalattu rautajalusta integroidulla jalkatuella tarjoaa jakkaralle lis\u00e4\u00e4 vakautta.<\/p>\n<\/p>\n<p>T\u00e4rke\u00e4 huomio: V\u00e4rit vaihtelevat kappaleittain, tehden jokaisesta kappaleesta ainutlaatuisen. Toimitus on sattumanvarainen.<\/p>\n<ul>\n<li>V\u00e4ri: ruskea ja musta<\/li>\n<li>Materiaali: karkea mangopuu, rauta<\/li>\n<li>Mitat: 30 x 73 cm (Halkaisija x K)<\/li>\n<li>Sis\u00e4\u00e4nrakennetuilla jalkatuilla<\/li>\n<li>Asennus vaaditaan: kyll\u00e4<\/li>\n<li><strong>Toimitus sis\u00e4lt\u00e4\u00e4:<\/strong><\/li>\n<li>4 x baarituoli<\/li>\n<\/ul>\n","protected":false},"excerpt":{"rendered":"<ul>\n<li>V\u00e4ri: ruskea ja musta<\/li>\n<li>Materiaali: karkea mangopuu, rauta<\/li>\n<li>Mitat: 30 x 73 cm (Halkaisija x K)<\/li>\n<li>Sis\u00e4\u00e4nrakennetuilla jalkatuilla<\/li>\n<li>Asennus vaaditaan: kyll\u00e4<\/li>\n<li><strong>Toimitus sis\u00e4lt\u00e4\u00e4:<\/strong><\/li>\n<li>4 x baarituoli<\/li>\n<\/ul>\n","protected":false},"featured_media":10000094153,"comment_status":"closed","ping_status":"closed","template":"","meta":[],"product_brand":[],"product_cat":[8536,84],"product_tag":[],"class_list":{"0":"post-94153","1":"product","2":"type-product","3":"status-publish","4":"has-post-thumbnail","6":"product_cat-baarijakkarat","7":"product_cat-huonekalut","9":"first","10":"instock","11":"taxable","12":"shipping-taxable","13":"purchasable","14":"product-type-simple"},"_links":{"self":[{"href":"https:\/\/www.otiumhome.fi\/index.php\/wp-json\/wp\/v2\/product\/94153","targetHints":{"allow":["GET"]}}],"collection":[{"href":"https:\/\/www.otiumhome.fi\/index.php\/wp-json\/wp\/v2\/product"}],"about":[{"href":"https:\/\/www.otiumhome.fi\/index.php\/wp-json\/wp\/v2\/types\/product"}],"replies":[{"embeddable":true,"href":"https:\/\/www.otiumhome.fi\/index.php\/wp-json\/wp\/v2\/comments?post=94153"}],"wp:featuredmedia":[{"embeddable":true,"href":"https:\/\/www.otiumhome.fi\/index.php\/wp-json\/"}],"wp:attachment":[{"href":"https:\/\/www.otiumhome.fi\/index.php\/wp-json\/wp\/v2\/media?parent=94153"}],"wp:term":[{"taxonomy":"product_brand","embeddable":true,"href":"https:\/\/www.otiumhome.fi\/index.php\/wp-json\/wp\/v2\/product_brand?post=94153"},{"taxonomy":"product_cat","embeddable":true,"href":"https:\/\/www.otiumhome.fi\/index.php\/wp-json\/wp\/v2\/product_cat?post=94153"},{"taxonomy":"product_tag","embeddable":true,"href":"https:\/\/www.otiumhome.fi\/index.php\/wp-json\/wp\/v2\/product_tag?post=94153"}],"curies":[{"name":"wp","href":"https:\/\/api.w.org\/{rel}","templated":true}]}}