{"id":94151,"date":"2024-12-15T08:34:54","date_gmt":"2024-12-15T08:34:54","guid":{"rendered":"https:\/\/www.otiumhome.fi\/?p=94151"},"modified":"2025-12-14T04:43:27","modified_gmt":"2025-12-14T04:43:27","slug":"baarituolit-2-kpl-rottinki-musta","status":"publish","type":"product","link":"https:\/\/www.otiumhome.fi\/index.php\/tuote\/baarituolit-2-kpl-rottinki-musta\/","title":{"rendered":"Baarituolit 2 kpl rottinki musta"},"content":{"rendered":"<p>Lis\u00e4\u00e4 luonnollista vieh\u00e4tysvoimaa sisustukseesi ainutlaatuisilla, luonnollisilla, rottinkisilla baarituoleillamme! Ne ovat t\u00e4ydellinen yhdistelm\u00e4 tyyli\u00e4 ja toiminnallisuutta, ja niist\u00e4 tulee katseenvangitsija keitti\u00f6ss\u00e4si tai olohuoneessasi!<\/p>\n<\/p>\n<p>Rottinkisen istuimen ja selk\u00e4nojan ansiosta pubituoli on eritt\u00e4in mukava ja helppo puhdistaa kostealla liinalla. Lis\u00e4ksi vahvat metallijalat takaavat t\u00e4m\u00e4n huonekalusarjan vakauden ja kest\u00e4vyyden. Maalaistyyliset tuolit sopivat mihin tahansa sisustukseen ja ne on helppo koota.<\/p>\n<\/p>\n<p>Toimitus sis\u00e4lt\u00e4\u00e4 2 baarijakkaraa<\/p>\n<ul>\n<li>V\u00e4ri: musta<\/li>\n<li>Materiaali: luonnollinen rottinki + metallijalat<\/li>\n<li>Kokonaismitat: 46 x 48 x 79 cm (L x S x K)<\/li>\n<li>Istuimen syvyys: 37 cm<\/li>\n<li>Istuimen korkeus maasta: 62 cm<\/li>\n<li>Toimitukseen sis\u00e4ltyy 2 baarituolia<\/li>\n<\/ul>\n","protected":false},"excerpt":{"rendered":"<ul>\n<li>V\u00e4ri: musta<\/li>\n<li>Materiaali: luonnollinen rottinki + metallijalat<\/li>\n<li>Kokonaismitat: 46 x 48 x 79 cm (L x S x K)<\/li>\n<li>Istuimen syvyys: 37 cm<\/li>\n<li>Istuimen korkeus maasta: 62 cm<\/li>\n<li>Toimitukseen sis\u00e4ltyy 2 baarituolia<\/li>\n<\/ul>\n","protected":false},"featured_media":10000094151,"comment_status":"closed","ping_status":"closed","template":"","meta":[],"product_brand":[],"product_cat":[8536,84],"product_tag":[],"class_list":{"0":"post-94151","1":"product","2":"type-product","3":"status-publish","4":"has-post-thumbnail","6":"product_cat-baarijakkarat","7":"product_cat-huonekalut","9":"first","10":"instock","11":"taxable","12":"shipping-taxable","13":"purchasable","14":"product-type-simple"},"_links":{"self":[{"href":"https:\/\/www.otiumhome.fi\/index.php\/wp-json\/wp\/v2\/product\/94151","targetHints":{"allow":["GET"]}}],"collection":[{"href":"https:\/\/www.otiumhome.fi\/index.php\/wp-json\/wp\/v2\/product"}],"about":[{"href":"https:\/\/www.otiumhome.fi\/index.php\/wp-json\/wp\/v2\/types\/product"}],"replies":[{"embeddable":true,"href":"https:\/\/www.otiumhome.fi\/index.php\/wp-json\/wp\/v2\/comments?post=94151"}],"wp:featuredmedia":[{"embeddable":true,"href":"https:\/\/www.otiumhome.fi\/index.php\/wp-json\/"}],"wp:attachment":[{"href":"https:\/\/www.otiumhome.fi\/index.php\/wp-json\/wp\/v2\/media?parent=94151"}],"wp:term":[{"taxonomy":"product_brand","embeddable":true,"href":"https:\/\/www.otiumhome.fi\/index.php\/wp-json\/wp\/v2\/product_brand?post=94151"},{"taxonomy":"product_cat","embeddable":true,"href":"https:\/\/www.otiumhome.fi\/index.php\/wp-json\/wp\/v2\/product_cat?post=94151"},{"taxonomy":"product_tag","embeddable":true,"href":"https:\/\/www.otiumhome.fi\/index.php\/wp-json\/wp\/v2\/product_tag?post=94151"}],"curies":[{"name":"wp","href":"https:\/\/api.w.org\/{rel}","templated":true}]}}