{"id":94099,"date":"2024-12-15T08:34:52","date_gmt":"2024-12-15T08:34:52","guid":{"rendered":"https:\/\/www.otiumhome.fi\/?p=94099"},"modified":"2025-12-14T04:43:25","modified_gmt":"2025-12-14T04:43:25","slug":"baarijakkarat-2-kpl-taysi-uusiokaytetty-puu","status":"publish","type":"product","link":"https:\/\/www.otiumhome.fi\/index.php\/tuote\/baarijakkarat-2-kpl-taysi-uusiokaytetty-puu\/","title":{"rendered":"Baarijakkarat 2 kpl t\u00e4ysi uusiok\u00e4ytetty puu"},"content":{"rendered":"<p>N\u00e4m\u00e4 antiikkityyliset puusta valmistetut baarituolit huokuvat vintagetunnelmaa ja ne ovat taatusti ajaton lis\u00e4 kotiisi.<\/p>\n<\/p>\n<p>Baarituolit on valmistettu kiinte\u00e4st\u00e4 kierr\u00e4tetyst\u00e4 puusta, joka on per\u00e4isin purettujen vanhojen rakennusten pylv\u00e4ist\u00e4, lattioista ja tukipalkeista. Kierr\u00e4tetty puu voi koostua erilaisista puulajeista kuten m\u00e4nnyst\u00e4, tiikist\u00e4, py\u00f6kist\u00e4, tammesta sek\u00e4 setri-, mango- ja akaasiapuusta jne., joten se pit\u00e4\u00e4 sis\u00e4ll\u00e4\u00e4n kaikkien n\u00e4iden puiden ominaisuuksia. Kierr\u00e4tetty puu on vanhempaa, kulunutta ja kuivunutta, joten se ei kutistu tai taivu.<\/p>\n<\/p>\n<p>Kauniit pintakuviot tekev\u00e4t jokaisesta huonekalusta ainutlaatuisen ja hieman erilaisen kuin muut. Kulumisen j\u00e4ljet sek\u00e4 n\u00e4kyv\u00e4t pintakuviot antavat jokaiselle baarituolille oman historiansa sek\u00e4 ainutlaatuisen ilmeen. Jokainen ty\u00f6vaihe hiomisesta maalaukseen ja lakkaukseen, on suoritettu eritt\u00e4in huolellisesti. Ter\u00e4srungot tekev\u00e4t tuoleista vakaat ja jalkatuet mahdollistavat mukavan istumisasennon. Tuolit on helppo koota.<\/p>\n<\/p>\n<p>Toimitus sis\u00e4lt\u00e4\u00e4 2 baarituolia. T\u00e4rke\u00e4 huomio: v\u00e4rit vaihtelevat kappaleittain tehden jokaisesta baarituolista ainutlaatuisen; toimitus on sattumanvarainen.<\/p>\n<ul>\n<li>Materiaali: kierr\u00e4tyspuinen istuin + jauhemaalattu ter\u00e4srunko<\/li>\n<li>Kokonaismitat: 45 x 36 x 99 cm (L x S x K)<\/li>\n<li>Istuimen leveys: 35 cm<\/li>\n<li>Istuimen syvyys: 30 cm<\/li>\n<li>Istuimen korkeus maasta: 74 cm<\/li>\n<li>Hiottu, maalattu ja lakattu<\/li>\n<li>Helppo koota<\/li>\n<li>Toimitukseen sis\u00e4ltyy 2 baarituolia<\/li>\n<\/ul>\n","protected":false},"excerpt":{"rendered":"<ul>\n<li>Materiaali: kierr\u00e4tyspuinen istuin + jauhemaalattu ter\u00e4srunko<\/li>\n<li>Kokonaismitat: 45 x 36 x 99 cm (L x S x K)<\/li>\n<li>Istuimen leveys: 35 cm<\/li>\n<li>Istuimen syvyys: 30 cm<\/li>\n<li>Istuimen korkeus maasta: 74 cm<\/li>\n<li>Hiottu, maalattu ja lakattu<\/li>\n<li>Helppo koota<\/li>\n<li>Toimitukseen sis\u00e4ltyy 2 baarituolia<\/li>\n<\/ul>\n","protected":false},"featured_media":10000094099,"comment_status":"closed","ping_status":"closed","template":"","meta":[],"product_brand":[],"product_cat":[8536,84],"product_tag":[],"class_list":{"0":"post-94099","1":"product","2":"type-product","3":"status-publish","4":"has-post-thumbnail","6":"product_cat-baarijakkarat","7":"product_cat-huonekalut","9":"first","10":"instock","11":"taxable","12":"shipping-taxable","13":"purchasable","14":"product-type-simple"},"_links":{"self":[{"href":"https:\/\/www.otiumhome.fi\/index.php\/wp-json\/wp\/v2\/product\/94099","targetHints":{"allow":["GET"]}}],"collection":[{"href":"https:\/\/www.otiumhome.fi\/index.php\/wp-json\/wp\/v2\/product"}],"about":[{"href":"https:\/\/www.otiumhome.fi\/index.php\/wp-json\/wp\/v2\/types\/product"}],"replies":[{"embeddable":true,"href":"https:\/\/www.otiumhome.fi\/index.php\/wp-json\/wp\/v2\/comments?post=94099"}],"wp:featuredmedia":[{"embeddable":true,"href":"https:\/\/www.otiumhome.fi\/index.php\/wp-json\/"}],"wp:attachment":[{"href":"https:\/\/www.otiumhome.fi\/index.php\/wp-json\/wp\/v2\/media?parent=94099"}],"wp:term":[{"taxonomy":"product_brand","embeddable":true,"href":"https:\/\/www.otiumhome.fi\/index.php\/wp-json\/wp\/v2\/product_brand?post=94099"},{"taxonomy":"product_cat","embeddable":true,"href":"https:\/\/www.otiumhome.fi\/index.php\/wp-json\/wp\/v2\/product_cat?post=94099"},{"taxonomy":"product_tag","embeddable":true,"href":"https:\/\/www.otiumhome.fi\/index.php\/wp-json\/wp\/v2\/product_tag?post=94099"}],"curies":[{"name":"wp","href":"https:\/\/api.w.org\/{rel}","templated":true}]}}