{"id":94093,"date":"2024-12-15T08:34:51","date_gmt":"2024-12-15T08:34:51","guid":{"rendered":"https:\/\/www.otiumhome.fi\/?p=94093"},"modified":"2025-12-14T04:43:25","modified_gmt":"2025-12-14T04:43:25","slug":"baarijakkara-luonnollinen-rottinki","status":"publish","type":"product","link":"https:\/\/www.otiumhome.fi\/index.php\/tuote\/baarijakkara-luonnollinen-rottinki\/","title":{"rendered":"Baarijakkara luonnollinen rottinki"},"content":{"rendered":"<p>Jakkaramme luo hieman rustiikkista tunnelmaa sisustukseesi ja ne sopivat useaan paikkaan kuten koteihin, toimistoihin, kahviloihin, jne.<\/p>\n<\/p>\n<p>Jakkarassa on luonnollinen rottinki-istuin, mik\u00e4 tekee siit\u00e4 eritt\u00e4in mukavan istua ja helpon puhdistaa. T\u00e4t\u00e4 vieh\u00e4tt\u00e4v\u00e4\u00e4 k\u00e4sin punottua jakkaraa tukee kiinte\u00e4t tiikkijalat ja se on vakaa ja kest\u00e4v\u00e4. Sen kokoaminen on eritt\u00e4in helppoa.<\/p>\n<ul>\n<li>Materiaali: luonnollinen rottinki-istuin + kiinte\u00e4t tiikkijalat<\/li>\n<li>Mitat: 35 x 45 cm (halkaisija x K)<\/li>\n<li>Helppo koota<\/li>\n<\/ul>\n","protected":false},"excerpt":{"rendered":"<ul>\n<li>Materiaali: luonnollinen rottinki-istuin + kiinte\u00e4t tiikkijalat<\/li>\n<li>Mitat: 35 x 45 cm (halkaisija x K)<\/li>\n<li>Helppo koota<\/li>\n<\/ul>\n","protected":false},"featured_media":10000094093,"comment_status":"closed","ping_status":"closed","template":"","meta":[],"product_brand":[],"product_cat":[8536,84],"product_tag":[],"class_list":{"0":"post-94093","1":"product","2":"type-product","3":"status-publish","4":"has-post-thumbnail","6":"product_cat-baarijakkarat","7":"product_cat-huonekalut","9":"first","10":"instock","11":"taxable","12":"shipping-taxable","13":"purchasable","14":"product-type-simple"},"_links":{"self":[{"href":"https:\/\/www.otiumhome.fi\/index.php\/wp-json\/wp\/v2\/product\/94093","targetHints":{"allow":["GET"]}}],"collection":[{"href":"https:\/\/www.otiumhome.fi\/index.php\/wp-json\/wp\/v2\/product"}],"about":[{"href":"https:\/\/www.otiumhome.fi\/index.php\/wp-json\/wp\/v2\/types\/product"}],"replies":[{"embeddable":true,"href":"https:\/\/www.otiumhome.fi\/index.php\/wp-json\/wp\/v2\/comments?post=94093"}],"wp:featuredmedia":[{"embeddable":true,"href":"https:\/\/www.otiumhome.fi\/index.php\/wp-json\/"}],"wp:attachment":[{"href":"https:\/\/www.otiumhome.fi\/index.php\/wp-json\/wp\/v2\/media?parent=94093"}],"wp:term":[{"taxonomy":"product_brand","embeddable":true,"href":"https:\/\/www.otiumhome.fi\/index.php\/wp-json\/wp\/v2\/product_brand?post=94093"},{"taxonomy":"product_cat","embeddable":true,"href":"https:\/\/www.otiumhome.fi\/index.php\/wp-json\/wp\/v2\/product_cat?post=94093"},{"taxonomy":"product_tag","embeddable":true,"href":"https:\/\/www.otiumhome.fi\/index.php\/wp-json\/wp\/v2\/product_tag?post=94093"}],"curies":[{"name":"wp","href":"https:\/\/api.w.org\/{rel}","templated":true}]}}