{"id":94090,"date":"2024-12-15T08:34:51","date_gmt":"2024-12-15T08:34:51","guid":{"rendered":"https:\/\/www.otiumhome.fi\/?p=94090"},"modified":"2025-06-06T15:34:17","modified_gmt":"2025-06-06T15:34:17","slug":"baarijakkara-taysi-tiikki","status":"publish","type":"product","link":"https:\/\/www.otiumhome.fi\/index.php\/tuote\/baarijakkara-taysi-tiikki\/","title":{"rendered":"Baarijakkara t\u00e4ysi tiikki"},"content":{"rendered":"<p>T\u00e4m\u00e4 tiikkinen rosoisesti muotoiltu baarijakkara luo rustiikkista tunnelmaa ravintoloihin tai baareihin, mutta my\u00f6s olo- tai ruokailuhuoneeseen kotona.<\/p>\n<\/p>\n<p>Baarijakkara on valmistettu t\u00e4ydest\u00e4 tiikist\u00e4, mik\u00e4 tekee siit\u00e4 vakaan ja eritt\u00e4in kest\u00e4v\u00e4n. Istuimen kauniit puun pintakuviot tekev\u00e4t jokaisesta baarijakkarastamme ainutlaatuisen ja hieman erilaisen muista. Jalat ovat muotoiltu kaareviksi, mik\u00e4 korostaa entisest\u00e4\u00e4n sen rustiikkista tyyli\u00e4.<\/p>\n<\/p>\n<p>Huomioi: Puun pintakuviot ja jalan muodot vaihtelevat kappaleittain. Toimitus on satunnainen. Tuote on valmiiksi koottu.<\/p>\n<ul>\n<li>V\u00e4ri: ruskea<\/li>\n<li>Materiaali: tiikki<\/li>\n<li>Kokonaismitat: 37 x 37 x 76 cm (L x S x K)<\/li>\n<li>Istuimen halkaisija: 35 cm<\/li>\n<li>K\u00e4sintehty<\/li>\n<li>Valmiiksi koottu<\/li>\n<\/ul>\n","protected":false},"excerpt":{"rendered":"<ul>\n<li>V\u00e4ri: ruskea<\/li>\n<li>Materiaali: tiikki<\/li>\n<li>Kokonaismitat: 37 x 37 x 76 cm (L x S x K)<\/li>\n<li>Istuimen halkaisija: 35 cm<\/li>\n<li>K\u00e4sintehty<\/li>\n<li>Valmiiksi koottu<\/li>\n<\/ul>\n","protected":false},"featured_media":10000094090,"comment_status":"closed","ping_status":"closed","template":"","meta":[],"product_brand":[],"product_cat":[8536,84],"product_tag":[],"class_list":{"0":"post-94090","1":"product","2":"type-product","3":"status-publish","4":"has-post-thumbnail","6":"product_cat-baarijakkarat","7":"product_cat-huonekalut","9":"first","10":"instock","11":"taxable","12":"shipping-taxable","13":"purchasable","14":"product-type-simple"},"_links":{"self":[{"href":"https:\/\/www.otiumhome.fi\/index.php\/wp-json\/wp\/v2\/product\/94090","targetHints":{"allow":["GET"]}}],"collection":[{"href":"https:\/\/www.otiumhome.fi\/index.php\/wp-json\/wp\/v2\/product"}],"about":[{"href":"https:\/\/www.otiumhome.fi\/index.php\/wp-json\/wp\/v2\/types\/product"}],"replies":[{"embeddable":true,"href":"https:\/\/www.otiumhome.fi\/index.php\/wp-json\/wp\/v2\/comments?post=94090"}],"wp:featuredmedia":[{"embeddable":true,"href":"https:\/\/www.otiumhome.fi\/index.php\/wp-json\/"}],"wp:attachment":[{"href":"https:\/\/www.otiumhome.fi\/index.php\/wp-json\/wp\/v2\/media?parent=94090"}],"wp:term":[{"taxonomy":"product_brand","embeddable":true,"href":"https:\/\/www.otiumhome.fi\/index.php\/wp-json\/wp\/v2\/product_brand?post=94090"},{"taxonomy":"product_cat","embeddable":true,"href":"https:\/\/www.otiumhome.fi\/index.php\/wp-json\/wp\/v2\/product_cat?post=94090"},{"taxonomy":"product_tag","embeddable":true,"href":"https:\/\/www.otiumhome.fi\/index.php\/wp-json\/wp\/v2\/product_tag?post=94090"}],"curies":[{"name":"wp","href":"https:\/\/api.w.org\/{rel}","templated":true}]}}