{"id":94085,"date":"2024-12-15T08:34:51","date_gmt":"2024-12-15T08:34:51","guid":{"rendered":"https:\/\/www.otiumhome.fi\/?p=94085"},"modified":"2025-12-14T04:43:25","modified_gmt":"2025-12-14T04:43:25","slug":"baarijakkara-taysi-uusiokaytetty-puu","status":"publish","type":"product","link":"https:\/\/www.otiumhome.fi\/index.php\/tuote\/baarijakkara-taysi-uusiokaytetty-puu\/","title":{"rendered":"Baarijakkara t\u00e4ysi uusiok\u00e4ytetty puu"},"content":{"rendered":"<p>T\u00e4m\u00e4 antiikkityylinen puusta valmistettu baarijakkara on ajaton lis\u00e4 kotiisi ja se soveltuu erinomaisesti sek\u00e4 klassiseen ett\u00e4 moderniin sisustustyyliin. Tuolissa on jalkatuet, jotka tarjoavat optimaalisen istumismukavuuden. Baarijakkara on eritt\u00e4in kest\u00e4v\u00e4 lujatekoisen rakenteensa ansiosta.<\/p>\n<\/p>\n<p>T\u00e4m\u00e4 antiikkityylinen jakkara on valmistettu kierr\u00e4tetyst\u00e4 puusta, mik\u00e4 tekee jokaisesta huonekalusta ainutlaatuisen ja hieman toisistaan eroavan. Uusiok\u00e4ytetyst\u00e4 puusta valmistetuissa huonekaluissa on eri puiden kuten tiikin, akaasia-, mango- ja saalpuun, jne. ominaisuuksia. Kierr\u00e4tyspuu on tukevaa, kest\u00e4v\u00e4\u00e4 ja kaunista. Naulanrei\u00e4t tai n\u00e4kyv\u00e4t puun pintakuviot n\u00e4ytt\u00e4v\u00e4t niiden historian ja kutsuvat uudet sukupolvet ottamaan ne omakseen. Omistamalla t\u00e4m\u00e4n huonekalun n\u00e4yt\u00e4t halusi luonnonsuojeluun, ymp\u00e4rist\u00f6yst\u00e4v\u00e4llisyyteen ja kest\u00e4v\u00e4\u00e4n kehitykseen.<\/p>\n<\/p>\n<p>K\u00e4sity\u00f6taito korostaa t\u00e4m\u00e4n upean jakkaran vintagetyyli\u00e4 ja saa sen n\u00e4ytt\u00e4m\u00e4\u00e4n eksoottiselta. Kaikki valmistusvaiheet kuten uudelleen kasaus, kiillotus, maalaus ja vahaus, on tehty eritt\u00e4in taidokkaasti. Antiikkinen korkea baarijakkara on taatusti t\u00e4ydellinen lis\u00e4 kotiisi!<\/p>\n<\/p>\n<p>T\u00e4rke\u00e4 huomio: V\u00e4rit saattavat vaihdella kappaleittain, tehden jokaisesta baarijakkarasta ainutlaatuisen; toimitus on satunnainen.<\/p>\n<ul>\n<li>Materiaali: uusiok\u00e4ytetty moniv\u00e4rinen puu<\/li>\n<li>Koko: 30 x 75 cm (\u03a6 x K)<\/li>\n<li>T\u00e4ysin k\u00e4sintehty<\/li>\n<li>Lakattu, osittain maalattu &amp; vahattu<\/li>\n<li>Maksimikantavuus (per istuin): 110 kg<\/li>\n<\/ul>\n","protected":false},"excerpt":{"rendered":"<ul>\n<li>Materiaali: uusiok\u00e4ytetty moniv\u00e4rinen puu<\/li>\n<li>Koko: 30 x 75 cm (\u03a6 x K)<\/li>\n<li>T\u00e4ysin k\u00e4sintehty<\/li>\n<li>Lakattu, osittain maalattu &amp; vahattu<\/li>\n<li>Maksimikantavuus (per istuin): 110 kg<\/li>\n<\/ul>\n","protected":false},"featured_media":10000094085,"comment_status":"closed","ping_status":"closed","template":"","meta":[],"product_brand":[],"product_cat":[8536,84],"product_tag":[],"class_list":{"0":"post-94085","1":"product","2":"type-product","3":"status-publish","4":"has-post-thumbnail","6":"product_cat-baarijakkarat","7":"product_cat-huonekalut","9":"first","10":"instock","11":"taxable","12":"shipping-taxable","13":"purchasable","14":"product-type-simple"},"_links":{"self":[{"href":"https:\/\/www.otiumhome.fi\/index.php\/wp-json\/wp\/v2\/product\/94085","targetHints":{"allow":["GET"]}}],"collection":[{"href":"https:\/\/www.otiumhome.fi\/index.php\/wp-json\/wp\/v2\/product"}],"about":[{"href":"https:\/\/www.otiumhome.fi\/index.php\/wp-json\/wp\/v2\/types\/product"}],"replies":[{"embeddable":true,"href":"https:\/\/www.otiumhome.fi\/index.php\/wp-json\/wp\/v2\/comments?post=94085"}],"wp:featuredmedia":[{"embeddable":true,"href":"https:\/\/www.otiumhome.fi\/index.php\/wp-json\/"}],"wp:attachment":[{"href":"https:\/\/www.otiumhome.fi\/index.php\/wp-json\/wp\/v2\/media?parent=94085"}],"wp:term":[{"taxonomy":"product_brand","embeddable":true,"href":"https:\/\/www.otiumhome.fi\/index.php\/wp-json\/wp\/v2\/product_brand?post=94085"},{"taxonomy":"product_cat","embeddable":true,"href":"https:\/\/www.otiumhome.fi\/index.php\/wp-json\/wp\/v2\/product_cat?post=94085"},{"taxonomy":"product_tag","embeddable":true,"href":"https:\/\/www.otiumhome.fi\/index.php\/wp-json\/wp\/v2\/product_tag?post=94085"}],"curies":[{"name":"wp","href":"https:\/\/api.w.org\/{rel}","templated":true}]}}