{"id":94060,"date":"2024-12-15T08:34:49","date_gmt":"2024-12-15T08:34:49","guid":{"rendered":"https:\/\/www.otiumhome.fi\/?p=94060"},"modified":"2025-06-06T15:34:06","modified_gmt":"2025-06-06T15:34:06","slug":"toimistokaappi-savutammi-60x32x190-cm-tekninen-puu","status":"publish","type":"product","link":"https:\/\/www.otiumhome.fi\/index.php\/tuote\/toimistokaappi-savutammi-60x32x190-cm-tekninen-puu\/","title":{"rendered":"Toimistokaappi savutammi 60x32x190 cm tekninen puu"},"content":{"rendered":"<p>Ihastu elegantisti muotoiltuun, minimalistista tyyli\u00e4 huokuvaan toimistokaappiin! Se on t\u00e4ydellinen valinta asiakirjojen ja muiden toimistotarvikkeiden j\u00e4rjest\u00e4miseen ja s\u00e4ilytt\u00e4miseen.<\/p>\n<\/p>\n<ul>\n<li>Ensiluokkainen materiaali: Tekninen puu on poikkeuksellisen laadukasta ja sile\u00e4pintaista. Se on my\u00f6s luja, vakaa ja kosteudelle vastustuskykyinen.<\/li>\n<li>Runsaasti s\u00e4ilytystilaa: Arkistokaapissa on viisi lokeroa, joista kahdessa on ovi. Ne tarjoavat riitt\u00e4v\u00e4sti tilaa kansioiden siistiin j\u00e4rjest\u00e4miseen eri kategorioihin.<\/li>\n<li>Helposti puhdistettava pinta: T\u00e4m\u00e4 s\u00e4ilytyskaappi on helppo puhdistaa kostealla liinalla.<\/li>\n<\/ul>\n<p>Huomio:<\/p>\n<ul>\n<li>Sein\u00e4\u00e4n kiinnitett\u00e4v\u00e4t ruuvit ja tulpat eiv\u00e4t sis\u00e4lly toimitukseen. Etsi ja k\u00e4yt\u00e4 sein\u00e4\u00e4si sopivia ruuveja ja tulppia. Jos olet ep\u00e4varma, kysy ammattilaisen neuvoa. Lue ja seuraa asennusohjeiden jokaista vaihetta huolella.<\/li>\n<\/ul>\n<p>VAROITUS:<\/p>\n<ul>\n<li>Kaatumisen est\u00e4miseksi on t\u00e4t\u00e4 tuotetta k\u00e4ytett\u00e4v\u00e4 mukana toimitetun sein\u00e4kiinnityslaitteen kanssa.<\/li>\n<\/ul>\n<ul>\n<li>V\u00e4ri: savutammi<\/li>\n<li>Materiaali: tekninen puu<\/li>\n<li>Mitat: 60 x 32 x 190 cm (L x S x K)<\/li>\n<li>Sis\u00e4lt\u00e4\u00e4 kaksi ovea ja kaksi kahvaa<\/li>\n<li>5 lokeroa<\/li>\n<li>Asennus vaaditaan: kyll\u00e4<\/li>\n<li>Legal Documents:\n<p><span>Lis\u00e4tietoja huonekalujesi kaatumisen est\u00e4misest\u00e4 voit l\u00f6yt\u00e4\u00e4 <span style=\"text-decoration: underline\"><strong><a title=\"https:\/\/bit.ly\/3bVwkQp\" href=\"https:\/\/bit.ly\/3bVwkQp\" target=\"_blank\">t\u00e4\u00e4lt\u00e4<\/a><\/strong><\/span><\/span><\/p>\n<\/li>\n<\/ul>\n","protected":false},"excerpt":{"rendered":"<ul>\n<li>V\u00e4ri: savutammi<\/li>\n<li>Materiaali: tekninen puu<\/li>\n<li>Mitat: 60 x 32 x 190 cm (L x S x K)<\/li>\n<li>Sis\u00e4lt\u00e4\u00e4 kaksi ovea ja kaksi kahvaa<\/li>\n<li>5 lokeroa<\/li>\n<li>Asennus vaaditaan: kyll\u00e4<\/li>\n<li>Legal Documents:\n<p><span>Lis\u00e4tietoja huonekalujesi kaatumisen est\u00e4misest\u00e4 voit l\u00f6yt\u00e4\u00e4 <span style=\"text-decoration: underline\"><strong><a title=\"https:\/\/bit.ly\/3bVwkQp\" href=\"https:\/\/bit.ly\/3bVwkQp\" target=\"_blank\">t\u00e4\u00e4lt\u00e4<\/a><\/strong><\/span><\/span><\/p>\n<\/li>\n<\/ul>\n","protected":false},"featured_media":10000094060,"comment_status":"closed","ping_status":"closed","template":"","meta":[],"product_brand":[],"product_cat":[8535,84],"product_tag":[],"class_list":{"0":"post-94060","1":"product","2":"type-product","3":"status-publish","4":"has-post-thumbnail","6":"product_cat-arkistokaapit","7":"product_cat-huonekalut","9":"first","10":"outofstock","11":"taxable","12":"shipping-taxable","13":"purchasable","14":"product-type-simple"},"_links":{"self":[{"href":"https:\/\/www.otiumhome.fi\/index.php\/wp-json\/wp\/v2\/product\/94060","targetHints":{"allow":["GET"]}}],"collection":[{"href":"https:\/\/www.otiumhome.fi\/index.php\/wp-json\/wp\/v2\/product"}],"about":[{"href":"https:\/\/www.otiumhome.fi\/index.php\/wp-json\/wp\/v2\/types\/product"}],"replies":[{"embeddable":true,"href":"https:\/\/www.otiumhome.fi\/index.php\/wp-json\/wp\/v2\/comments?post=94060"}],"wp:featuredmedia":[{"embeddable":true,"href":"https:\/\/www.otiumhome.fi\/index.php\/wp-json\/"}],"wp:attachment":[{"href":"https:\/\/www.otiumhome.fi\/index.php\/wp-json\/wp\/v2\/media?parent=94060"}],"wp:term":[{"taxonomy":"product_brand","embeddable":true,"href":"https:\/\/www.otiumhome.fi\/index.php\/wp-json\/wp\/v2\/product_brand?post=94060"},{"taxonomy":"product_cat","embeddable":true,"href":"https:\/\/www.otiumhome.fi\/index.php\/wp-json\/wp\/v2\/product_cat?post=94060"},{"taxonomy":"product_tag","embeddable":true,"href":"https:\/\/www.otiumhome.fi\/index.php\/wp-json\/wp\/v2\/product_tag?post=94060"}],"curies":[{"name":"wp","href":"https:\/\/api.w.org\/{rel}","templated":true}]}}