{"id":94043,"date":"2024-12-15T08:34:48","date_gmt":"2024-12-15T08:34:48","guid":{"rendered":"https:\/\/www.otiumhome.fi\/?p=94043"},"modified":"2025-06-06T15:34:06","modified_gmt":"2025-06-06T15:34:06","slug":"arkistokaappi-musta-105x40x180-cm-teras","status":"publish","type":"product","link":"https:\/\/www.otiumhome.fi\/index.php\/tuote\/arkistokaappi-musta-105x40x180-cm-teras\/","title":{"rendered":"Arkistokaappi musta 105x40x180 cm ter\u00e4s"},"content":{"rendered":"<p>T\u00e4m\u00e4 eritt\u00e4in leve\u00e4 arkistokaappi edustaa yksinkertaista ja samalla tyylik\u00e4st\u00e4 muotoilua. Se on upea valinta kansioiden ja muiden toimistotarvikkeiden hyv\u00e4ss\u00e4 j\u00e4rjestyksess\u00e4 pit\u00e4miseen.<\/p>\n<\/p>\n<ul>\n<li>Kest\u00e4v\u00e4 materiaali: Ter\u00e4s on eritt\u00e4in kova ja vahva materiaali. Se tarjoaa tukevuutta ja vakautta. Jauhemaalauksella pinnoitettu ter\u00e4s luo suojakerroksen ruostetta, korroosiota ja kulumista vastaan. Jauhemaalatusta ter\u00e4ksest\u00e4 valmistettu arkistointikaappi on helppo puhdistaa ja huoltaa.<\/li>\n<li>S\u00e4\u00e4dett\u00e4v\u00e4t hyllyt: S\u00e4ilytyskaapissa on nelj\u00e4 s\u00e4\u00e4dett\u00e4v\u00e4\u00e4 hylly\u00e4, jotka mahdollistavat kansioiden j\u00e4rjest\u00e4misen kategorioittain.<\/li>\n<li>Runsaasti s\u00e4ilytystilaa: T\u00e4m\u00e4 toimistokaappi tarjoaa reilun tilan kansioiden ja muiden toimistotarvikkeiden s\u00e4ilytt\u00e4miseen.<\/li>\n<li>Lukitusj\u00e4rjestelm\u00e4: Lukittava rakenne takaa, ett\u00e4 kansiot ja t\u00e4rke\u00e4t asiakirjat ovat turvassa.<\/li>\n<\/ul>\n<p>Varoitus:<\/p>\n<ul>\n<li>Kaatumisen est\u00e4miseksi on t\u00e4t\u00e4 tuotetta k\u00e4ytett\u00e4v\u00e4 mukana toimitettavan sein\u00e4kiinnityslaitteen kanssa.<\/li>\n<\/ul>\n<ul>\n<li>V\u00e4ri: Musta<\/li>\n<li>Materiaali: Jauhemaalattu ter\u00e4s<\/li>\n<li>Mitat: 105 x 40 x 180 cm (L x S x K)<\/li>\n<li>Maksimikantavuus per hylly: 30 kg<\/li>\n<li>Sis\u00e4lt\u00e4\u00e4 4 s\u00e4\u00e4dett\u00e4v\u00e4\u00e4 hylly\u00e4<\/li>\n<li>Lukittavat ovet kaksilla avaimilla<\/li>\n<li>Asennus vaaditaan: Kyll\u00e4<\/li>\n<li>Legal Documents:\n<p><span>Lis\u00e4tietoja huonekalujesi kaatumisen est\u00e4misest\u00e4 voit l\u00f6yt\u00e4\u00e4 <span style=\"text-decoration: underline\"><strong><a title=\"https:\/\/bit.ly\/3bVwkQp\" href=\"https:\/\/bit.ly\/3bVwkQp\" target=\"_blank\">t\u00e4\u00e4lt\u00e4<\/a><\/strong><\/span><\/span><\/p>\n<\/li>\n<\/ul>\n","protected":false},"excerpt":{"rendered":"<ul>\n<li>V\u00e4ri: Musta<\/li>\n<li>Materiaali: Jauhemaalattu ter\u00e4s<\/li>\n<li>Mitat: 105 x 40 x 180 cm (L x S x K)<\/li>\n<li>Maksimikantavuus per hylly: 30 kg<\/li>\n<li>Sis\u00e4lt\u00e4\u00e4 4 s\u00e4\u00e4dett\u00e4v\u00e4\u00e4 hylly\u00e4<\/li>\n<li>Lukittavat ovet kaksilla avaimilla<\/li>\n<li>Asennus vaaditaan: Kyll\u00e4<\/li>\n<li>Legal Documents:\n<p><span>Lis\u00e4tietoja huonekalujesi kaatumisen est\u00e4misest\u00e4 voit l\u00f6yt\u00e4\u00e4 <span style=\"text-decoration: underline\"><strong><a title=\"https:\/\/bit.ly\/3bVwkQp\" href=\"https:\/\/bit.ly\/3bVwkQp\" target=\"_blank\">t\u00e4\u00e4lt\u00e4<\/a><\/strong><\/span><\/span><\/p>\n<\/li>\n<\/ul>\n","protected":false},"featured_media":10000094043,"comment_status":"closed","ping_status":"closed","template":"","meta":[],"product_brand":[],"product_cat":[8535,84],"product_tag":[],"class_list":{"0":"post-94043","1":"product","2":"type-product","3":"status-publish","4":"has-post-thumbnail","6":"product_cat-arkistokaapit","7":"product_cat-huonekalut","9":"first","10":"instock","11":"taxable","12":"shipping-taxable","13":"purchasable","14":"product-type-simple"},"_links":{"self":[{"href":"https:\/\/www.otiumhome.fi\/index.php\/wp-json\/wp\/v2\/product\/94043","targetHints":{"allow":["GET"]}}],"collection":[{"href":"https:\/\/www.otiumhome.fi\/index.php\/wp-json\/wp\/v2\/product"}],"about":[{"href":"https:\/\/www.otiumhome.fi\/index.php\/wp-json\/wp\/v2\/types\/product"}],"replies":[{"embeddable":true,"href":"https:\/\/www.otiumhome.fi\/index.php\/wp-json\/wp\/v2\/comments?post=94043"}],"wp:featuredmedia":[{"embeddable":true,"href":"https:\/\/www.otiumhome.fi\/index.php\/wp-json\/"}],"wp:attachment":[{"href":"https:\/\/www.otiumhome.fi\/index.php\/wp-json\/wp\/v2\/media?parent=94043"}],"wp:term":[{"taxonomy":"product_brand","embeddable":true,"href":"https:\/\/www.otiumhome.fi\/index.php\/wp-json\/wp\/v2\/product_brand?post=94043"},{"taxonomy":"product_cat","embeddable":true,"href":"https:\/\/www.otiumhome.fi\/index.php\/wp-json\/wp\/v2\/product_cat?post=94043"},{"taxonomy":"product_tag","embeddable":true,"href":"https:\/\/www.otiumhome.fi\/index.php\/wp-json\/wp\/v2\/product_tag?post=94043"}],"curies":[{"name":"wp","href":"https:\/\/api.w.org\/{rel}","templated":true}]}}