{"id":93974,"date":"2024-12-15T08:34:45","date_gmt":"2024-12-15T08:34:45","guid":{"rendered":"https:\/\/www.otiumhome.fi\/?p=93974"},"modified":"2025-06-06T15:34:02","modified_gmt":"2025-06-06T15:34:02","slug":"arkistokaappi-vaaleanharmaa-46x62x1025-cm-teras","status":"publish","type":"product","link":"https:\/\/www.otiumhome.fi\/index.php\/tuote\/arkistokaappi-vaaleanharmaa-46x62x1025-cm-teras\/","title":{"rendered":"Arkistokaappi vaaleanharmaa 46x62x102,5 cm ter\u00e4s"},"content":{"rendered":"<p>T\u00e4m\u00e4 moderni arkistokaappi on loistava valinta asiakirjojen s\u00e4ilytt\u00e4miseen.<\/p>\n<\/p>\n<p>Ter\u00e4ksest\u00e4 valmistettu toimistokaappi on kest\u00e4v\u00e4 ja todella helppo puhdistaa. Kolmella laatikolla ja yhdell\u00e4 lukolla varustettu arkistokaappi antaa sinun j\u00e4rjest\u00e4\u00e4 dokumenttisi eri kategorioihin ja samalla voit pit\u00e4\u00e4 ne turvassa. Kolmeosaisilla kuulalaakerikiskoilla varustetut laatikot avautuvat ja sulkeutuvat sulavasti, jopa suuren taakan alla laatikot avautuvat kokonaan.<\/p>\n<\/p>\n<p>Arkistokaappi sopii yhteen mink\u00e4 tahansa toimiston sisustuksen kanssa ikonisen muotoilunsa ansiosta.<\/p>\n<ul>\n<li>V\u00e4ri: vaaleanharmaa<\/li>\n<li>Materiaali: ter\u00e4s<\/li>\n<li>Mitat: 46 x 62 x 102,5 cm (L x S x K)<\/li>\n<li>Mitat: 40 x 51 x 25 cm (P x S x K)<\/li>\n<li>Lukko<\/li>\n<li>3 vetolaatikkoa ja 3-osaiset kuulalaakerikiskot<\/li>\n<li>Laatikot voidaan avata kokonaan<\/li>\n<li>Yhteensopiva dokumenttien koko: A4, lakidokumentti<\/li>\n<li>Kantavuus laatikkoa kohden: 45 kg<\/li>\n<li>Kokonaiskantavuus: 135 kg<\/li>\n<li>Asennus vaaditaan: kyll\u00e4<\/li>\n<\/ul>\n","protected":false},"excerpt":{"rendered":"<ul>\n<li>V\u00e4ri: vaaleanharmaa<\/li>\n<li>Materiaali: ter\u00e4s<\/li>\n<li>Mitat: 46 x 62 x 102,5 cm (L x S x K)<\/li>\n<li>Mitat: 40 x 51 x 25 cm (P x S x K)<\/li>\n<li>Lukko<\/li>\n<li>3 vetolaatikkoa ja 3-osaiset kuulalaakerikiskot<\/li>\n<li>Laatikot voidaan avata kokonaan<\/li>\n<li>Yhteensopiva dokumenttien koko: A4, lakidokumentti<\/li>\n<li>Kantavuus laatikkoa kohden: 45 kg<\/li>\n<li>Kokonaiskantavuus: 135 kg<\/li>\n<li>Asennus vaaditaan: kyll\u00e4<\/li>\n<\/ul>\n","protected":false},"featured_media":10000093974,"comment_status":"closed","ping_status":"closed","template":"","meta":[],"product_brand":[],"product_cat":[8535,84],"product_tag":[],"class_list":{"0":"post-93974","1":"product","2":"type-product","3":"status-publish","4":"has-post-thumbnail","6":"product_cat-arkistokaapit","7":"product_cat-huonekalut","9":"first","10":"instock","11":"taxable","12":"shipping-taxable","13":"purchasable","14":"product-type-simple"},"_links":{"self":[{"href":"https:\/\/www.otiumhome.fi\/index.php\/wp-json\/wp\/v2\/product\/93974","targetHints":{"allow":["GET"]}}],"collection":[{"href":"https:\/\/www.otiumhome.fi\/index.php\/wp-json\/wp\/v2\/product"}],"about":[{"href":"https:\/\/www.otiumhome.fi\/index.php\/wp-json\/wp\/v2\/types\/product"}],"replies":[{"embeddable":true,"href":"https:\/\/www.otiumhome.fi\/index.php\/wp-json\/wp\/v2\/comments?post=93974"}],"wp:featuredmedia":[{"embeddable":true,"href":"https:\/\/www.otiumhome.fi\/index.php\/wp-json\/"}],"wp:attachment":[{"href":"https:\/\/www.otiumhome.fi\/index.php\/wp-json\/wp\/v2\/media?parent=93974"}],"wp:term":[{"taxonomy":"product_brand","embeddable":true,"href":"https:\/\/www.otiumhome.fi\/index.php\/wp-json\/wp\/v2\/product_brand?post=93974"},{"taxonomy":"product_cat","embeddable":true,"href":"https:\/\/www.otiumhome.fi\/index.php\/wp-json\/wp\/v2\/product_cat?post=93974"},{"taxonomy":"product_tag","embeddable":true,"href":"https:\/\/www.otiumhome.fi\/index.php\/wp-json\/wp\/v2\/product_tag?post=93974"}],"curies":[{"name":"wp","href":"https:\/\/api.w.org\/{rel}","templated":true}]}}