{"id":93973,"date":"2024-12-15T08:34:45","date_gmt":"2024-12-15T08:34:45","guid":{"rendered":"https:\/\/www.otiumhome.fi\/?p=93973"},"modified":"2025-06-06T15:34:02","modified_gmt":"2025-06-06T15:34:02","slug":"toimistokaappi-2-ovella-90-cm-harmaa-metalli","status":"publish","type":"product","link":"https:\/\/www.otiumhome.fi\/index.php\/tuote\/toimistokaappi-2-ovella-90-cm-harmaa-metalli\/","title":{"rendered":"Toimistokaappi 2 ovella 90 cm harmaa metalli"},"content":{"rendered":"<p>T\u00e4m\u00e4 yksinkertaisen tyylikk\u00e4\u00e4sti muotoiltu toimistokaappi on ihanteellinen asiakirjojen ja muiden toimistotarvikkeiden s\u00e4ilytykseen, mutta se voi olla my\u00f6s upea sisustuksellinen elementti toimistoosi.<\/p>\n<\/p>\n<p>Kahden s\u00e4\u00e4dett\u00e4v\u00e4n hyllyn ansiosta, t\u00e4ss\u00e4 arkistokaapissa on runsaasti s\u00e4ilytystilaa. Kaappi on muotoiltu klassisesti, joten se sopii mihin tahansa sisustukseen. Se on valmistettu ter\u00e4ksest\u00e4, joten se on tukeva sek\u00e4 helppo puhdistaa ja huoltaa.<\/p>\n<\/p>\n<p>Helppo koota, koska kaikki tarvittavat osat sis\u00e4ltyv\u00e4t toimitukseen.<\/p>\n<ul>\n<li>V\u00e4ri: harmaa<\/li>\n<li>Materiaali: ter\u00e4s<\/li>\n<li>Mitat: 90 x 40 x 90 cm (L x S x K)<\/li>\n<li>Sis\u00e4lt\u00e4\u00e4 kaksi ovea ja kaksi s\u00e4\u00e4dett\u00e4v\u00e4\u00e4 hylly\u00e4<\/li>\n<li>2 sivuille avautuvaa ovea 130 asteen avauskulmalla<\/li>\n<li>Maksimikantavuus per hylly: 30 kg<\/li>\n<li>3-pisteinen lukitusj\u00e4rjestelm\u00e4<\/li>\n<li>Helppo koota<\/li>\n<li>VAROITUS! Kaatumisen est\u00e4miseksi t\u00e4t\u00e4 tuotetta on k\u00e4ytett\u00e4v\u00e4 mukana toimitetun sein\u00e4kiinnityslaitteen kanssa.<\/li>\n<li>Legal Documents:\n<p><span>Lis\u00e4tietoja huonekalujesi kaatumisen est\u00e4misest\u00e4 voit l\u00f6yt\u00e4\u00e4 <span style=\"text-decoration: underline\"><strong><a title=\"https:\/\/bit.ly\/3bVwkQp\" href=\"https:\/\/bit.ly\/3bVwkQp\" target=\"_blank\">t\u00e4\u00e4lt\u00e4<\/a><\/strong><\/span><\/span><\/p>\n<\/li>\n<\/ul>\n","protected":false},"excerpt":{"rendered":"<ul>\n<li>V\u00e4ri: harmaa<\/li>\n<li>Materiaali: ter\u00e4s<\/li>\n<li>Mitat: 90 x 40 x 90 cm (L x S x K)<\/li>\n<li>Sis\u00e4lt\u00e4\u00e4 kaksi ovea ja kaksi s\u00e4\u00e4dett\u00e4v\u00e4\u00e4 hylly\u00e4<\/li>\n<li>2 sivuille avautuvaa ovea 130 asteen avauskulmalla<\/li>\n<li>Maksimikantavuus per hylly: 30 kg<\/li>\n<li>3-pisteinen lukitusj\u00e4rjestelm\u00e4<\/li>\n<li>Helppo koota<\/li>\n<li>VAROITUS! Kaatumisen est\u00e4miseksi t\u00e4t\u00e4 tuotetta on k\u00e4ytett\u00e4v\u00e4 mukana toimitetun sein\u00e4kiinnityslaitteen kanssa.<\/li>\n<li>Legal Documents:\n<p><span>Lis\u00e4tietoja huonekalujesi kaatumisen est\u00e4misest\u00e4 voit l\u00f6yt\u00e4\u00e4 <span style=\"text-decoration: underline\"><strong><a title=\"https:\/\/bit.ly\/3bVwkQp\" href=\"https:\/\/bit.ly\/3bVwkQp\" target=\"_blank\">t\u00e4\u00e4lt\u00e4<\/a><\/strong><\/span><\/span><\/p>\n<\/li>\n<\/ul>\n","protected":false},"featured_media":10000093973,"comment_status":"closed","ping_status":"closed","template":"","meta":[],"product_brand":[],"product_cat":[8535,84],"product_tag":[],"class_list":{"0":"post-93973","1":"product","2":"type-product","3":"status-publish","4":"has-post-thumbnail","6":"product_cat-arkistokaapit","7":"product_cat-huonekalut","9":"first","10":"instock","11":"taxable","12":"shipping-taxable","13":"purchasable","14":"product-type-simple"},"_links":{"self":[{"href":"https:\/\/www.otiumhome.fi\/index.php\/wp-json\/wp\/v2\/product\/93973","targetHints":{"allow":["GET"]}}],"collection":[{"href":"https:\/\/www.otiumhome.fi\/index.php\/wp-json\/wp\/v2\/product"}],"about":[{"href":"https:\/\/www.otiumhome.fi\/index.php\/wp-json\/wp\/v2\/types\/product"}],"replies":[{"embeddable":true,"href":"https:\/\/www.otiumhome.fi\/index.php\/wp-json\/wp\/v2\/comments?post=93973"}],"wp:featuredmedia":[{"embeddable":true,"href":"https:\/\/www.otiumhome.fi\/index.php\/wp-json\/"}],"wp:attachment":[{"href":"https:\/\/www.otiumhome.fi\/index.php\/wp-json\/wp\/v2\/media?parent=93973"}],"wp:term":[{"taxonomy":"product_brand","embeddable":true,"href":"https:\/\/www.otiumhome.fi\/index.php\/wp-json\/wp\/v2\/product_brand?post=93973"},{"taxonomy":"product_cat","embeddable":true,"href":"https:\/\/www.otiumhome.fi\/index.php\/wp-json\/wp\/v2\/product_cat?post=93973"},{"taxonomy":"product_tag","embeddable":true,"href":"https:\/\/www.otiumhome.fi\/index.php\/wp-json\/wp\/v2\/product_tag?post=93973"}],"curies":[{"name":"wp","href":"https:\/\/api.w.org\/{rel}","templated":true}]}}