{"id":93971,"date":"2024-12-15T08:34:45","date_gmt":"2024-12-15T08:34:45","guid":{"rendered":"https:\/\/www.otiumhome.fi\/?p=93971"},"modified":"2025-06-06T15:34:07","modified_gmt":"2025-06-06T15:34:07","slug":"kaappi-pyorilla-vanha-puu-60x48x81-cm-lastulevy","status":"publish","type":"product","link":"https:\/\/www.otiumhome.fi\/index.php\/tuote\/kaappi-pyorilla-vanha-puu-60x48x81-cm-lastulevy\/","title":{"rendered":"Kaappi py\u00f6rill\u00e4 vanha puu 60x48x81 cm lastulevy"},"content":{"rendered":"<p>T\u00e4m\u00e4 py\u00f6rill\u00e4 varustettu kaappi on helppo siirt\u00e4\u00e4 ja se tarjoaa runsaasti tilaa, joten se tarjoaa k\u00e4tevyytt\u00e4 el\u00e4m\u00e4\u00e4si ja t\u00f6ihisi.<\/p>\n<ul>\n<li>Vakaa ja kest\u00e4v\u00e4 materiaali: Tekninen puu on kest\u00e4v\u00e4 ja vakaa materiaali, jonka sile\u00e4 pinta kest\u00e4\u00e4 kosteutta, v\u00e4\u00e4ntymist\u00e4 ja halkeilua, joten se on luotettava valinta erilaisiin projekteihin.<\/li>\n<li>Runsaasti s\u00e4ilytystilaa: T\u00e4m\u00e4 hyllyill\u00e4 ja ovilla varustettu py\u00f6r\u00e4llinen kaappi tarjoaa runsaasti s\u00e4ilytystilaa t\u00e4rkeiden tavaroiden s\u00e4ilytt\u00e4miseen ja k\u00e4ttesi ulottuvilla pit\u00e4miseen.<\/li>\n<li>Helppo siirt\u00e4\u00e4: T\u00e4m\u00e4 nelj\u00e4ll\u00e4 k\u00e4\u00e4ntyv\u00e4ll\u00e4 py\u00f6r\u00e4ll\u00e4 varustettu kaappi on helppo siirt\u00e4\u00e4 haluttuun paikkaan. Kaksi py\u00f6r\u00e4\u00e4 voidaan lukita, jotka pit\u00e4v\u00e4t kaapin paikallaan ja lis\u00e4\u00e4v\u00e4t vakautta.<\/li>\n<li>Helppo huoltaa: Sile\u00e4n pinnan ansiosta py\u00f6r\u00e4llinen kaappi on helppo puhdistaa liinalla ja se tarvitsee vain v\u00e4h\u00e4ist\u00e4 hoitoa.<\/li>\n<li>Laaja k\u00e4ytt\u00f6: T\u00e4t\u00e4 ajatonta py\u00f6rill\u00e4 varustettua kaappia voidaan k\u00e4ytt\u00e4\u00e4 olohuoneessa, keitti\u00f6ss\u00e4 tai makuuhuoneessa tarpeidesi mukaan.<\/li>\n<\/ul>\n<ul>\n<li>V\u00e4ri: Vanha puu<\/li>\n<li>Materiaali: Tekninen puu<\/li>\n<li>Kokonaismitat: 60 x 48 x 81 cm (L x S x K)<\/li>\n<li>Hyllyn mitat: 57 x 48 x 17 cm (L x S x K)<\/li>\n<li>Alakaapin mitat: 57 x 48 x 35 cm (L x S x K)<\/li>\n<li>Kantavuus (per kerros): 10 kg<\/li>\n<li>Kantavuus (alakaappi): 15 kg<\/li>\n<li>Maksimikantavuus: 50 kg<\/li>\n<li>Py\u00f6rien lukum\u00e4\u00e4r\u00e4 (360\u00b0 k\u00e4\u00e4ntyv\u00e4t): 4 (kahdessa jarrut)<\/li>\n<li>Asennustarvikkeet sis\u00e4ltyv\u00e4t toimitukseen<\/li>\n<li>Asennus vaaditaan: Kyll\u00e4<\/li>\n<\/ul>\n","protected":false},"excerpt":{"rendered":"<ul>\n<li>V\u00e4ri: Vanha puu<\/li>\n<li>Materiaali: Tekninen puu<\/li>\n<li>Kokonaismitat: 60 x 48 x 81 cm (L x S x K)<\/li>\n<li>Hyllyn mitat: 57 x 48 x 17 cm (L x S x K)<\/li>\n<li>Alakaapin mitat: 57 x 48 x 35 cm (L x S x K)<\/li>\n<li>Kantavuus (per kerros): 10 kg<\/li>\n<li>Kantavuus (alakaappi): 15 kg<\/li>\n<li>Maksimikantavuus: 50 kg<\/li>\n<li>Py\u00f6rien lukum\u00e4\u00e4r\u00e4 (360\u00b0 k\u00e4\u00e4ntyv\u00e4t): 4 (kahdessa jarrut)<\/li>\n<li>Asennustarvikkeet sis\u00e4ltyv\u00e4t toimitukseen<\/li>\n<li>Asennus vaaditaan: Kyll\u00e4<\/li>\n<\/ul>\n","protected":false},"featured_media":10000093971,"comment_status":"closed","ping_status":"closed","template":"","meta":[],"product_brand":[],"product_cat":[8535,84],"product_tag":[],"class_list":{"0":"post-93971","1":"product","2":"type-product","3":"status-publish","4":"has-post-thumbnail","6":"product_cat-arkistokaapit","7":"product_cat-huonekalut","9":"first","10":"instock","11":"taxable","12":"shipping-taxable","13":"purchasable","14":"product-type-simple"},"_links":{"self":[{"href":"https:\/\/www.otiumhome.fi\/index.php\/wp-json\/wp\/v2\/product\/93971","targetHints":{"allow":["GET"]}}],"collection":[{"href":"https:\/\/www.otiumhome.fi\/index.php\/wp-json\/wp\/v2\/product"}],"about":[{"href":"https:\/\/www.otiumhome.fi\/index.php\/wp-json\/wp\/v2\/types\/product"}],"replies":[{"embeddable":true,"href":"https:\/\/www.otiumhome.fi\/index.php\/wp-json\/wp\/v2\/comments?post=93971"}],"wp:featuredmedia":[{"embeddable":true,"href":"https:\/\/www.otiumhome.fi\/index.php\/wp-json\/"}],"wp:attachment":[{"href":"https:\/\/www.otiumhome.fi\/index.php\/wp-json\/wp\/v2\/media?parent=93971"}],"wp:term":[{"taxonomy":"product_brand","embeddable":true,"href":"https:\/\/www.otiumhome.fi\/index.php\/wp-json\/wp\/v2\/product_brand?post=93971"},{"taxonomy":"product_cat","embeddable":true,"href":"https:\/\/www.otiumhome.fi\/index.php\/wp-json\/wp\/v2\/product_cat?post=93971"},{"taxonomy":"product_tag","embeddable":true,"href":"https:\/\/www.otiumhome.fi\/index.php\/wp-json\/wp\/v2\/product_tag?post=93971"}],"curies":[{"name":"wp","href":"https:\/\/api.w.org\/{rel}","templated":true}]}}