{"id":93850,"date":"2024-12-15T08:34:39","date_gmt":"2024-12-15T08:34:39","guid":{"rendered":"https:\/\/www.otiumhome.fi\/?p=93850"},"modified":"2025-06-06T15:33:59","modified_gmt":"2025-06-06T15:33:59","slug":"sarjapoydat-3-kpl-vanha-puu-tekninen-puu","status":"publish","type":"product","link":"https:\/\/www.otiumhome.fi\/index.php\/tuote\/sarjapoydat-3-kpl-vanha-puu-tekninen-puu\/","title":{"rendered":"Sarjap\u00f6yd\u00e4t 3 kpl vanha puu tekninen puu"},"content":{"rendered":"<p>Muuta asuintilasi tyylikk\u00e4ill\u00e4 ja k\u00e4yt\u00e4nn\u00f6llisill\u00e4 sis\u00e4kk\u00e4isill\u00e4 p\u00f6ydill\u00e4, jotka on suunniteltu mukautumaan tarpeisiisi ja parantamaan kotisi yleist\u00e4 estetiikkaa.<\/p>\n<\/p>\n<ul>\n<li>Vakaa ja kest\u00e4v\u00e4 materiaali: Tekninen puu on kest\u00e4v\u00e4 ja vakaa materiaali, jonka sile\u00e4 pinta kest\u00e4\u00e4 kosteutta, v\u00e4\u00e4ntymist\u00e4 ja halkeilua, joten se on luotettava valinta erilaisiin projekteihin.<\/li>\n<li>Pes\u00e4muotoilu: Monipuoliset pes\u00e4p\u00f6yd\u00e4t on suunniteltu mukautumaan asuintilaasi. K\u00e4yt\u00e4 niit\u00e4 yksitt\u00e4in sivup\u00f6ytin\u00e4, pinoa niit\u00e4 eri kulmiin luodaksesi ainutlaatuisen p\u00e4\u00e4typ\u00f6yd\u00e4n tai yhdist\u00e4 ne siististi tilan s\u00e4\u00e4st\u00e4miseksi. Ne yhdist\u00e4v\u00e4t saumattomasti toiminnallisuuden ja tyylin, mik\u00e4 tekee niist\u00e4 t\u00e4ydellisen lis\u00e4yksen nykyaikaisiin sisustusj\u00e4rjestelyihin.<\/li>\n<li>Vahva p\u00f6yt\u00e4levy: Pes\u00e4p\u00f6yd\u00e4n tukeva p\u00f6yt\u00e4taso on ihanteellinen juomien tai muiden tarpeidesi lep\u00e4\u00e4miseen, joita tarvitset l\u00e4hell\u00e4.<\/li>\n<li>Nykyaikainen vetovoima: Pes\u00e4p\u00f6ydiss\u00e4 on nykyaikainen estetiikka, joka mukautuu n\u00e4ytt\u00e4v\u00e4ksi keskipisteeksi miss\u00e4 tahansa asuintiloissa ja lis\u00e4\u00e4 ripauksen tyylikkyytt\u00e4 ja toimivuutta.<\/li>\n<li>Helppo huoltaa: Sile\u00e4n pinnan ansiosta kaluste on helppo puhdistaa kostealla liinalla ja se tarvitsee vain v\u00e4h\u00e4ist\u00e4 huoltoa.<\/li>\n<\/ul>\n<ul>\n<li>V\u00e4ri: Vanha puu<\/li>\n<li>Materiaali: Tekninen puu<\/li>\n<li>Mitat (S): 68 x 29 x 39 cm (L x S x K)<\/li>\n<li>Mitat (K): 74 x 29 x 42 cm (L x S x K)<\/li>\n<li>Mitat (P): 80 x 29 x 45 cm (L x S x K)<\/li>\n<li>Kokonaispainokapasiteetti (kukin): 20 kg<\/li>\n<li>Asennus vaaditaan: Kyll\u00e4<\/li>\n<li><strong>Toimitus sis\u00e4lt\u00e4\u00e4:<\/strong><\/li>\n<li>1 x pieni p\u00f6yt\u00e4<\/li>\n<li>1 x keskisuuri p\u00f6yt\u00e4<\/li>\n<li>1 x suuri p\u00f6yt\u00e4<\/li>\n<\/ul>\n","protected":false},"excerpt":{"rendered":"<ul>\n<li>V\u00e4ri: Vanha puu<\/li>\n<li>Materiaali: Tekninen puu<\/li>\n<li>Mitat (S): 68 x 29 x 39 cm (L x S x K)<\/li>\n<li>Mitat (K): 74 x 29 x 42 cm (L x S x K)<\/li>\n<li>Mitat (P): 80 x 29 x 45 cm (L x S x K)<\/li>\n<li>Kokonaispainokapasiteetti (kukin): 20 kg<\/li>\n<li>Asennus vaaditaan: Kyll\u00e4<\/li>\n<li><strong>Toimitus sis\u00e4lt\u00e4\u00e4:<\/strong><\/li>\n<li>1 x pieni p\u00f6yt\u00e4<\/li>\n<li>1 x keskisuuri p\u00f6yt\u00e4<\/li>\n<li>1 x suuri p\u00f6yt\u00e4<\/li>\n<\/ul>\n","protected":false},"featured_media":10000093850,"comment_status":"closed","ping_status":"closed","template":"","meta":[],"product_brand":[],"product_cat":[8534,84,8533],"product_tag":[],"class_list":{"0":"post-93850","1":"product","2":"type-product","3":"status-publish","4":"has-post-thumbnail","6":"product_cat-apupoydat","7":"product_cat-huonekalut","8":"product_cat-sivupoydat","10":"first","11":"instock","12":"taxable","13":"shipping-taxable","14":"purchasable","15":"product-type-simple"},"_links":{"self":[{"href":"https:\/\/www.otiumhome.fi\/index.php\/wp-json\/wp\/v2\/product\/93850","targetHints":{"allow":["GET"]}}],"collection":[{"href":"https:\/\/www.otiumhome.fi\/index.php\/wp-json\/wp\/v2\/product"}],"about":[{"href":"https:\/\/www.otiumhome.fi\/index.php\/wp-json\/wp\/v2\/types\/product"}],"replies":[{"embeddable":true,"href":"https:\/\/www.otiumhome.fi\/index.php\/wp-json\/wp\/v2\/comments?post=93850"}],"wp:featuredmedia":[{"embeddable":true,"href":"https:\/\/www.otiumhome.fi\/index.php\/wp-json\/"}],"wp:attachment":[{"href":"https:\/\/www.otiumhome.fi\/index.php\/wp-json\/wp\/v2\/media?parent=93850"}],"wp:term":[{"taxonomy":"product_brand","embeddable":true,"href":"https:\/\/www.otiumhome.fi\/index.php\/wp-json\/wp\/v2\/product_brand?post=93850"},{"taxonomy":"product_cat","embeddable":true,"href":"https:\/\/www.otiumhome.fi\/index.php\/wp-json\/wp\/v2\/product_cat?post=93850"},{"taxonomy":"product_tag","embeddable":true,"href":"https:\/\/www.otiumhome.fi\/index.php\/wp-json\/wp\/v2\/product_tag?post=93850"}],"curies":[{"name":"wp","href":"https:\/\/api.w.org\/{rel}","templated":true}]}}