{"id":93822,"date":"2024-12-15T08:34:38","date_gmt":"2024-12-15T08:34:38","guid":{"rendered":"https:\/\/www.otiumhome.fi\/?p=93822"},"modified":"2025-06-06T16:36:49","modified_gmt":"2025-06-06T16:36:49","slug":"sivupoyta-artesaani-tammi-33x33x34-cm-tekninen-puu","status":"publish","type":"product","link":"https:\/\/www.otiumhome.fi\/index.php\/tuote\/sivupoyta-artesaani-tammi-33x33x34-cm-tekninen-puu\/","title":{"rendered":"Sivup\u00f6yt\u00e4 artesaani tammi 33x33x34 cm tekninen puu"},"content":{"rendered":"<p>Luo ylim\u00e4\u00e4r\u00e4ist\u00e4 s\u00e4ilytystilaa pieniin huoneisiin t\u00e4ll\u00e4 k\u00e4yt\u00e4nn\u00f6llisell\u00e4 sivup\u00f6yd\u00e4ll\u00e4! Sit\u00e4 voidaan k\u00e4ytt\u00e4\u00e4 my\u00f6s kulmakaappina.<\/p>\n<\/p>\n<ul>\n<li>Pitk\u00e4ik\u00e4inen materiaali: Tekninen puu on poikkeuksellisen laadukasta ja sile\u00e4pintaista. Se on luja, vakaa ja kosteudelle vastustuskykyinen.<\/li>\n<li>Tukeva p\u00f6yt\u00e4levy: Kulmap\u00f6yd\u00e4ss\u00e4 on tukeva p\u00f6yt\u00e4taso, jolle voit laittaa ruokaa tai juomaa tai laittaa esille koriste-esineit\u00e4, kuten valokuvakehyksi\u00e4 tai jopa ruukkukasveja.<\/li>\n<li>Runsaasti s\u00e4ilytystilaa: Sit\u00e4 voidaan k\u00e4ytt\u00e4\u00e4 joustavasti kulmakaappina pieniss\u00e4 huoneissa, mik\u00e4 luo ylim\u00e4\u00e4r\u00e4ist\u00e4 s\u00e4ilytystilaa ja erityisen paikan suosikkitavaroillesi.<\/li>\n<li>Helppo huoltaa: Sile\u00e4n pinnan ansiosta kulmayksikk\u00f6 on helppo puhdistaa kostealla liinalla ja se tarvitsee vain v\u00e4h\u00e4ist\u00e4 huoltoa.<\/li>\n<\/ul>\n<ul>\n<li>V\u00e4ri: artisaanitammi<\/li>\n<li>Materiaali: Tekninen puu<\/li>\n<li>Mitat: 33 x 33 x 34 cm (L x S x K)<\/li>\n<li>Voidaan k\u00e4ytt\u00e4\u00e4 my\u00f6s kulmakaappina.<\/li>\n<li>Asennus vaaditaan: Kyll\u00e4<\/li>\n<\/ul>\n","protected":false},"excerpt":{"rendered":"<ul>\n<li>V\u00e4ri: artisaanitammi<\/li>\n<li>Materiaali: Tekninen puu<\/li>\n<li>Mitat: 33 x 33 x 34 cm (L x S x K)<\/li>\n<li>Voidaan k\u00e4ytt\u00e4\u00e4 my\u00f6s kulmakaappina.<\/li>\n<li>Asennus vaaditaan: Kyll\u00e4<\/li>\n<\/ul>\n","protected":false},"featured_media":10000093822,"comment_status":"closed","ping_status":"closed","template":"","meta":[],"product_brand":[],"product_cat":[84,8635],"product_tag":[],"class_list":{"0":"post-93822","1":"product","2":"type-product","3":"status-publish","4":"has-post-thumbnail","6":"product_cat-huonekalut","7":"product_cat-sailytys-lukkokaapit","9":"first","10":"instock","11":"taxable","12":"shipping-taxable","13":"purchasable","14":"product-type-simple"},"_links":{"self":[{"href":"https:\/\/www.otiumhome.fi\/index.php\/wp-json\/wp\/v2\/product\/93822","targetHints":{"allow":["GET"]}}],"collection":[{"href":"https:\/\/www.otiumhome.fi\/index.php\/wp-json\/wp\/v2\/product"}],"about":[{"href":"https:\/\/www.otiumhome.fi\/index.php\/wp-json\/wp\/v2\/types\/product"}],"replies":[{"embeddable":true,"href":"https:\/\/www.otiumhome.fi\/index.php\/wp-json\/wp\/v2\/comments?post=93822"}],"wp:featuredmedia":[{"embeddable":true,"href":"https:\/\/www.otiumhome.fi\/index.php\/wp-json\/"}],"wp:attachment":[{"href":"https:\/\/www.otiumhome.fi\/index.php\/wp-json\/wp\/v2\/media?parent=93822"}],"wp:term":[{"taxonomy":"product_brand","embeddable":true,"href":"https:\/\/www.otiumhome.fi\/index.php\/wp-json\/wp\/v2\/product_brand?post=93822"},{"taxonomy":"product_cat","embeddable":true,"href":"https:\/\/www.otiumhome.fi\/index.php\/wp-json\/wp\/v2\/product_cat?post=93822"},{"taxonomy":"product_tag","embeddable":true,"href":"https:\/\/www.otiumhome.fi\/index.php\/wp-json\/wp\/v2\/product_tag?post=93822"}],"curies":[{"name":"wp","href":"https:\/\/api.w.org\/{rel}","templated":true}]}}