{"id":93814,"date":"2024-12-15T08:34:38","date_gmt":"2024-12-15T08:34:38","guid":{"rendered":"https:\/\/www.otiumhome.fi\/?p=93814"},"modified":"2025-06-06T15:33:58","modified_gmt":"2025-06-06T15:33:58","slug":"sarjapoydat-3-kpl-artesaani-tammi-tekninen-puu","status":"publish","type":"product","link":"https:\/\/www.otiumhome.fi\/index.php\/tuote\/sarjapoydat-3-kpl-artesaani-tammi-tekninen-puu\/","title":{"rendered":"Sarjap\u00f6yd\u00e4t 3 kpl artesaani tammi tekninen puu"},"content":{"rendered":"<p>Sarjap\u00f6yd\u00e4t ovat t\u00e4ydellinen vaihtoehto pieniin asuntoihin tai mihin tahansa, miss\u00e4 on rajoitetusti tilaa. Niiden nykyaikainen muotoilu tekee niist\u00e4 siit\u00e4 tyylikk\u00e4\u00e4n lis\u00e4n olohuoneeseesi tai makuuhuoneeseesi.<\/p>\n<\/p>\n<ul>\n<li>Vakaa ja kest\u00e4v\u00e4 materiaali: Tekninen puu on kest\u00e4v\u00e4 ja vakaa materiaali, jonka sile\u00e4 pinta kest\u00e4\u00e4 kosteutta, v\u00e4\u00e4ntymist\u00e4 ja halkeilua, joten se on luotettava valinta erilaisiin projekteihin.<\/li>\n<li>Sis\u00e4kk\u00e4inen muotoilu: Eri kokojensa ansiosta n\u00e4m\u00e4 sivup\u00f6yd\u00e4t eiv\u00e4t ainoastaan kohtaa monia tarpeitasi, mutta tarjoavat my\u00f6s lis\u00e4\u00e4 tilaa ja helpon s\u00e4ilytystavan, sill\u00e4 pienempi p\u00f6yt\u00e4 voidaan piilottaa suuremman alle.<\/li>\n<li>Monitoimintaiset p\u00f6yd\u00e4t: Niit\u00e4 voidaan k\u00e4ytt\u00e4\u00e4 olohuoneessa k\u00e4tev\u00e4n\u00e4 alustana juomille tai muille tarpeellisille tavaroille, jotka haluat pit\u00e4\u00e4 k\u00e4tesi ulottuvilla. Voit my\u00f6s sijoittaa yhden makuuhuoneeseen ainutlaatuiseksi y\u00f6p\u00f6yd\u00e4ksi!<\/li>\n<\/ul>\n<ul>\n<li>V\u00e4ri: artisaanitammi<\/li>\n<li>Materiaali: Tekninen puu<\/li>\n<li>Suuren p\u00f6yd\u00e4n mitat: 45 x 45 x 45 cm (P x L x K)<\/li>\n<li>Keskisuuren p\u00f6yd\u00e4n mitat: 35 x 35 x 35 cm (P x L x K)<\/li>\n<li>Pienen p\u00f6yd\u00e4n mitat: 24 x 24 x 24 cm (P x L x K)<\/li>\n<li>Asennus vaaditaan: Kyll\u00e4<\/li>\n<li><strong>Toimitus sis\u00e4lt\u00e4\u00e4:<\/strong><\/li>\n<li>1 x suuri p\u00f6yt\u00e4<\/li>\n<li>1 x keskisuuri p\u00f6yt\u00e4<\/li>\n<li>1 x pieni p\u00f6yt\u00e4<\/li>\n<\/ul>\n","protected":false},"excerpt":{"rendered":"<ul>\n<li>V\u00e4ri: artisaanitammi<\/li>\n<li>Materiaali: Tekninen puu<\/li>\n<li>Suuren p\u00f6yd\u00e4n mitat: 45 x 45 x 45 cm (P x L x K)<\/li>\n<li>Keskisuuren p\u00f6yd\u00e4n mitat: 35 x 35 x 35 cm (P x L x K)<\/li>\n<li>Pienen p\u00f6yd\u00e4n mitat: 24 x 24 x 24 cm (P x L x K)<\/li>\n<li>Asennus vaaditaan: Kyll\u00e4<\/li>\n<li><strong>Toimitus sis\u00e4lt\u00e4\u00e4:<\/strong><\/li>\n<li>1 x suuri p\u00f6yt\u00e4<\/li>\n<li>1 x keskisuuri p\u00f6yt\u00e4<\/li>\n<li>1 x pieni p\u00f6yt\u00e4<\/li>\n<\/ul>\n","protected":false},"featured_media":10000093814,"comment_status":"closed","ping_status":"closed","template":"","meta":[],"product_brand":[],"product_cat":[8534,84,8533],"product_tag":[],"class_list":{"0":"post-93814","1":"product","2":"type-product","3":"status-publish","4":"has-post-thumbnail","6":"product_cat-apupoydat","7":"product_cat-huonekalut","8":"product_cat-sivupoydat","10":"first","11":"instock","12":"taxable","13":"shipping-taxable","14":"purchasable","15":"product-type-simple"},"_links":{"self":[{"href":"https:\/\/www.otiumhome.fi\/index.php\/wp-json\/wp\/v2\/product\/93814","targetHints":{"allow":["GET"]}}],"collection":[{"href":"https:\/\/www.otiumhome.fi\/index.php\/wp-json\/wp\/v2\/product"}],"about":[{"href":"https:\/\/www.otiumhome.fi\/index.php\/wp-json\/wp\/v2\/types\/product"}],"replies":[{"embeddable":true,"href":"https:\/\/www.otiumhome.fi\/index.php\/wp-json\/wp\/v2\/comments?post=93814"}],"wp:featuredmedia":[{"embeddable":true,"href":"https:\/\/www.otiumhome.fi\/index.php\/wp-json\/"}],"wp:attachment":[{"href":"https:\/\/www.otiumhome.fi\/index.php\/wp-json\/wp\/v2\/media?parent=93814"}],"wp:term":[{"taxonomy":"product_brand","embeddable":true,"href":"https:\/\/www.otiumhome.fi\/index.php\/wp-json\/wp\/v2\/product_brand?post=93814"},{"taxonomy":"product_cat","embeddable":true,"href":"https:\/\/www.otiumhome.fi\/index.php\/wp-json\/wp\/v2\/product_cat?post=93814"},{"taxonomy":"product_tag","embeddable":true,"href":"https:\/\/www.otiumhome.fi\/index.php\/wp-json\/wp\/v2\/product_tag?post=93814"}],"curies":[{"name":"wp","href":"https:\/\/api.w.org\/{rel}","templated":true}]}}