{"id":93810,"date":"2024-12-15T08:34:37","date_gmt":"2024-12-15T08:34:37","guid":{"rendered":"https:\/\/www.otiumhome.fi\/?p=93810"},"modified":"2025-06-06T15:33:58","modified_gmt":"2025-06-06T15:33:58","slug":"poytapesa-3-kpl-artesaani-tammi-tekninen-puu","status":"publish","type":"product","link":"https:\/\/www.otiumhome.fi\/index.php\/tuote\/poytapesa-3-kpl-artesaani-tammi-tekninen-puu\/","title":{"rendered":"P\u00f6yt\u00e4pes\u00e4 3 kpl artesaani tammi tekninen puu"},"content":{"rendered":"<p>Tuo ripaus eleganssia nykyiseen kotisi sisustukseen n\u00e4ill\u00e4 erottuvilla ja tyylikk\u00e4ill\u00e4 p\u00f6ytien pesill\u00e4!<\/p>\n<\/p>\n<ul>\n<li>Vakaa ja kest\u00e4v\u00e4 materiaali: Tekninen puu on kest\u00e4v\u00e4 ja vakaa materiaali, jonka sile\u00e4 pinta kest\u00e4\u00e4 kosteutta, v\u00e4\u00e4ntymist\u00e4 ja halkeilua, joten se on luotettava valinta erilaisiin projekteihin.<\/li>\n<li>P\u00e4\u00e4llekk\u00e4inen muotoilu: Sarjap\u00f6yd\u00e4t ovat eri kokoisia, jotta ne t\u00e4ytt\u00e4v\u00e4t erilaiset tarpeesi. Pienempi p\u00f6yt\u00e4 liukuu suuremman p\u00f6yd\u00e4n alle, jos tarvitset lis\u00e4\u00e4 tilaa. Voit j\u00e4rjest\u00e4\u00e4 ne my\u00f6s erikseen maksimaalisen p\u00f6yt\u00e4tilan saamiseksi.<\/li>\n<li>Monipuolinen toimivuus: Sarjasivup\u00f6yd\u00e4t ovat monipuoliset! Mit\u00e4 tahansa niist\u00e4 voidaan k\u00e4ytt\u00e4\u00e4 makuuhuoneessa y\u00f6p\u00f6yt\u00e4n\u00e4, olohuoneessa ja toimistossa sivu- tai sohvap\u00f6yt\u00e4n\u00e4.<\/li>\n<li>Helppo huoltaa: Sile\u00e4n pinnan ansiosta tukeva pes\u00e4p\u00f6yt\u00e4sarja on helppo puhdistaa kostealla liinalla ja vaatii v\u00e4hemm\u00e4n huoltoa.<\/li>\n<\/ul>\n<ul>\n<li>V\u00e4ri: artisaanitammi<\/li>\n<li>Materiaali: Tekninen puu<\/li>\n<li>Mitat (P): 61 x 28 x 47 cm (P x L x K)<\/li>\n<li>Mitat (K): 43 x 28 x 37 cm (P x L x K)<\/li>\n<li>Mitat (S): 25 x 28 x 27 cm (P x L x K)<\/li>\n<li>Asennus vaaditaan: Kyll\u00e4<\/li>\n<li><strong>Toimitus sis\u00e4lt\u00e4\u00e4:<\/strong><\/li>\n<li>1 x suuri p\u00f6yt\u00e4<\/li>\n<li>1 x keskisuuri p\u00f6yt\u00e4<\/li>\n<li>1 x pieni p\u00f6yt\u00e4<\/li>\n<\/ul>\n","protected":false},"excerpt":{"rendered":"<ul>\n<li>V\u00e4ri: artisaanitammi<\/li>\n<li>Materiaali: Tekninen puu<\/li>\n<li>Mitat (P): 61 x 28 x 47 cm (P x L x K)<\/li>\n<li>Mitat (K): 43 x 28 x 37 cm (P x L x K)<\/li>\n<li>Mitat (S): 25 x 28 x 27 cm (P x L x K)<\/li>\n<li>Asennus vaaditaan: Kyll\u00e4<\/li>\n<li><strong>Toimitus sis\u00e4lt\u00e4\u00e4:<\/strong><\/li>\n<li>1 x suuri p\u00f6yt\u00e4<\/li>\n<li>1 x keskisuuri p\u00f6yt\u00e4<\/li>\n<li>1 x pieni p\u00f6yt\u00e4<\/li>\n<\/ul>\n","protected":false},"featured_media":10000093810,"comment_status":"closed","ping_status":"closed","template":"","meta":[],"product_brand":[],"product_cat":[8534,84,8533],"product_tag":[],"class_list":{"0":"post-93810","1":"product","2":"type-product","3":"status-publish","4":"has-post-thumbnail","6":"product_cat-apupoydat","7":"product_cat-huonekalut","8":"product_cat-sivupoydat","10":"first","11":"instock","12":"taxable","13":"shipping-taxable","14":"purchasable","15":"product-type-simple"},"_links":{"self":[{"href":"https:\/\/www.otiumhome.fi\/index.php\/wp-json\/wp\/v2\/product\/93810","targetHints":{"allow":["GET"]}}],"collection":[{"href":"https:\/\/www.otiumhome.fi\/index.php\/wp-json\/wp\/v2\/product"}],"about":[{"href":"https:\/\/www.otiumhome.fi\/index.php\/wp-json\/wp\/v2\/types\/product"}],"replies":[{"embeddable":true,"href":"https:\/\/www.otiumhome.fi\/index.php\/wp-json\/wp\/v2\/comments?post=93810"}],"wp:featuredmedia":[{"embeddable":true,"href":"https:\/\/www.otiumhome.fi\/index.php\/wp-json\/"}],"wp:attachment":[{"href":"https:\/\/www.otiumhome.fi\/index.php\/wp-json\/wp\/v2\/media?parent=93810"}],"wp:term":[{"taxonomy":"product_brand","embeddable":true,"href":"https:\/\/www.otiumhome.fi\/index.php\/wp-json\/wp\/v2\/product_brand?post=93810"},{"taxonomy":"product_cat","embeddable":true,"href":"https:\/\/www.otiumhome.fi\/index.php\/wp-json\/wp\/v2\/product_cat?post=93810"},{"taxonomy":"product_tag","embeddable":true,"href":"https:\/\/www.otiumhome.fi\/index.php\/wp-json\/wp\/v2\/product_tag?post=93810"}],"curies":[{"name":"wp","href":"https:\/\/api.w.org\/{rel}","templated":true}]}}