{"id":93804,"date":"2024-12-15T08:34:37","date_gmt":"2024-12-15T08:34:37","guid":{"rendered":"https:\/\/www.otiumhome.fi\/?p=93804"},"modified":"2025-06-06T15:33:58","modified_gmt":"2025-06-06T15:33:58","slug":"sivupoydat-3-kpl-vanhaa-puuta-lastulevy","status":"publish","type":"product","link":"https:\/\/www.otiumhome.fi\/index.php\/tuote\/sivupoydat-3-kpl-vanhaa-puuta-lastulevy\/","title":{"rendered":"Sivup\u00f6yd\u00e4t 3 kpl vanhaa puuta lastulevy"},"content":{"rendered":"<p>Olennainen osa kaikkeen elintilaan: sivup\u00f6yd\u00e4t! N\u00e4m\u00e4 klassiset, erikokoiset sivup\u00f6yd\u00e4t t\u00e4ytt\u00e4v\u00e4t monet eri tarpeesi.<\/p>\n<\/p>\n<ul>\n<li>Pitk\u00e4ik\u00e4inen materiaali: Tekninen puu on poikkeuksellisen laadukasta ja sile\u00e4pintaista. Se on luja, vakaa ja kosteudelle vastustuskykyinen.<\/li>\n<li>Useita k\u00e4ytt\u00f6tarkoituksia: N\u00e4it\u00e4 sohvap\u00f6yti\u00e4 voidaan k\u00e4ytt\u00e4\u00e4 olohuoneessa juomien ja muiden tarpeellisten l\u00e4hettyville asettamiseen. Voit my\u00f6s asettaa yhden niist\u00e4 makuuhuoneeseen ja k\u00e4ytt\u00e4\u00e4 sit\u00e4 ainutlaatuisena y\u00f6p\u00f6yt\u00e4n\u00e4!<\/li>\n<li>Helposti puhdistettava pinta: N\u00e4m\u00e4 p\u00e4\u00e4typ\u00f6yd\u00e4t on helppo puhdistaa kostealla liinalla.<\/li>\n<\/ul>\n<ul>\n<li>V\u00e4ri: Vanha puu<\/li>\n<li>Materiaali: Tekninen puu<\/li>\n<li>Suuren p\u00f6yd\u00e4n mitat: 45 x 45 x 45 cm (P x L x K)<\/li>\n<li>Keskisuuren p\u00f6yd\u00e4n mitat: 35 x 35 x 35 cm (P x L x K)<\/li>\n<li>Pienen p\u00f6yd\u00e4n mitat: 24 x 24 x 24 cm (P x L x K)<\/li>\n<li><strong>Toimitus sis\u00e4lt\u00e4\u00e4:<\/strong><\/li>\n<li>1 x suuri p\u00f6yt\u00e4<\/li>\n<li>1 x keskisuuri p\u00f6yt\u00e4<\/li>\n<li>1 x pieni p\u00f6yt\u00e4<\/li>\n<\/ul>\n","protected":false},"excerpt":{"rendered":"<ul>\n<li>V\u00e4ri: Vanha puu<\/li>\n<li>Materiaali: Tekninen puu<\/li>\n<li>Suuren p\u00f6yd\u00e4n mitat: 45 x 45 x 45 cm (P x L x K)<\/li>\n<li>Keskisuuren p\u00f6yd\u00e4n mitat: 35 x 35 x 35 cm (P x L x K)<\/li>\n<li>Pienen p\u00f6yd\u00e4n mitat: 24 x 24 x 24 cm (P x L x K)<\/li>\n<li><strong>Toimitus sis\u00e4lt\u00e4\u00e4:<\/strong><\/li>\n<li>1 x suuri p\u00f6yt\u00e4<\/li>\n<li>1 x keskisuuri p\u00f6yt\u00e4<\/li>\n<li>1 x pieni p\u00f6yt\u00e4<\/li>\n<\/ul>\n","protected":false},"featured_media":10000093804,"comment_status":"closed","ping_status":"closed","template":"","meta":[],"product_brand":[],"product_cat":[8534,84,8533],"product_tag":[],"class_list":{"0":"post-93804","1":"product","2":"type-product","3":"status-publish","4":"has-post-thumbnail","6":"product_cat-apupoydat","7":"product_cat-huonekalut","8":"product_cat-sivupoydat","10":"first","11":"instock","12":"taxable","13":"shipping-taxable","14":"purchasable","15":"product-type-simple"},"_links":{"self":[{"href":"https:\/\/www.otiumhome.fi\/index.php\/wp-json\/wp\/v2\/product\/93804","targetHints":{"allow":["GET"]}}],"collection":[{"href":"https:\/\/www.otiumhome.fi\/index.php\/wp-json\/wp\/v2\/product"}],"about":[{"href":"https:\/\/www.otiumhome.fi\/index.php\/wp-json\/wp\/v2\/types\/product"}],"replies":[{"embeddable":true,"href":"https:\/\/www.otiumhome.fi\/index.php\/wp-json\/wp\/v2\/comments?post=93804"}],"wp:featuredmedia":[{"embeddable":true,"href":"https:\/\/www.otiumhome.fi\/index.php\/wp-json\/"}],"wp:attachment":[{"href":"https:\/\/www.otiumhome.fi\/index.php\/wp-json\/wp\/v2\/media?parent=93804"}],"wp:term":[{"taxonomy":"product_brand","embeddable":true,"href":"https:\/\/www.otiumhome.fi\/index.php\/wp-json\/wp\/v2\/product_brand?post=93804"},{"taxonomy":"product_cat","embeddable":true,"href":"https:\/\/www.otiumhome.fi\/index.php\/wp-json\/wp\/v2\/product_cat?post=93804"},{"taxonomy":"product_tag","embeddable":true,"href":"https:\/\/www.otiumhome.fi\/index.php\/wp-json\/wp\/v2\/product_tag?post=93804"}],"curies":[{"name":"wp","href":"https:\/\/api.w.org\/{rel}","templated":true}]}}