{"id":93798,"date":"2024-12-15T08:34:37","date_gmt":"2024-12-15T08:34:37","guid":{"rendered":"https:\/\/www.otiumhome.fi\/?p=93798"},"modified":"2025-11-04T01:45:22","modified_gmt":"2025-11-04T01:45:22","slug":"konsolipoyta-artesaani-tammi-102x30x80-cm-tekninen-puu","status":"publish","type":"product","link":"https:\/\/www.otiumhome.fi\/index.php\/tuote\/konsolipoyta-artesaani-tammi-102x30x80-cm-tekninen-puu\/","title":{"rendered":"Konsolip\u00f6yt\u00e4 artesaani tammi 102x30x80 cm tekninen puu"},"content":{"rendered":"<p>T\u00e4m\u00e4 konsolip\u00f6yt\u00e4 tarjoaa runsaasti s\u00e4ilytystilaa ja t\u00e4ydent\u00e4\u00e4 samalla kotisi sisustusta. Se sopii t\u00e4ydellisesti olohuoneeseen, makuuhuoneeseen ja k\u00e4yt\u00e4v\u00e4\u00e4n.<\/p>\n<\/p>\n<ul>\n<li>Vakaa ja kest\u00e4v\u00e4 materiaali: Tekninen puu on kest\u00e4v\u00e4 ja vakaa materiaali, jonka sile\u00e4 pinta kest\u00e4\u00e4 kosteutta, v\u00e4\u00e4ntymist\u00e4 ja halkeilua, joten se on luotettava valinta erilaisiin projekteihin.<\/li>\n<li>Runsaasti s\u00e4ilytystilaa: Sohvap\u00f6yt\u00e4 hyllyll\u00e4, joka tarjoaa runsaasti s\u00e4ilytystilaa lehtien, kirjojen, koriste-esineiden ja muiden p\u00e4ivitt\u00e4isten tarvikkeiden pit\u00e4miseen j\u00e4rjestyksess\u00e4 ja k\u00e4den ulottuvilla.<\/li>\n<li>Useita k\u00e4ytt\u00f6kohteita: Eteisen p\u00f6yt\u00e4 palvelee useita tarkoituksia. Voit sijoittaa sen eteiseen avaimien, lehtien ja eteislampun s\u00e4ilytykseen. Voit my\u00f6s asettaa sen l\u00e4helle ikkunaa rakkaiden kasviesi esittelemiseksi. Kun taas tarvitset olohuoneen p\u00e4\u00e4typ\u00f6yt\u00e4\u00e4, t\u00e4m\u00e4 konsolip\u00f6yt\u00e4 t\u00e4ytt\u00e4\u00e4 sen tarpeen saumattomasti.<\/li>\n<li>Helppo huoltaa: Sile\u00e4n pinnan ansiosta eteisen p\u00f6yt\u00e4 on helppo puhdistaa kostealla liinalla ja se tarvitsee vain v\u00e4h\u00e4ist\u00e4 huoltoa.<\/li>\n<\/ul>\n<p>Varoitus:<\/p>\n<ul>\n<li>Kaatumisen est\u00e4miseksi t\u00e4t\u00e4 tuotetta on k\u00e4ytett\u00e4v\u00e4 mukana toimitetun sein\u00e4kiinnityslaitteen kanssa.<\/li>\n<\/ul>\n<ul>\n<li>V\u00e4ri: artisaanitammi<\/li>\n<li>Materiaali: Tekninen puu<\/li>\n<li>Mitat: 102 x 30 x 80 cm (P x L x K)<\/li>\n<li>Maksimipainokapasiteetti (yhteens\u00e4): 60 kg<\/li>\n<li>Asennus vaaditaan: Kyll\u00e4<\/li>\n<\/ul>\n","protected":false},"excerpt":{"rendered":"<ul>\n<li>V\u00e4ri: artisaanitammi<\/li>\n<li>Materiaali: Tekninen puu<\/li>\n<li>Mitat: 102 x 30 x 80 cm (P x L x K)<\/li>\n<li>Maksimipainokapasiteetti (yhteens\u00e4): 60 kg<\/li>\n<li>Asennus vaaditaan: Kyll\u00e4<\/li>\n<\/ul>\n","protected":false},"featured_media":10000093798,"comment_status":"closed","ping_status":"closed","template":"","meta":[],"product_brand":[],"product_cat":[8534,84,8533],"product_tag":[],"class_list":{"0":"post-93798","1":"product","2":"type-product","3":"status-publish","4":"has-post-thumbnail","6":"product_cat-apupoydat","7":"product_cat-huonekalut","8":"product_cat-sivupoydat","10":"first","11":"instock","12":"taxable","13":"shipping-taxable","14":"purchasable","15":"product-type-simple"},"_links":{"self":[{"href":"https:\/\/www.otiumhome.fi\/index.php\/wp-json\/wp\/v2\/product\/93798","targetHints":{"allow":["GET"]}}],"collection":[{"href":"https:\/\/www.otiumhome.fi\/index.php\/wp-json\/wp\/v2\/product"}],"about":[{"href":"https:\/\/www.otiumhome.fi\/index.php\/wp-json\/wp\/v2\/types\/product"}],"replies":[{"embeddable":true,"href":"https:\/\/www.otiumhome.fi\/index.php\/wp-json\/wp\/v2\/comments?post=93798"}],"wp:featuredmedia":[{"embeddable":true,"href":"https:\/\/www.otiumhome.fi\/index.php\/wp-json\/"}],"wp:attachment":[{"href":"https:\/\/www.otiumhome.fi\/index.php\/wp-json\/wp\/v2\/media?parent=93798"}],"wp:term":[{"taxonomy":"product_brand","embeddable":true,"href":"https:\/\/www.otiumhome.fi\/index.php\/wp-json\/wp\/v2\/product_brand?post=93798"},{"taxonomy":"product_cat","embeddable":true,"href":"https:\/\/www.otiumhome.fi\/index.php\/wp-json\/wp\/v2\/product_cat?post=93798"},{"taxonomy":"product_tag","embeddable":true,"href":"https:\/\/www.otiumhome.fi\/index.php\/wp-json\/wp\/v2\/product_tag?post=93798"}],"curies":[{"name":"wp","href":"https:\/\/api.w.org\/{rel}","templated":true}]}}