{"id":93768,"date":"2024-12-15T08:34:36","date_gmt":"2024-12-15T08:34:36","guid":{"rendered":"https:\/\/www.otiumhome.fi\/?p=93768"},"modified":"2025-06-06T15:33:58","modified_gmt":"2025-06-06T15:33:58","slug":"sivupoyta-vanhaa-puuta-50x26x50-cm-lastulevy","status":"publish","type":"product","link":"https:\/\/www.otiumhome.fi\/index.php\/tuote\/sivupoyta-vanhaa-puuta-50x26x50-cm-lastulevy\/","title":{"rendered":"Sivup\u00f6yt\u00e4 vanhaa puuta 50x26x50 cm lastulevy"},"content":{"rendered":"<p>Muuta asuintilasi tyylikk\u00e4\u00e4ll\u00e4 ja toimivalla sivup\u00f6yd\u00e4ll\u00e4, joka on suunniteltu mukautumaan tarpeisiisi ja parantamaan kotisi yleist\u00e4 estetiikkaa.<\/p>\n<\/p>\n<ul>\n<li>Vakaa ja kest\u00e4v\u00e4 materiaali: Tekninen puu on kest\u00e4v\u00e4 ja vakaa materiaali, jonka sile\u00e4 pinta kest\u00e4\u00e4 kosteutta, v\u00e4\u00e4ntymist\u00e4 ja halkeilua, joten se on luotettava valinta erilaisiin projekteihin.<\/li>\n<li>Runsaasti s\u00e4ilytystilaa: Sivup\u00f6yd\u00e4ss\u00e4 on runsaasti s\u00e4ilytystilaa avoimilla hyllyill\u00e4, joiden avulla voit j\u00e4rjest\u00e4\u00e4 ja n\u00e4ytt\u00e4\u00e4 esineit\u00e4, kuten kirjoja, lehti\u00e4 tai koriste-esineit\u00e4, pit\u00e4en olohuoneesi sotkuttomana.<\/li>\n<li>Monipuolinen k\u00e4ytt\u00f6: T\u00e4m\u00e4 p\u00f6yt\u00e4 toimii sek\u00e4 k\u00e4tev\u00e4n\u00e4 sivusohvap\u00f6yt\u00e4n\u00e4 ett\u00e4 tyylikk\u00e4\u00e4n\u00e4 n\u00e4ytt\u00f6yksikk\u00f6n\u00e4. Voit asettaa kahvikupin helposti k\u00e4sivarren ulottuville p\u00f6yd\u00e4lle tai k\u00e4ytt\u00e4\u00e4 sit\u00e4 valokuvien ja henkil\u00f6kohtaisten kokoelmien esittelyyn.<\/li>\n<li>Moderni vieh\u00e4tys: Tyylikk\u00e4\u00e4ss\u00e4 sivup\u00f6yd\u00e4ss\u00e4 on selke\u00e4t linjat ja minimalistinen muotoilu, ja sen ainutlaatuinen kulmarakenne tekee siit\u00e4 ihanteellisen istuvuuden mihin tahansa tilaan. Sen nykyaikainen ulkoasu kohottaa vaivattomasti kotisi sisustusta ja lis\u00e4\u00e4 ajatonta ja tyylik\u00e4st\u00e4 tunnelmaa yleiseen tunnelmaan.<\/li>\n<li>Helppo huoltaa: Sile\u00e4n pinnan ansiosta kaluste on helppo puhdistaa kostealla liinalla ja se tarvitsee vain v\u00e4h\u00e4ist\u00e4 huoltoa.<\/li>\n<\/ul>\n<p>Varoitus:<\/p>\n<ul>\n<li>Kaatumisen est\u00e4miseksi t\u00e4t\u00e4 tuotetta on k\u00e4ytett\u00e4v\u00e4 mukana toimitetun sein\u00e4kiinnityslaitteen kanssa.<\/li>\n<\/ul>\n<ul>\n<li>V\u00e4ri: Vanha puu<\/li>\n<li>Materiaali: Tekninen puu<\/li>\n<li>Mitat: 50 x 26 x 50 cm (L x S x K)<\/li>\n<li>Max. kantavuus (yhteens\u00e4): 60 kg<\/li>\n<li>Asennus vaaditaan: Kyll\u00e4<\/li>\n<\/ul>\n","protected":false},"excerpt":{"rendered":"<ul>\n<li>V\u00e4ri: Vanha puu<\/li>\n<li>Materiaali: Tekninen puu<\/li>\n<li>Mitat: 50 x 26 x 50 cm (L x S x K)<\/li>\n<li>Max. kantavuus (yhteens\u00e4): 60 kg<\/li>\n<li>Asennus vaaditaan: Kyll\u00e4<\/li>\n<\/ul>\n","protected":false},"featured_media":10000093768,"comment_status":"closed","ping_status":"closed","template":"","meta":[],"product_brand":[],"product_cat":[8534,84,8533],"product_tag":[],"class_list":{"0":"post-93768","1":"product","2":"type-product","3":"status-publish","4":"has-post-thumbnail","6":"product_cat-apupoydat","7":"product_cat-huonekalut","8":"product_cat-sivupoydat","10":"first","11":"instock","12":"taxable","13":"shipping-taxable","14":"purchasable","15":"product-type-simple"},"_links":{"self":[{"href":"https:\/\/www.otiumhome.fi\/index.php\/wp-json\/wp\/v2\/product\/93768","targetHints":{"allow":["GET"]}}],"collection":[{"href":"https:\/\/www.otiumhome.fi\/index.php\/wp-json\/wp\/v2\/product"}],"about":[{"href":"https:\/\/www.otiumhome.fi\/index.php\/wp-json\/wp\/v2\/types\/product"}],"replies":[{"embeddable":true,"href":"https:\/\/www.otiumhome.fi\/index.php\/wp-json\/wp\/v2\/comments?post=93768"}],"wp:featuredmedia":[{"embeddable":true,"href":"https:\/\/www.otiumhome.fi\/index.php\/wp-json\/"}],"wp:attachment":[{"href":"https:\/\/www.otiumhome.fi\/index.php\/wp-json\/wp\/v2\/media?parent=93768"}],"wp:term":[{"taxonomy":"product_brand","embeddable":true,"href":"https:\/\/www.otiumhome.fi\/index.php\/wp-json\/wp\/v2\/product_brand?post=93768"},{"taxonomy":"product_cat","embeddable":true,"href":"https:\/\/www.otiumhome.fi\/index.php\/wp-json\/wp\/v2\/product_cat?post=93768"},{"taxonomy":"product_tag","embeddable":true,"href":"https:\/\/www.otiumhome.fi\/index.php\/wp-json\/wp\/v2\/product_tag?post=93768"}],"curies":[{"name":"wp","href":"https:\/\/api.w.org\/{rel}","templated":true}]}}