{"id":93615,"date":"2024-12-15T08:29:23","date_gmt":"2024-12-15T08:29:23","guid":{"rendered":"https:\/\/www.otiumhome.fi\/?p=93615"},"modified":"2025-06-06T15:33:38","modified_gmt":"2025-06-06T15:33:38","slug":"konsolipoyta-90x30x75-cm-taysi-akaasiapuu","status":"publish","type":"product","link":"https:\/\/www.otiumhome.fi\/index.php\/tuote\/konsolipoyta-90x30x75-cm-taysi-akaasiapuu\/","title":{"rendered":"Konsolip\u00f6yt\u00e4 90x30x75 cm t\u00e4ysi akaasiapuu"},"content":{"rendered":"<p>T\u00e4m\u00e4 teollistyylinen puinen konsolip\u00f6yt\u00e4 huokuu vintagetunnelmaa ja se on taatusti ajaton lis\u00e4 kotiisi sisustukseen.<\/p>\n<\/p>\n<p>T\u00e4m\u00e4 etuosan kiviraitakuvioilla varustettu sivup\u00f6yt\u00e4 on valmistettu akaasiapuusta, joka on tukeva, kest\u00e4v\u00e4 ja kaunis materiaali. K\u00e4sity\u00f6n taito ja kauniit puun syyt tekev\u00e4t jokaisesta huonekalusta ainutlaatuisen ja hieman erilaisen muista. Jokainen ty\u00f6vaihe on tehty erityisen huolellisesti, olkoon se sitten kiillotus, maalaus tai lakkaus. Jauhemaalatut ter\u00e4sjalat lis\u00e4\u00e4v\u00e4t eteisen p\u00f6yd\u00e4n teollista tyyli\u00e4. Lis\u00e4ksi t\u00e4ss\u00e4 eteisen p\u00f6yd\u00e4ss\u00e4 on kaksi laatikkoa, joka tarjoaa reilusti tilaa pit\u00e4m\u00e4\u00e4n kaikki pienesineet j\u00e4rjestyksess\u00e4 ja k\u00e4ttesi ulottuvilla. Tuote on helppo koota.<\/p>\n<\/p>\n<p>T\u00e4rke\u00e4 huomio: V\u00e4rit ja puunsyyt vaihtelevat kappaleittain, mik\u00e4 tekee jokaisesta huonekalusta ainutlaatuisen. Toimitus on sattumanvarainen, t\u00e4m\u00e4 takaa tuotteesi ainutlaatuisuuden.<\/p>\n<ul>\n<li>Materiaali: t\u00e4ysi akaasiapuu, ter\u00e4s<\/li>\n<li>Kokonaismitat: 90 x 30 x 75 cm (P x L x K)<\/li>\n<li>Laatikon mitat: 90 x 30 x 15 cm (P x L x K)<\/li>\n<li>Kaksi laatikkoa raitakuvioilla<\/li>\n<li>Hiottu, maalattu ja lakattu<\/li>\n<li>Asennus vaaditaan: kyll\u00e4<\/li>\n<li>VAROITUS: kaatumisen est\u00e4miseksi on t\u00e4t\u00e4 tuotetta k\u00e4ytett\u00e4v\u00e4 mukana toimitetun sein\u00e4kiinnityslaitteen kanssa.<\/li>\n<li>Legal Documents:\n<p><span>Lis\u00e4tietoja huonekalujesi kaatumisen est\u00e4misest\u00e4 voit l\u00f6yt\u00e4\u00e4 <span style=\"text-decoration: underline\"><strong><a title=\"https:\/\/bit.ly\/3bVwkQp\" href=\"https:\/\/bit.ly\/3bVwkQp\" target=\"_blank\">t\u00e4\u00e4lt\u00e4<\/a><\/strong><\/span><\/span><\/p>\n<\/li>\n<\/ul>\n","protected":false},"excerpt":{"rendered":"<ul>\n<li>Materiaali: t\u00e4ysi akaasiapuu, ter\u00e4s<\/li>\n<li>Kokonaismitat: 90 x 30 x 75 cm (P x L x K)<\/li>\n<li>Laatikon mitat: 90 x 30 x 15 cm (P x L x K)<\/li>\n<li>Kaksi laatikkoa raitakuvioilla<\/li>\n<li>Hiottu, maalattu ja lakattu<\/li>\n<li>Asennus vaaditaan: kyll\u00e4<\/li>\n<li>VAROITUS: kaatumisen est\u00e4miseksi on t\u00e4t\u00e4 tuotetta k\u00e4ytett\u00e4v\u00e4 mukana toimitetun sein\u00e4kiinnityslaitteen kanssa.<\/li>\n<li>Legal Documents:\n<p><span>Lis\u00e4tietoja huonekalujesi kaatumisen est\u00e4misest\u00e4 voit l\u00f6yt\u00e4\u00e4 <span style=\"text-decoration: underline\"><strong><a title=\"https:\/\/bit.ly\/3bVwkQp\" href=\"https:\/\/bit.ly\/3bVwkQp\" target=\"_blank\">t\u00e4\u00e4lt\u00e4<\/a><\/strong><\/span><\/span><\/p>\n<\/li>\n<\/ul>\n","protected":false},"featured_media":10000093615,"comment_status":"closed","ping_status":"closed","template":"","meta":[],"product_brand":[],"product_cat":[8534,84,8533],"product_tag":[],"class_list":{"0":"post-93615","1":"product","2":"type-product","3":"status-publish","4":"has-post-thumbnail","6":"product_cat-apupoydat","7":"product_cat-huonekalut","8":"product_cat-sivupoydat","10":"first","11":"instock","12":"taxable","13":"shipping-taxable","14":"purchasable","15":"product-type-simple"},"_links":{"self":[{"href":"https:\/\/www.otiumhome.fi\/index.php\/wp-json\/wp\/v2\/product\/93615","targetHints":{"allow":["GET"]}}],"collection":[{"href":"https:\/\/www.otiumhome.fi\/index.php\/wp-json\/wp\/v2\/product"}],"about":[{"href":"https:\/\/www.otiumhome.fi\/index.php\/wp-json\/wp\/v2\/types\/product"}],"replies":[{"embeddable":true,"href":"https:\/\/www.otiumhome.fi\/index.php\/wp-json\/wp\/v2\/comments?post=93615"}],"wp:featuredmedia":[{"embeddable":true,"href":"https:\/\/www.otiumhome.fi\/index.php\/wp-json\/"}],"wp:attachment":[{"href":"https:\/\/www.otiumhome.fi\/index.php\/wp-json\/wp\/v2\/media?parent=93615"}],"wp:term":[{"taxonomy":"product_brand","embeddable":true,"href":"https:\/\/www.otiumhome.fi\/index.php\/wp-json\/wp\/v2\/product_brand?post=93615"},{"taxonomy":"product_cat","embeddable":true,"href":"https:\/\/www.otiumhome.fi\/index.php\/wp-json\/wp\/v2\/product_cat?post=93615"},{"taxonomy":"product_tag","embeddable":true,"href":"https:\/\/www.otiumhome.fi\/index.php\/wp-json\/wp\/v2\/product_tag?post=93615"}],"curies":[{"name":"wp","href":"https:\/\/api.w.org\/{rel}","templated":true}]}}