{"id":93581,"date":"2024-12-15T08:29:22","date_gmt":"2024-12-15T08:29:22","guid":{"rendered":"https:\/\/www.otiumhome.fi\/?p=93581"},"modified":"2025-06-06T15:33:33","modified_gmt":"2025-06-06T15:33:33","slug":"sivupoydat-2-kpl-musta-40x40x39-cm-taysi-manty","status":"publish","type":"product","link":"https:\/\/www.otiumhome.fi\/index.php\/tuote\/sivupoydat-2-kpl-musta-40x40x39-cm-taysi-manty\/","title":{"rendered":"Sivup\u00f6yd\u00e4t 2 kpl musta 40x40x39 cm t\u00e4ysi m\u00e4nty"},"content":{"rendered":"<p>Etsitk\u00f6 p\u00f6yt\u00e4\u00e4, jossa voit pit\u00e4\u00e4 t\u00e4rke\u00e4t tavarasi? N\u00e4m\u00e4 puiset sivup\u00f6yd\u00e4t ovat t\u00e4ydellinen valinta. Ne ovat sek\u00e4 k\u00e4yt\u00e4nn\u00f6llisi\u00e4 ett\u00e4 kauniita!<\/p>\n<\/p>\n<ul>\n<li>T\u00e4ysi m\u00e4nty: T\u00e4ysi m\u00e4nty on kaunis luonnollinen materiaali. M\u00e4nnyll\u00e4 on suorat puunsyyt ja sen oksanpaikat antavat materiaalille sen ominaisen rustiikkisen ilmeen. P\u00e4\u00e4typ\u00f6yt\u00e4 on valmistettu t\u00e4ydest\u00e4 m\u00e4nnyst\u00e4, tehden siit\u00e4 vakaan ja kest\u00e4v\u00e4n. <\/li>\n<li>Runsaasti s\u00e4ilytystilaa: Sohvap\u00f6yd\u00e4ss\u00e4 on vetolaatikko, joka on t\u00e4ydellinen p\u00e4ivitt\u00e4istavaroiden s\u00e4ilytt\u00e4miseen helposti ulottuvilla. P\u00f6yt\u00e4levy tarjoaa vakaan ja turvallisen pinnan juomille, ruoalle ja muille tarpeellisille tavaroille. <\/li>\n<li>Monipuolinen suunnittelu: Voit helposti siirt\u00e4\u00e4 sohvap\u00f6yd\u00e4n mihin tahansa vain pienell\u00e4 vaivalla. Ne sopivat t\u00e4ydellisesti olohuoneeseen sivup\u00f6ydiksi tai jopa pieniksi kahvip\u00f6ydiksi. Ne ovat my\u00f6s upea valinta y\u00f6p\u00f6ydiksi makuuhuoneeseen! <\/li>\n<\/ul>\n<p>Huomioi:<\/p>\n<ul>\n<li>Jokaisen tuotteen mukana on laatikossa kokoonpano-ohje helppoa asennusta varten.<\/li>\n<\/ul>\n<ul>\n<li>V\u00e4ri: Musta <\/li>\n<li>Materiaali: T\u00e4ysi m\u00e4nty<\/li>\n<li>Mitat: 40 x 40 x 39 cm (P x L x K)<\/li>\n<li><strong>Toimitus sis\u00e4lt\u00e4\u00e4:<\/strong><\/li>\n<li>2 x sivup\u00f6yt\u00e4<\/li>\n<\/ul>\n","protected":false},"excerpt":{"rendered":"<ul>\n<li>V\u00e4ri: Musta <\/li>\n<li>Materiaali: T\u00e4ysi m\u00e4nty<\/li>\n<li>Mitat: 40 x 40 x 39 cm (P x L x K)<\/li>\n<li><strong>Toimitus sis\u00e4lt\u00e4\u00e4:<\/strong><\/li>\n<li>2 x sivup\u00f6yt\u00e4<\/li>\n<\/ul>\n","protected":false},"featured_media":10000093581,"comment_status":"closed","ping_status":"closed","template":"","meta":[],"product_brand":[],"product_cat":[8534,84,8533],"product_tag":[],"class_list":{"0":"post-93581","1":"product","2":"type-product","3":"status-publish","4":"has-post-thumbnail","6":"product_cat-apupoydat","7":"product_cat-huonekalut","8":"product_cat-sivupoydat","10":"first","11":"instock","12":"taxable","13":"shipping-taxable","14":"purchasable","15":"product-type-simple"},"_links":{"self":[{"href":"https:\/\/www.otiumhome.fi\/index.php\/wp-json\/wp\/v2\/product\/93581","targetHints":{"allow":["GET"]}}],"collection":[{"href":"https:\/\/www.otiumhome.fi\/index.php\/wp-json\/wp\/v2\/product"}],"about":[{"href":"https:\/\/www.otiumhome.fi\/index.php\/wp-json\/wp\/v2\/types\/product"}],"replies":[{"embeddable":true,"href":"https:\/\/www.otiumhome.fi\/index.php\/wp-json\/wp\/v2\/comments?post=93581"}],"wp:featuredmedia":[{"embeddable":true,"href":"https:\/\/www.otiumhome.fi\/index.php\/wp-json\/"}],"wp:attachment":[{"href":"https:\/\/www.otiumhome.fi\/index.php\/wp-json\/wp\/v2\/media?parent=93581"}],"wp:term":[{"taxonomy":"product_brand","embeddable":true,"href":"https:\/\/www.otiumhome.fi\/index.php\/wp-json\/wp\/v2\/product_brand?post=93581"},{"taxonomy":"product_cat","embeddable":true,"href":"https:\/\/www.otiumhome.fi\/index.php\/wp-json\/wp\/v2\/product_cat?post=93581"},{"taxonomy":"product_tag","embeddable":true,"href":"https:\/\/www.otiumhome.fi\/index.php\/wp-json\/wp\/v2\/product_tag?post=93581"}],"curies":[{"name":"wp","href":"https:\/\/api.w.org\/{rel}","templated":true}]}}