{"id":93579,"date":"2024-12-15T08:29:22","date_gmt":"2024-12-15T08:29:22","guid":{"rendered":"https:\/\/www.otiumhome.fi\/?p=93579"},"modified":"2025-06-06T15:33:36","modified_gmt":"2025-06-06T15:33:36","slug":"senkki-90x35x76-cm-taysi-akaasiapuu","status":"publish","type":"product","link":"https:\/\/www.otiumhome.fi\/index.php\/tuote\/senkki-90x35x76-cm-taysi-akaasiapuu\/","title":{"rendered":"Senkki 90x35x76 cm t\u00e4ysi akaasiapuu"},"content":{"rendered":"<p>T\u00e4m\u00e4 rustiikkista tyyli\u00e4 oleva konsolip\u00f6yt\u00e4, jonka vetolaatikoissa on kaiverrettuja kuvioita, on upea lis\u00e4 olohuoneeseen, ruokailutilaan, k\u00e4yt\u00e4v\u00e4lle jne.<\/p>\n<\/p>\n<p>P\u00f6yt\u00e4 on tehty t\u00e4ydest\u00e4 akaasiapuusta, joka on kauniisti viimeistelty kiillottamalla, maalaamalla ja lakkaamalla antaen sille hienostuneen ilmeen. P\u00f6yt\u00e4 on t\u00e4ysin k\u00e4sintehty ja kauniit puukuviot tekev\u00e4t jokaisesta huonekalusta ainutlaatuisen ja hieman erilaisen kuin muut. Vankka p\u00f6yt\u00e4taso on ihanteellinen koriste-esineiden, valokuvakehysten tai ruukkukasvien esille panemiseen. Kahta sujuvasti liikkuvaa vetolaatikkoa voidaan k\u00e4ytt\u00e4\u00e4 pienten esineiden, kuten avainten, muistilehti\u00f6iden ja kynien varastointiin. Sit\u00e4 voidaan k\u00e4ytt\u00e4\u00e4 my\u00f6s ty\u00f6p\u00f6yt\u00e4n\u00e4, sivup\u00f6yt\u00e4n\u00e4, sivukaappina jne. Se on helppo puhdistaa kostealla kankaalla.<\/p>\n<\/p>\n<p>Konsolip\u00f6yt\u00e4 on helppo koota. T\u00e4rke\u00e4 huomio: V\u00e4rit vaihtelevat kappaleittain, mik\u00e4 tekee jokaisesta konsolip\u00f6yd\u00e4st\u00e4mme ainutlaatuisen. Toimitus on sattumanvarainen, t\u00e4m\u00e4 takaa tuotteesi ainutlaatuisuuden.<\/p>\n<ul>\n<li>V\u00e4ri: ruskea<\/li>\n<li>Materiaali: t\u00e4ysi akaasiapuu hunajan ruskealla viimeistelyll\u00e4<\/li>\n<li>Kokonaismitat: 90 x 35 x 76 cm (P x L x K)<\/li>\n<li>2 sujuvasti liikkuvaa vetolaatikkoa<\/li>\n<li>Hiottu, maalattu ja lakattu<\/li>\n<\/ul>\n","protected":false},"excerpt":{"rendered":"<ul>\n<li>V\u00e4ri: ruskea<\/li>\n<li>Materiaali: t\u00e4ysi akaasiapuu hunajan ruskealla viimeistelyll\u00e4<\/li>\n<li>Kokonaismitat: 90 x 35 x 76 cm (P x L x K)<\/li>\n<li>2 sujuvasti liikkuvaa vetolaatikkoa<\/li>\n<li>Hiottu, maalattu ja lakattu<\/li>\n<\/ul>\n","protected":false},"featured_media":10000093579,"comment_status":"closed","ping_status":"closed","template":"","meta":[],"product_brand":[],"product_cat":[8534,84,8533],"product_tag":[],"class_list":{"0":"post-93579","1":"product","2":"type-product","3":"status-publish","4":"has-post-thumbnail","6":"product_cat-apupoydat","7":"product_cat-huonekalut","8":"product_cat-sivupoydat","10":"first","11":"instock","12":"taxable","13":"shipping-taxable","14":"purchasable","15":"product-type-simple"},"_links":{"self":[{"href":"https:\/\/www.otiumhome.fi\/index.php\/wp-json\/wp\/v2\/product\/93579","targetHints":{"allow":["GET"]}}],"collection":[{"href":"https:\/\/www.otiumhome.fi\/index.php\/wp-json\/wp\/v2\/product"}],"about":[{"href":"https:\/\/www.otiumhome.fi\/index.php\/wp-json\/wp\/v2\/types\/product"}],"replies":[{"embeddable":true,"href":"https:\/\/www.otiumhome.fi\/index.php\/wp-json\/wp\/v2\/comments?post=93579"}],"wp:featuredmedia":[{"embeddable":true,"href":"https:\/\/www.otiumhome.fi\/index.php\/wp-json\/"}],"wp:attachment":[{"href":"https:\/\/www.otiumhome.fi\/index.php\/wp-json\/wp\/v2\/media?parent=93579"}],"wp:term":[{"taxonomy":"product_brand","embeddable":true,"href":"https:\/\/www.otiumhome.fi\/index.php\/wp-json\/wp\/v2\/product_brand?post=93579"},{"taxonomy":"product_cat","embeddable":true,"href":"https:\/\/www.otiumhome.fi\/index.php\/wp-json\/wp\/v2\/product_cat?post=93579"},{"taxonomy":"product_tag","embeddable":true,"href":"https:\/\/www.otiumhome.fi\/index.php\/wp-json\/wp\/v2\/product_tag?post=93579"}],"curies":[{"name":"wp","href":"https:\/\/api.w.org\/{rel}","templated":true}]}}