{"id":93551,"date":"2024-12-15T08:29:20","date_gmt":"2024-12-15T08:29:20","guid":{"rendered":"https:\/\/www.otiumhome.fi\/?p=93551"},"modified":"2025-06-06T15:33:36","modified_gmt":"2025-06-06T15:33:36","slug":"2-osainen-kasinmaalattu-sivupoytasarja-taysi-mangopuu","status":"publish","type":"product","link":"https:\/\/www.otiumhome.fi\/index.php\/tuote\/2-osainen-kasinmaalattu-sivupoytasarja-taysi-mangopuu\/","title":{"rendered":"2-osainen K\u00e4sinmaalattu sivup\u00f6yt\u00e4sarja t\u00e4ysi mangopuu"},"content":{"rendered":"<p>Tuo hieman rustiikkista tunnelmaa sisustukseesi elegantilla puisella sivup\u00f6yt\u00e4sarjallamme! Siit\u00e4 tulee ajaton lis\u00e4 kotiisi.<\/p>\n<\/p>\n<p>Sohvap\u00f6yt\u00e4sarja on valmistettu t\u00e4ydest\u00e4 mangopuusta, joka on tihe\u00e4 ja jykev\u00e4 lehtipuu. Sille on annettu kaunis pinta kiillottamalla ja lakkaamalla, joten se on hienostuneen ja ainutlaatuisen n\u00e4k\u00f6inen.<\/p>\n<\/p>\n<p>T\u00e4rke\u00e4 huomio: K\u00e4sin maalaus, erinomainen k\u00e4sity\u00f6taito ja kauniit mangopuun pintakuviot tekev\u00e4t jokaisesta huonekalusta erottuvan ja hieman erilaisen kuin muut; toimitus on satunnainen.<\/p>\n<ul>\n<li>Materiaali: t\u00e4ysi mangopuu<\/li>\n<li>Suuren p\u00f6yd\u00e4n mitat: 45 x 29 x 45 cm (P x L x K)<\/li>\n<li>Pienet p\u00f6yd\u00e4n mitat: 33 x 20 x 32 cm (P x L x K)<\/li>\n<li>Kiillotettu, k\u00e4sin maalattu ja lakattu<\/li>\n<li><strong>Toimitus sis\u00e4lt\u00e4\u00e4:<\/strong><\/li>\n<li>2 x sivup\u00f6yt\u00e4<\/li>\n<\/ul>\n","protected":false},"excerpt":{"rendered":"<ul>\n<li>Materiaali: t\u00e4ysi mangopuu<\/li>\n<li>Suuren p\u00f6yd\u00e4n mitat: 45 x 29 x 45 cm (P x L x K)<\/li>\n<li>Pienet p\u00f6yd\u00e4n mitat: 33 x 20 x 32 cm (P x L x K)<\/li>\n<li>Kiillotettu, k\u00e4sin maalattu ja lakattu<\/li>\n<li><strong>Toimitus sis\u00e4lt\u00e4\u00e4:<\/strong><\/li>\n<li>2 x sivup\u00f6yt\u00e4<\/li>\n<\/ul>\n","protected":false},"featured_media":10000093551,"comment_status":"closed","ping_status":"closed","template":"","meta":[],"product_brand":[],"product_cat":[8534,84,8533],"product_tag":[],"class_list":{"0":"post-93551","1":"product","2":"type-product","3":"status-publish","4":"has-post-thumbnail","6":"product_cat-apupoydat","7":"product_cat-huonekalut","8":"product_cat-sivupoydat","10":"first","11":"outofstock","12":"taxable","13":"shipping-taxable","14":"purchasable","15":"product-type-simple"},"_links":{"self":[{"href":"https:\/\/www.otiumhome.fi\/index.php\/wp-json\/wp\/v2\/product\/93551","targetHints":{"allow":["GET"]}}],"collection":[{"href":"https:\/\/www.otiumhome.fi\/index.php\/wp-json\/wp\/v2\/product"}],"about":[{"href":"https:\/\/www.otiumhome.fi\/index.php\/wp-json\/wp\/v2\/types\/product"}],"replies":[{"embeddable":true,"href":"https:\/\/www.otiumhome.fi\/index.php\/wp-json\/wp\/v2\/comments?post=93551"}],"wp:featuredmedia":[{"embeddable":true,"href":"https:\/\/www.otiumhome.fi\/index.php\/wp-json\/"}],"wp:attachment":[{"href":"https:\/\/www.otiumhome.fi\/index.php\/wp-json\/wp\/v2\/media?parent=93551"}],"wp:term":[{"taxonomy":"product_brand","embeddable":true,"href":"https:\/\/www.otiumhome.fi\/index.php\/wp-json\/wp\/v2\/product_brand?post=93551"},{"taxonomy":"product_cat","embeddable":true,"href":"https:\/\/www.otiumhome.fi\/index.php\/wp-json\/wp\/v2\/product_cat?post=93551"},{"taxonomy":"product_tag","embeddable":true,"href":"https:\/\/www.otiumhome.fi\/index.php\/wp-json\/wp\/v2\/product_tag?post=93551"}],"curies":[{"name":"wp","href":"https:\/\/api.w.org\/{rel}","templated":true}]}}