{"id":93516,"date":"2024-12-15T08:29:19","date_gmt":"2024-12-15T08:29:19","guid":{"rendered":"https:\/\/www.otiumhome.fi\/?p=93516"},"modified":"2025-06-06T15:33:33","modified_gmt":"2025-06-06T15:33:33","slug":"konsolipoyta-110x30x76-cm-taysi-mangopuu","status":"publish","type":"product","link":"https:\/\/www.otiumhome.fi\/index.php\/tuote\/konsolipoyta-110x30x76-cm-taysi-mangopuu\/","title":{"rendered":"Konsolip\u00f6yt\u00e4 110x30x76 cm t\u00e4ysi mangopuu"},"content":{"rendered":"<p>Antiikkityylinen puusta valmistettu konsolip\u00f6yt\u00e4 huokuu teollista tyyli\u00e4 ja siit\u00e4 tulee varmasti ainutlaatuinen lis\u00e4 kotisi sisustukseen.<\/p>\n<\/p>\n<ul>\n<li>T\u00e4ysi mangopuu: T\u00e4ysi mangopuu on tihe\u00e4syinen ja kest\u00e4v\u00e4 lehtipuu, jonka pinnalla on kauniita ruskean ja kullanv\u00e4risi\u00e4 raitoja ja viivoja.<\/li>\n<li>Reilusti s\u00e4ilytystilaa: P\u00f6yd\u00e4ss\u00e4 on kolme laatikkoa ja yksi hylly, jotka tarjoavat reilusti tilaa pikkuesineiden, kuten avaimien, muistivihkojen ja muiden sekalaisten tavaroiden s\u00e4ilytt\u00e4miseen.<\/li>\n<li>Tukevat jalat: Eteisen p\u00f6yd\u00e4n rautajalat lis\u00e4\u00e4v\u00e4t tukevuutta, vakautta sek\u00e4 teollista tyyli\u00e4.<\/li>\n<\/ul>\n<p>Varoitus:<\/p>\n<ul>\n<li>Kaatumisen est\u00e4miseksi on t\u00e4t\u00e4 tuotetta k\u00e4ytett\u00e4v\u00e4 mukana toimitetun sein\u00e4kiinnityslaitteen kanssa.<\/li>\n<\/ul>\n<p>Huomioi:<\/p>\n<ul>\n<li>V\u00e4rit ja puunsyyt vaihtelevat kappaleittain, mik\u00e4 tekee jokaisesta kalusteesta ainutlaatuisen. Toimitus on sattumanvarainen.<\/li>\n<li>Jokaisen tuotteen mukana on laatikossa kokoonpano-ohje helppoa asennusta varten.<\/li>\n<\/ul>\n<ul>\n<li>Rungon v\u00e4ri: musta<\/li>\n<li>Materiaali: T\u00e4ysi mangopuu luonnollisella viimeistelyll\u00e4, rauta<\/li>\n<li>Mitat: 110 x 30 x 76 cm (P x L x K)<\/li>\n<li>Legal Documents:\n<p><span>Lis\u00e4tietoja huonekalujesi kaatumisen est\u00e4misest\u00e4 voit l\u00f6yt\u00e4\u00e4 <span style=\"text-decoration: underline\"><strong><a title=\"https:\/\/bit.ly\/3bVwkQp\" href=\"https:\/\/bit.ly\/3bVwkQp\" target=\"_blank\">t\u00e4\u00e4lt\u00e4<\/a><\/strong><\/span><\/span><\/p>\n<\/li>\n<\/ul>\n","protected":false},"excerpt":{"rendered":"<ul>\n<li>Rungon v\u00e4ri: musta<\/li>\n<li>Materiaali: T\u00e4ysi mangopuu luonnollisella viimeistelyll\u00e4, rauta<\/li>\n<li>Mitat: 110 x 30 x 76 cm (P x L x K)<\/li>\n<li>Legal Documents:\n<p><span>Lis\u00e4tietoja huonekalujesi kaatumisen est\u00e4misest\u00e4 voit l\u00f6yt\u00e4\u00e4 <span style=\"text-decoration: underline\"><strong><a title=\"https:\/\/bit.ly\/3bVwkQp\" href=\"https:\/\/bit.ly\/3bVwkQp\" target=\"_blank\">t\u00e4\u00e4lt\u00e4<\/a><\/strong><\/span><\/span><\/p>\n<\/li>\n<\/ul>\n","protected":false},"featured_media":10000093516,"comment_status":"closed","ping_status":"closed","template":"","meta":[],"product_brand":[],"product_cat":[8534,84,8533],"product_tag":[],"class_list":{"0":"post-93516","1":"product","2":"type-product","3":"status-publish","4":"has-post-thumbnail","6":"product_cat-apupoydat","7":"product_cat-huonekalut","8":"product_cat-sivupoydat","10":"first","11":"instock","12":"taxable","13":"shipping-taxable","14":"purchasable","15":"product-type-simple"},"_links":{"self":[{"href":"https:\/\/www.otiumhome.fi\/index.php\/wp-json\/wp\/v2\/product\/93516","targetHints":{"allow":["GET"]}}],"collection":[{"href":"https:\/\/www.otiumhome.fi\/index.php\/wp-json\/wp\/v2\/product"}],"about":[{"href":"https:\/\/www.otiumhome.fi\/index.php\/wp-json\/wp\/v2\/types\/product"}],"replies":[{"embeddable":true,"href":"https:\/\/www.otiumhome.fi\/index.php\/wp-json\/wp\/v2\/comments?post=93516"}],"wp:featuredmedia":[{"embeddable":true,"href":"https:\/\/www.otiumhome.fi\/index.php\/wp-json\/"}],"wp:attachment":[{"href":"https:\/\/www.otiumhome.fi\/index.php\/wp-json\/wp\/v2\/media?parent=93516"}],"wp:term":[{"taxonomy":"product_brand","embeddable":true,"href":"https:\/\/www.otiumhome.fi\/index.php\/wp-json\/wp\/v2\/product_brand?post=93516"},{"taxonomy":"product_cat","embeddable":true,"href":"https:\/\/www.otiumhome.fi\/index.php\/wp-json\/wp\/v2\/product_cat?post=93516"},{"taxonomy":"product_tag","embeddable":true,"href":"https:\/\/www.otiumhome.fi\/index.php\/wp-json\/wp\/v2\/product_tag?post=93516"}],"curies":[{"name":"wp","href":"https:\/\/api.w.org\/{rel}","templated":true}]}}