{"id":93499,"date":"2024-12-15T08:29:18","date_gmt":"2024-12-15T08:29:18","guid":{"rendered":"https:\/\/www.otiumhome.fi\/?p=93499"},"modified":"2025-06-06T15:33:35","modified_gmt":"2025-06-06T15:33:35","slug":"sivupoytasarja-2-kpl-taysi-mahonki","status":"publish","type":"product","link":"https:\/\/www.otiumhome.fi\/index.php\/tuote\/sivupoytasarja-2-kpl-taysi-mahonki\/","title":{"rendered":"Sivup\u00f6yt\u00e4sarja 2 kpl t\u00e4ysi mahonki"},"content":{"rendered":"<p>Tuo ripaus rustiikkista charmia sisustukseesi erottuvilla ja tyylikk\u00e4ill\u00e4 puisilla sarjap\u00f6ydill\u00e4mme! Kaksi puista sivup\u00f6yt\u00e4\u00e4 ovat erikokoisia ja ne ovat taatusti upea lis\u00e4 sisustukseen.<\/p>\n<\/p>\n<p>T\u00e4ydest\u00e4 mahongista valmistettu sohvap\u00f6yt\u00e4 on eritt\u00e4in vankka ja kest\u00e4v\u00e4. Mahonki on trooppinen lehtipuu, joka erottuu kauneudellaan, kest\u00e4vyydell\u00e4\u00e4n ja v\u00e4rill\u00e4\u00e4n. Hieno k\u00e4sity\u00f6 antaa tuotteelle vintage, l\u00e4mpim\u00e4n ja aidon tyylin. Tuote on t\u00e4ysin k\u00e4sintehty ja jokainen rakennusvaihe suoritetaan eritt\u00e4in huolellisesti, olipa kyse sitten kiillotuksesta, maalaamisesta tai lakkaamisesta. Lis\u00e4ksi n\u00e4it\u00e4 sarjap\u00f6yti\u00e4 voidaan k\u00e4ytt\u00e4\u00e4 sohvap\u00f6ytin\u00e4, kahvip\u00f6ytin\u00e4, olohuoneen p\u00f6ytin\u00e4, y\u00f6p\u00f6ytin\u00e4, jne.<\/p>\n<\/p>\n<p>T\u00e4rke\u00e4\u00e4 huomio: Toimituksessa 2 sis\u00e4kk\u00e4in menev\u00e4\u00e4 p\u00f6yt\u00e4\u00e4.<\/p>\n<ul>\n<li>Materiaali: t\u00e4ysmahonki<\/li>\n<li>Mitat (suuri): 40 x 40 x 30 cm (P x L x K)<\/li>\n<li>Mitat (pieni): 27 x 20 x 23 cm (P x L x K)<\/li>\n<li>Hiottu, maalattu ja lakattu<\/li>\n<li>Helppo puhdistaa kostealla liinalla<\/li>\n<li>Toimituksessa 2 sis\u00e4kk\u00e4in menev\u00e4\u00e4 p\u00f6yt\u00e4\u00e4<\/li>\n<\/ul>\n","protected":false},"excerpt":{"rendered":"<ul>\n<li>Materiaali: t\u00e4ysmahonki<\/li>\n<li>Mitat (suuri): 40 x 40 x 30 cm (P x L x K)<\/li>\n<li>Mitat (pieni): 27 x 20 x 23 cm (P x L x K)<\/li>\n<li>Hiottu, maalattu ja lakattu<\/li>\n<li>Helppo puhdistaa kostealla liinalla<\/li>\n<li>Toimituksessa 2 sis\u00e4kk\u00e4in menev\u00e4\u00e4 p\u00f6yt\u00e4\u00e4<\/li>\n<\/ul>\n","protected":false},"featured_media":10000093499,"comment_status":"closed","ping_status":"closed","template":"","meta":[],"product_brand":[],"product_cat":[8534,84,8533],"product_tag":[],"class_list":{"0":"post-93499","1":"product","2":"type-product","3":"status-publish","4":"has-post-thumbnail","6":"product_cat-apupoydat","7":"product_cat-huonekalut","8":"product_cat-sivupoydat","10":"first","11":"instock","12":"taxable","13":"shipping-taxable","14":"purchasable","15":"product-type-simple"},"_links":{"self":[{"href":"https:\/\/www.otiumhome.fi\/index.php\/wp-json\/wp\/v2\/product\/93499","targetHints":{"allow":["GET"]}}],"collection":[{"href":"https:\/\/www.otiumhome.fi\/index.php\/wp-json\/wp\/v2\/product"}],"about":[{"href":"https:\/\/www.otiumhome.fi\/index.php\/wp-json\/wp\/v2\/types\/product"}],"replies":[{"embeddable":true,"href":"https:\/\/www.otiumhome.fi\/index.php\/wp-json\/wp\/v2\/comments?post=93499"}],"wp:featuredmedia":[{"embeddable":true,"href":"https:\/\/www.otiumhome.fi\/index.php\/wp-json\/"}],"wp:attachment":[{"href":"https:\/\/www.otiumhome.fi\/index.php\/wp-json\/wp\/v2\/media?parent=93499"}],"wp:term":[{"taxonomy":"product_brand","embeddable":true,"href":"https:\/\/www.otiumhome.fi\/index.php\/wp-json\/wp\/v2\/product_brand?post=93499"},{"taxonomy":"product_cat","embeddable":true,"href":"https:\/\/www.otiumhome.fi\/index.php\/wp-json\/wp\/v2\/product_cat?post=93499"},{"taxonomy":"product_tag","embeddable":true,"href":"https:\/\/www.otiumhome.fi\/index.php\/wp-json\/wp\/v2\/product_tag?post=93499"}],"curies":[{"name":"wp","href":"https:\/\/api.w.org\/{rel}","templated":true}]}}