{"id":93475,"date":"2024-12-15T08:29:17","date_gmt":"2024-12-15T08:29:17","guid":{"rendered":"https:\/\/www.otiumhome.fi\/?p=93475"},"modified":"2025-06-16T16:08:59","modified_gmt":"2025-06-16T16:08:59","slug":"vitriinikaappi-ruskea-50x50x76-cm-taysi-mahonki","status":"publish","type":"product","link":"https:\/\/www.otiumhome.fi\/index.php\/tuote\/vitriinikaappi-ruskea-50x50x76-cm-taysi-mahonki\/","title":{"rendered":"Vitriinikaappi ruskea 50x50x76 cm t\u00e4ysi mahonki"},"content":{"rendered":"<p>Tuo suitsukepolttimen inspiroimaa sisustustyyli\u00e4 kotiisi t\u00e4m\u00e4n elegantin vitriinikaapin avulla! Sivukaappimme on k\u00e4yt\u00e4nn\u00f6llinen ja koristeellinen lis\u00e4 sisustukseesi.<\/p>\n<\/p>\n<p>T\u00e4ydest\u00e4 mahongista valmistettu vitriinikaappi klassisella ruskealla viimeistelyll\u00e4 ja lasilla on eritt\u00e4in kest\u00e4v\u00e4 ja tukeva. Mahonki on trooppinen lehtipuu, joka on tunnettu kauneudestaan, kest\u00e4vyydest\u00e4\u00e4n ja v\u00e4rist\u00e4\u00e4n. Sohvap\u00f6yt\u00e4 tarjoaa s\u00e4ilytystilaa ja siin\u00e4 on 1 iso lokero. Lis\u00e4ksi tukeva p\u00f6yt\u00e4taso on ihanteellinen koriste-esineiden, valokuvakehysten, ruukkukasvien ja muiden esineiden esille panemiseen. Se on helppo pyyhki\u00e4 puhtaaksi kostealla liinalla. Sivukaappi on helppo koota.<\/p>\n<ul>\n<li>V\u00e4ri: ruskea<\/li>\n<li>Materiaali: t\u00e4ysi mahonki ruskealla viimeistelyll\u00e4 + lasi<\/li>\n<li>Mitat: 50 x 50 x 76 cm (P x L x K)<\/li>\n<li>Messinkinupit<\/li>\n<li>1 tarjotin, 2 ovea ja 1 avohylly<\/li>\n<\/ul>\n","protected":false},"excerpt":{"rendered":"<ul>\n<li>V\u00e4ri: ruskea<\/li>\n<li>Materiaali: t\u00e4ysi mahonki ruskealla viimeistelyll\u00e4 + lasi<\/li>\n<li>Mitat: 50 x 50 x 76 cm (P x L x K)<\/li>\n<li>Messinkinupit<\/li>\n<li>1 tarjotin, 2 ovea ja 1 avohylly<\/li>\n<\/ul>\n","protected":false},"featured_media":10000093475,"comment_status":"closed","ping_status":"closed","template":"","meta":[],"product_brand":[],"product_cat":[8534,84,8533],"product_tag":[],"class_list":{"0":"post-93475","1":"product","2":"type-product","3":"status-publish","4":"has-post-thumbnail","6":"product_cat-apupoydat","7":"product_cat-huonekalut","8":"product_cat-sivupoydat","10":"first","11":"outofstock","12":"taxable","13":"shipping-taxable","14":"purchasable","15":"product-type-simple"},"_links":{"self":[{"href":"https:\/\/www.otiumhome.fi\/index.php\/wp-json\/wp\/v2\/product\/93475","targetHints":{"allow":["GET"]}}],"collection":[{"href":"https:\/\/www.otiumhome.fi\/index.php\/wp-json\/wp\/v2\/product"}],"about":[{"href":"https:\/\/www.otiumhome.fi\/index.php\/wp-json\/wp\/v2\/types\/product"}],"replies":[{"embeddable":true,"href":"https:\/\/www.otiumhome.fi\/index.php\/wp-json\/wp\/v2\/comments?post=93475"}],"wp:featuredmedia":[{"embeddable":true,"href":"https:\/\/www.otiumhome.fi\/index.php\/wp-json\/"}],"wp:attachment":[{"href":"https:\/\/www.otiumhome.fi\/index.php\/wp-json\/wp\/v2\/media?parent=93475"}],"wp:term":[{"taxonomy":"product_brand","embeddable":true,"href":"https:\/\/www.otiumhome.fi\/index.php\/wp-json\/wp\/v2\/product_brand?post=93475"},{"taxonomy":"product_cat","embeddable":true,"href":"https:\/\/www.otiumhome.fi\/index.php\/wp-json\/wp\/v2\/product_cat?post=93475"},{"taxonomy":"product_tag","embeddable":true,"href":"https:\/\/www.otiumhome.fi\/index.php\/wp-json\/wp\/v2\/product_tag?post=93475"}],"curies":[{"name":"wp","href":"https:\/\/api.w.org\/{rel}","templated":true}]}}