{"id":93472,"date":"2024-12-15T08:29:17","date_gmt":"2024-12-15T08:29:17","guid":{"rendered":"https:\/\/www.otiumhome.fi\/?p=93472"},"modified":"2025-06-06T15:33:32","modified_gmt":"2025-06-06T15:33:32","slug":"sivupoyta-45x30x60-cm-taysi-tiikki","status":"publish","type":"product","link":"https:\/\/www.otiumhome.fi\/index.php\/tuote\/sivupoyta-45x30x60-cm-taysi-tiikki\/","title":{"rendered":"Sivup\u00f6yt\u00e4 45x30x60 cm t\u00e4ysi tiikki"},"content":{"rendered":"<p>T\u00e4m\u00e4 puinen sivup\u00f6yt\u00e4 on k\u00e4yt\u00e4nn\u00f6llinen sek\u00e4 koristeellinen lis\u00e4 sisustukseesi.<\/p>\n<\/p>\n<ul>\n<li>T\u00e4ysi tiikki: T\u00e4ysi tiikki on kaunis luonnonmateriaali. Se on vanhennettu, uunikuivattu ja k\u00e4sitelty maalaistyylisen viimeistelyn aikaansaamiseksi. Tiikki on tunnettu erinomaisesta vahvuudestaan ja s\u00e4\u00e4nkest\u00e4vyydest\u00e4\u00e4n.<\/li>\n<li>S-muotoinen suunnittelu: S-muotoinen suunnittelu sopii harmonisesti kalusteisiisi, jotka ovat joko modernia tai retrotyyli\u00e4. Se lis\u00e4\u00e4 vieh\u00e4tysvoimaa ja kauneutta kotisi sisustukseen.<\/li>\n<li>Tukeva p\u00f6yt\u00e4levy: Tukeva p\u00f6yt\u00e4levy on t\u00e4ydellinen juomien, maljakoiden ja ruoan sek\u00e4 koriste-esineiden sijoittamiseen.<\/li>\n<li>Monipuolinen k\u00e4ytt\u00f6: Se on todellakin t\u00e4ydellinen sivup\u00f6yt\u00e4 olohuoneeseen, makuuhuoneeseen tai toimistoon. Se toimii my\u00f6s kasvi- tai kukkatelineen\u00e4, lamppup\u00f6yt\u00e4n\u00e4, puhelinp\u00f6yt\u00e4n\u00e4, y\u00f6p\u00f6yt\u00e4n\u00e4 sek\u00e4 esittely- ja p\u00e4\u00e4typ\u00f6yt\u00e4n\u00e4 koristeille.<\/li>\n<\/ul>\n<ul>\n<li>Materiaali: t\u00e4ysi tiikkipuu<\/li>\n<li>Mitat: 45 x 30 x 60 cm (L x S x K)<\/li>\n<li>S-muotoinen suunnittelu<\/li>\n<li>Voidaan k\u00e4ytt\u00e4\u00e4 kasvitelineen\u00e4<\/li>\n<li>Asennus vaaditaan: kyll\u00e4<\/li>\n<\/ul>\n","protected":false},"excerpt":{"rendered":"<ul>\n<li>Materiaali: t\u00e4ysi tiikkipuu<\/li>\n<li>Mitat: 45 x 30 x 60 cm (L x S x K)<\/li>\n<li>S-muotoinen suunnittelu<\/li>\n<li>Voidaan k\u00e4ytt\u00e4\u00e4 kasvitelineen\u00e4<\/li>\n<li>Asennus vaaditaan: kyll\u00e4<\/li>\n<\/ul>\n","protected":false},"featured_media":10000093472,"comment_status":"closed","ping_status":"closed","template":"","meta":[],"product_brand":[],"product_cat":[8534,84,8533],"product_tag":[],"class_list":{"0":"post-93472","1":"product","2":"type-product","3":"status-publish","4":"has-post-thumbnail","6":"product_cat-apupoydat","7":"product_cat-huonekalut","8":"product_cat-sivupoydat","10":"first","11":"outofstock","12":"taxable","13":"shipping-taxable","14":"purchasable","15":"product-type-simple"},"_links":{"self":[{"href":"https:\/\/www.otiumhome.fi\/index.php\/wp-json\/wp\/v2\/product\/93472","targetHints":{"allow":["GET"]}}],"collection":[{"href":"https:\/\/www.otiumhome.fi\/index.php\/wp-json\/wp\/v2\/product"}],"about":[{"href":"https:\/\/www.otiumhome.fi\/index.php\/wp-json\/wp\/v2\/types\/product"}],"replies":[{"embeddable":true,"href":"https:\/\/www.otiumhome.fi\/index.php\/wp-json\/wp\/v2\/comments?post=93472"}],"wp:featuredmedia":[{"embeddable":true,"href":"https:\/\/www.otiumhome.fi\/index.php\/wp-json\/"}],"wp:attachment":[{"href":"https:\/\/www.otiumhome.fi\/index.php\/wp-json\/wp\/v2\/media?parent=93472"}],"wp:term":[{"taxonomy":"product_brand","embeddable":true,"href":"https:\/\/www.otiumhome.fi\/index.php\/wp-json\/wp\/v2\/product_brand?post=93472"},{"taxonomy":"product_cat","embeddable":true,"href":"https:\/\/www.otiumhome.fi\/index.php\/wp-json\/wp\/v2\/product_cat?post=93472"},{"taxonomy":"product_tag","embeddable":true,"href":"https:\/\/www.otiumhome.fi\/index.php\/wp-json\/wp\/v2\/product_tag?post=93472"}],"curies":[{"name":"wp","href":"https:\/\/api.w.org\/{rel}","templated":true}]}}