{"id":93471,"date":"2024-12-15T08:29:17","date_gmt":"2024-12-15T08:29:17","guid":{"rendered":"https:\/\/www.otiumhome.fi\/?p=93471"},"modified":"2025-06-06T15:33:35","modified_gmt":"2025-06-06T15:33:35","slug":"konsolipoyta-harmaa-97x35x76-cm","status":"publish","type":"product","link":"https:\/\/www.otiumhome.fi\/index.php\/tuote\/konsolipoyta-harmaa-97x35x76-cm\/","title":{"rendered":"Konsolip\u00f6yt\u00e4 harmaa 97x35x76 cm"},"content":{"rendered":"<p>Tuo elegantti lis\u00e4ys sisustukseesi klassisella konsolip\u00f6yd\u00e4ll\u00e4mme! Lastulevyst\u00e4 ja melamiinista valmistettu konsolip\u00f6yt\u00e4 on erinomainen lis\u00e4 sisustukseesi.<\/p>\n<\/p>\n<p>Lastulevyst\u00e4 valmistetussa p\u00f6yd\u00e4ss\u00e4 on tukeva p\u00f6yt\u00e4levy, jolle voit asettaa koriste-esineit\u00e4, kuten hedelm\u00e4koreja tai maljakoita. Tukevat jalat takaavat sen vakauden ja kest\u00e4vyyden taaten monien vuosien palvelusajan. Lis\u00e4ksi kaksi vetolaatikkoa ja hylly tarjoavat runsaasti tilaa kaikenlaisten pienempien esineiden pit\u00e4miseksi j\u00e4rjestyksess\u00e4 ja k\u00e4den ulottuvilla.<\/p>\n<ul>\n<li>V\u00e4ri: harmaa + luonnollinen puun v\u00e4ri<\/li>\n<li>Mitat: 97 x 35 x 76 cm (P x L x K)<\/li>\n<li>Materiaali: lastulevy melamiinilla<\/li>\n<li>2 vetolaatikkoa ja hylly<\/li>\n<\/ul>\n","protected":false},"excerpt":{"rendered":"<ul>\n<li>V\u00e4ri: harmaa + luonnollinen puun v\u00e4ri<\/li>\n<li>Mitat: 97 x 35 x 76 cm (P x L x K)<\/li>\n<li>Materiaali: lastulevy melamiinilla<\/li>\n<li>2 vetolaatikkoa ja hylly<\/li>\n<\/ul>\n","protected":false},"featured_media":10000093471,"comment_status":"closed","ping_status":"closed","template":"","meta":[],"product_brand":[],"product_cat":[8534,84,8533],"product_tag":[],"class_list":{"0":"post-93471","1":"product","2":"type-product","3":"status-publish","4":"has-post-thumbnail","6":"product_cat-apupoydat","7":"product_cat-huonekalut","8":"product_cat-sivupoydat","10":"first","11":"instock","12":"taxable","13":"shipping-taxable","14":"purchasable","15":"product-type-simple"},"_links":{"self":[{"href":"https:\/\/www.otiumhome.fi\/index.php\/wp-json\/wp\/v2\/product\/93471","targetHints":{"allow":["GET"]}}],"collection":[{"href":"https:\/\/www.otiumhome.fi\/index.php\/wp-json\/wp\/v2\/product"}],"about":[{"href":"https:\/\/www.otiumhome.fi\/index.php\/wp-json\/wp\/v2\/types\/product"}],"replies":[{"embeddable":true,"href":"https:\/\/www.otiumhome.fi\/index.php\/wp-json\/wp\/v2\/comments?post=93471"}],"wp:featuredmedia":[{"embeddable":true,"href":"https:\/\/www.otiumhome.fi\/index.php\/wp-json\/"}],"wp:attachment":[{"href":"https:\/\/www.otiumhome.fi\/index.php\/wp-json\/wp\/v2\/media?parent=93471"}],"wp:term":[{"taxonomy":"product_brand","embeddable":true,"href":"https:\/\/www.otiumhome.fi\/index.php\/wp-json\/wp\/v2\/product_brand?post=93471"},{"taxonomy":"product_cat","embeddable":true,"href":"https:\/\/www.otiumhome.fi\/index.php\/wp-json\/wp\/v2\/product_cat?post=93471"},{"taxonomy":"product_tag","embeddable":true,"href":"https:\/\/www.otiumhome.fi\/index.php\/wp-json\/wp\/v2\/product_tag?post=93471"}],"curies":[{"name":"wp","href":"https:\/\/api.w.org\/{rel}","templated":true}]}}