{"id":93469,"date":"2024-12-15T08:29:16","date_gmt":"2024-12-15T08:29:16","guid":{"rendered":"https:\/\/www.otiumhome.fi\/?p=93469"},"modified":"2025-06-06T16:35:31","modified_gmt":"2025-06-06T16:35:31","slug":"sivupoyta-betoninharmaa-33x33x345-cm-tekninen-puu","status":"publish","type":"product","link":"https:\/\/www.otiumhome.fi\/index.php\/tuote\/sivupoyta-betoninharmaa-33x33x345-cm-tekninen-puu\/","title":{"rendered":"Sivup\u00f6yt\u00e4 betoninharmaa 33x33x34,5 cm tekninen puu"},"content":{"rendered":"<p>T\u00e4m\u00e4 sivup\u00f6yt\u00e4 huokuu rustiikkista vieh\u00e4tysvoimaa ja siit\u00e4 tulee erinomainen lis\u00e4 olohuoneesi sisustukseen.<\/p>\n<\/p>\n<p>T\u00e4m\u00e4 kulmap\u00f6yt\u00e4 on rakenteensa ansiosta tukeva ja vakaa. Koristekappaleena t\u00e4ss\u00e4 p\u00e4\u00e4typ\u00f6yd\u00e4ss\u00e4 on riitt\u00e4v\u00e4sti tilaa esittelem\u00e4\u00e4n erilaisia kodin esineit\u00e4 hyv\u00e4ss\u00e4 j\u00e4rjestyksess\u00e4, kuten kirjat, kupit, ruukkukasvit, jne. Sit\u00e4 voidaan my\u00f6s joustavasti k\u00e4ytt\u00e4\u00e4 kulmakaappina pieniss\u00e4 huoneissa, jolloin se luo ylim\u00e4\u00e4r\u00e4ist\u00e4 s\u00e4ilytystilaa ja erityisen paikan suosikkiesineillesi.<\/p>\n<ul>\n<li>V\u00e4ri: betoninharmaa<\/li>\n<li>Materiaali: tekninen puu<\/li>\n<li>Mitat: 33 x 33 x 34,5 cm (L x S x K)<\/li>\n<li>Voidaan k\u00e4ytt\u00e4\u00e4 my\u00f6s kulmakaappina.<\/li>\n<li>Asennus vaaditaan: kyll\u00e4<\/li>\n<\/ul>\n","protected":false},"excerpt":{"rendered":"<ul>\n<li>V\u00e4ri: betoninharmaa<\/li>\n<li>Materiaali: tekninen puu<\/li>\n<li>Mitat: 33 x 33 x 34,5 cm (L x S x K)<\/li>\n<li>Voidaan k\u00e4ytt\u00e4\u00e4 my\u00f6s kulmakaappina.<\/li>\n<li>Asennus vaaditaan: kyll\u00e4<\/li>\n<\/ul>\n","protected":false},"featured_media":10000093469,"comment_status":"closed","ping_status":"closed","template":"","meta":[],"product_brand":[],"product_cat":[84,8635],"product_tag":[],"class_list":{"0":"post-93469","1":"product","2":"type-product","3":"status-publish","4":"has-post-thumbnail","6":"product_cat-huonekalut","7":"product_cat-sailytys-lukkokaapit","9":"first","10":"instock","11":"taxable","12":"shipping-taxable","13":"purchasable","14":"product-type-simple"},"_links":{"self":[{"href":"https:\/\/www.otiumhome.fi\/index.php\/wp-json\/wp\/v2\/product\/93469","targetHints":{"allow":["GET"]}}],"collection":[{"href":"https:\/\/www.otiumhome.fi\/index.php\/wp-json\/wp\/v2\/product"}],"about":[{"href":"https:\/\/www.otiumhome.fi\/index.php\/wp-json\/wp\/v2\/types\/product"}],"replies":[{"embeddable":true,"href":"https:\/\/www.otiumhome.fi\/index.php\/wp-json\/wp\/v2\/comments?post=93469"}],"wp:featuredmedia":[{"embeddable":true,"href":"https:\/\/www.otiumhome.fi\/index.php\/wp-json\/"}],"wp:attachment":[{"href":"https:\/\/www.otiumhome.fi\/index.php\/wp-json\/wp\/v2\/media?parent=93469"}],"wp:term":[{"taxonomy":"product_brand","embeddable":true,"href":"https:\/\/www.otiumhome.fi\/index.php\/wp-json\/wp\/v2\/product_brand?post=93469"},{"taxonomy":"product_cat","embeddable":true,"href":"https:\/\/www.otiumhome.fi\/index.php\/wp-json\/wp\/v2\/product_cat?post=93469"},{"taxonomy":"product_tag","embeddable":true,"href":"https:\/\/www.otiumhome.fi\/index.php\/wp-json\/wp\/v2\/product_tag?post=93469"}],"curies":[{"name":"wp","href":"https:\/\/api.w.org\/{rel}","templated":true}]}}