{"id":93467,"date":"2024-12-15T08:29:16","date_gmt":"2024-12-15T08:29:16","guid":{"rendered":"https:\/\/www.otiumhome.fi\/?p=93467"},"modified":"2025-06-06T15:33:34","modified_gmt":"2025-06-06T15:33:34","slug":"senkki-120x35x75-cm-tiikki","status":"publish","type":"product","link":"https:\/\/www.otiumhome.fi\/index.php\/tuote\/senkki-120x35x75-cm-tiikki\/","title":{"rendered":"Senkki 120x35x75 cm tiikki"},"content":{"rendered":"<p>T\u00e4m\u00e4 t\u00e4yspuusta valmistettu sivup\u00f6yt\u00e4 on tyylik\u00e4s sek\u00e4 k\u00e4yt\u00e4nn\u00f6llinen. Sit\u00e4 voidaan k\u00e4ytt\u00e4\u00e4 my\u00f6s esimerkiksi puhelin- tai p\u00e4\u00e4typ\u00f6yt\u00e4n\u00e4. Elegantti suunnittelu tekee t\u00e4st\u00e4 p\u00f6yd\u00e4st\u00e4 mink\u00e4 tahansa huoneen keskipisteen. Siin\u00e4 on tukeva p\u00f6yt\u00e4taso, jonka p\u00e4\u00e4lle voit asettaa koriste-esineit\u00e4 kuten hedelm\u00e4korin tai maljakoita.<\/p>\n<\/p>\n<p>P\u00f6yt\u00e4 on valmistettu k\u00e4sin t\u00e4ydest\u00e4 tiikist\u00e4 ja erinomainen k\u00e4sity\u00f6taito sek\u00e4 kauniit puun syyt tekev\u00e4t jokaisesta huonekalusta ainutlaatuisen ja hieman erilaisen muista. Lis\u00e4ksi vahvat puujalat tekev\u00e4t p\u00f6yd\u00e4st\u00e4 entist\u00e4 tukevamman. Kiinte\u00e4 hylly pit\u00e4\u00e4 asuintilasi siistin\u00e4.<\/p>\n<\/p>\n<p>Konsolip\u00f6yt\u00e4 on helppo koota. T\u00e4rke\u00e4 huomio: V\u00e4rit vaihtelevat kappaleittain, mik\u00e4 tekee jokaisesta tuotteesta ainutlaatuisen. Toimitus on sattumanvarainen, t\u00e4m\u00e4 takaa tuotteesi ainutlaatuisuuden.<\/p>\n<ul>\n<li>V\u00e4ri: luonnollinen puunv\u00e4ri<\/li>\n<li>Materiaali: t\u00e4ysi tiikkipuu<\/li>\n<li>Mitat: 120 x 35 x 75 cm (P x L x K)<\/li>\n<li>Sis\u00e4lt\u00e4\u00e4 hyllyn<\/li>\n<li>Rustiikkinen viimeistely<\/li>\n<li>VAROITUS! Kaatumisen est\u00e4miseksi t\u00e4t\u00e4 tuotetta on k\u00e4ytett\u00e4v\u00e4 mukana toimitetun sein\u00e4kiinnityslaitteen kanssa.<\/li>\n<li>Legal Documents:\n<p><span>Lis\u00e4tietoja huonekalujesi kaatumisen est\u00e4misest\u00e4 voit l\u00f6yt\u00e4\u00e4 <span style=\"text-decoration: underline\"><strong><a title=\"https:\/\/bit.ly\/3bVwkQp\" href=\"https:\/\/bit.ly\/3bVwkQp\" target=\"_blank\">t\u00e4\u00e4lt\u00e4<\/a><\/strong><\/span><\/span><\/p>\n<\/li>\n<\/ul>\n","protected":false},"excerpt":{"rendered":"<ul>\n<li>V\u00e4ri: luonnollinen puunv\u00e4ri<\/li>\n<li>Materiaali: t\u00e4ysi tiikkipuu<\/li>\n<li>Mitat: 120 x 35 x 75 cm (P x L x K)<\/li>\n<li>Sis\u00e4lt\u00e4\u00e4 hyllyn<\/li>\n<li>Rustiikkinen viimeistely<\/li>\n<li>VAROITUS! Kaatumisen est\u00e4miseksi t\u00e4t\u00e4 tuotetta on k\u00e4ytett\u00e4v\u00e4 mukana toimitetun sein\u00e4kiinnityslaitteen kanssa.<\/li>\n<li>Legal Documents:\n<p><span>Lis\u00e4tietoja huonekalujesi kaatumisen est\u00e4misest\u00e4 voit l\u00f6yt\u00e4\u00e4 <span style=\"text-decoration: underline\"><strong><a title=\"https:\/\/bit.ly\/3bVwkQp\" href=\"https:\/\/bit.ly\/3bVwkQp\" target=\"_blank\">t\u00e4\u00e4lt\u00e4<\/a><\/strong><\/span><\/span><\/p>\n<\/li>\n<\/ul>\n","protected":false},"featured_media":10000093467,"comment_status":"closed","ping_status":"closed","template":"","meta":[],"product_brand":[],"product_cat":[8534,84,8533],"product_tag":[],"class_list":{"0":"post-93467","1":"product","2":"type-product","3":"status-publish","4":"has-post-thumbnail","6":"product_cat-apupoydat","7":"product_cat-huonekalut","8":"product_cat-sivupoydat","10":"first","11":"outofstock","12":"taxable","13":"shipping-taxable","14":"purchasable","15":"product-type-simple"},"_links":{"self":[{"href":"https:\/\/www.otiumhome.fi\/index.php\/wp-json\/wp\/v2\/product\/93467","targetHints":{"allow":["GET"]}}],"collection":[{"href":"https:\/\/www.otiumhome.fi\/index.php\/wp-json\/wp\/v2\/product"}],"about":[{"href":"https:\/\/www.otiumhome.fi\/index.php\/wp-json\/wp\/v2\/types\/product"}],"replies":[{"embeddable":true,"href":"https:\/\/www.otiumhome.fi\/index.php\/wp-json\/wp\/v2\/comments?post=93467"}],"wp:featuredmedia":[{"embeddable":true,"href":"https:\/\/www.otiumhome.fi\/index.php\/wp-json\/"}],"wp:attachment":[{"href":"https:\/\/www.otiumhome.fi\/index.php\/wp-json\/wp\/v2\/media?parent=93467"}],"wp:term":[{"taxonomy":"product_brand","embeddable":true,"href":"https:\/\/www.otiumhome.fi\/index.php\/wp-json\/wp\/v2\/product_brand?post=93467"},{"taxonomy":"product_cat","embeddable":true,"href":"https:\/\/www.otiumhome.fi\/index.php\/wp-json\/wp\/v2\/product_cat?post=93467"},{"taxonomy":"product_tag","embeddable":true,"href":"https:\/\/www.otiumhome.fi\/index.php\/wp-json\/wp\/v2\/product_tag?post=93467"}],"curies":[{"name":"wp","href":"https:\/\/api.w.org\/{rel}","templated":true}]}}