{"id":93175,"date":"2024-12-15T08:23:48","date_gmt":"2024-12-15T08:23:48","guid":{"rendered":"https:\/\/www.otiumhome.fi\/?p=93175"},"modified":"2025-06-06T15:33:30","modified_gmt":"2025-06-06T15:33:30","slug":"sivupoyta-taysi-uusiokaytetty-tiikki-120x30x76-cm","status":"publish","type":"product","link":"https:\/\/www.otiumhome.fi\/index.php\/tuote\/sivupoyta-taysi-uusiokaytetty-tiikki-120x30x76-cm\/","title":{"rendered":"Sivup\u00f6yt\u00e4 T\u00e4ysi Uusiok\u00e4ytetty Tiikki 120x30x76 cm"},"content":{"rendered":"<p>T\u00e4m\u00e4 vintage tyylinen sivup\u00f6yt\u00e4 on ajaton lis\u00e4 kotisi sisustukseen.<\/p>\n<\/p>\n<p>Sivup\u00f6yt\u00e4 on valmistettu uusiok\u00e4ytetyst\u00e4 tiikist\u00e4, joka on tukeva, vakaa, kest\u00e4v\u00e4 ja kaunis. Sen tukeva p\u00f6yt\u00e4 tarjoaa vakaan ja turvallisen pinna, jossa voit pit\u00e4\u00e4 juomasi, vaasit, hedelm\u00e4korit tai koristeen, samalla voit pit\u00e4\u00e4 pienet esineet, kuten kirjat, vihot, kyn\u00e4t ja muut tavarat sen tilavissa laatikoissa. Marmoroitu laatikon pinta lis\u00e4\u00e4 p\u00f6yd\u00e4n ainutlaatuista ja vintage tyyli\u00e4. Valmistusprosessin jokaisesta vaiheesta on pidetty tarkkaa huolta, on se sitten kokoaminen, kiillotus ja lakkaus. Helppo koota.<\/p>\n<\/p>\n<p>T\u00e4rke\u00e4 huomio: V\u00e4rit ja puun syyt saattaa vaihdella jokaisen ty\u00f6kappaleen v\u00e4lill\u00e4, tehden jokaisesta sivup\u00f6yd\u00e4st\u00e4mme ainutlaatuisen; toimitus on sattumanvarainen.<\/p>\n<ul>\n<li>Materiaali: kierr\u00e4tetty tiikki + ter\u00e4s<\/li>\n<li>Mitat: 120 x 30 x 76 cm (P x L x K)<\/li>\n<li>Sis\u00e4lt\u00e4\u00e4 4 vetolaatikkoa<\/li>\n<li>Hiottu ja lakattu<\/li>\n<li>Helppo koota<\/li>\n<li>VAROITUS! Kaatumisen est\u00e4miseksi t\u00e4t\u00e4 tuotetta on k\u00e4ytett\u00e4v\u00e4 mukana toimitetun sein\u00e4kiinnityslaitteen kanssa.<\/li>\n<li>Legal Documents:\n<p><span>Lis\u00e4tietoja huonekalujesi kaatumisen est\u00e4misest\u00e4 voit l\u00f6yt\u00e4\u00e4 <span style=\"text-decoration: underline\"><strong><a title=\"https:\/\/bit.ly\/3bVwkQp\" href=\"https:\/\/bit.ly\/3bVwkQp\" target=\"_blank\">t\u00e4\u00e4lt\u00e4<\/a><\/strong><\/span><\/span><\/p>\n<\/li>\n<\/ul>\n","protected":false},"excerpt":{"rendered":"<ul>\n<li>Materiaali: kierr\u00e4tetty tiikki + ter\u00e4s<\/li>\n<li>Mitat: 120 x 30 x 76 cm (P x L x K)<\/li>\n<li>Sis\u00e4lt\u00e4\u00e4 4 vetolaatikkoa<\/li>\n<li>Hiottu ja lakattu<\/li>\n<li>Helppo koota<\/li>\n<li>VAROITUS! Kaatumisen est\u00e4miseksi t\u00e4t\u00e4 tuotetta on k\u00e4ytett\u00e4v\u00e4 mukana toimitetun sein\u00e4kiinnityslaitteen kanssa.<\/li>\n<li>Legal Documents:\n<p><span>Lis\u00e4tietoja huonekalujesi kaatumisen est\u00e4misest\u00e4 voit l\u00f6yt\u00e4\u00e4 <span style=\"text-decoration: underline\"><strong><a title=\"https:\/\/bit.ly\/3bVwkQp\" href=\"https:\/\/bit.ly\/3bVwkQp\" target=\"_blank\">t\u00e4\u00e4lt\u00e4<\/a><\/strong><\/span><\/span><\/p>\n<\/li>\n<\/ul>\n","protected":false},"featured_media":10000093175,"comment_status":"closed","ping_status":"closed","template":"","meta":[],"product_brand":[],"product_cat":[8534,84,8533],"product_tag":[],"class_list":{"0":"post-93175","1":"product","2":"type-product","3":"status-publish","4":"has-post-thumbnail","6":"product_cat-apupoydat","7":"product_cat-huonekalut","8":"product_cat-sivupoydat","10":"first","11":"instock","12":"taxable","13":"shipping-taxable","14":"purchasable","15":"product-type-simple"},"_links":{"self":[{"href":"https:\/\/www.otiumhome.fi\/index.php\/wp-json\/wp\/v2\/product\/93175","targetHints":{"allow":["GET"]}}],"collection":[{"href":"https:\/\/www.otiumhome.fi\/index.php\/wp-json\/wp\/v2\/product"}],"about":[{"href":"https:\/\/www.otiumhome.fi\/index.php\/wp-json\/wp\/v2\/types\/product"}],"replies":[{"embeddable":true,"href":"https:\/\/www.otiumhome.fi\/index.php\/wp-json\/wp\/v2\/comments?post=93175"}],"wp:featuredmedia":[{"embeddable":true,"href":"https:\/\/www.otiumhome.fi\/index.php\/wp-json\/"}],"wp:attachment":[{"href":"https:\/\/www.otiumhome.fi\/index.php\/wp-json\/wp\/v2\/media?parent=93175"}],"wp:term":[{"taxonomy":"product_brand","embeddable":true,"href":"https:\/\/www.otiumhome.fi\/index.php\/wp-json\/wp\/v2\/product_brand?post=93175"},{"taxonomy":"product_cat","embeddable":true,"href":"https:\/\/www.otiumhome.fi\/index.php\/wp-json\/wp\/v2\/product_cat?post=93175"},{"taxonomy":"product_tag","embeddable":true,"href":"https:\/\/www.otiumhome.fi\/index.php\/wp-json\/wp\/v2\/product_tag?post=93175"}],"curies":[{"name":"wp","href":"https:\/\/api.w.org\/{rel}","templated":true}]}}