{"id":93171,"date":"2024-12-15T08:23:48","date_gmt":"2024-12-15T08:23:48","guid":{"rendered":"https:\/\/www.otiumhome.fi\/?p=93171"},"modified":"2025-06-06T15:33:30","modified_gmt":"2025-06-06T15:33:30","slug":"sivupoyta-100x35x75-cm-tiikki","status":"publish","type":"product","link":"https:\/\/www.otiumhome.fi\/index.php\/tuote\/sivupoyta-100x35x75-cm-tiikki\/","title":{"rendered":"Sivup\u00f6yt\u00e4 100x35x75 cm Tiikki"},"content":{"rendered":"<p>T\u00e4m\u00e4n upean sivup\u00f6yd\u00e4n muotoilu on teollistyylinen, mik\u00e4 tekee siit\u00e4 ainutlaatuisen lis\u00e4n huoneeseesi.<\/p>\n<\/p>\n<p>P\u00f6yt\u00e4levy on tehty t\u00e4ydest\u00e4 tiikist\u00e4, ja se tarjoaa vakaan sek\u00e4 turvallisen pinnan, johon voit asettaa juomasi, vaasit, hedelm\u00e4korit tai koriste-esineet. Sille on annettu koristeellinen lasi- ja hartsikoristus, joka lis\u00e4\u00e4 sen upeaa ulkon\u00e4k\u00f6\u00e4. Mahonkirunko tekee sivup\u00f6yd\u00e4st\u00e4 todella vakaan, kest\u00e4v\u00e4n sek\u00e4 tukevan. Helppo koota.<\/p>\n<\/p>\n<p>T\u00e4rke\u00e4 huomio: puun v\u00e4ri sek\u00e4 syyt, ja lasin ja hartsin kuviot voivat vaihdella jokaisen ty\u00f6kappaleen v\u00e4lill\u00e4, tehden jokaisesta sivup\u00f6yd\u00e4st\u00e4mme ainutlaatuisen; toimitus on sattumanvarainen.<\/p>\n<ul>\n<li>V\u00e4ri: ruskea ja musta<\/li>\n<li>P\u00f6yt\u00e4levyn materiaali: Tiikki (hiottu ja lakattu) lasi- ja hartsikoristeilla<\/li>\n<li>Jalkojen materiaali: Mustaksi maalattu mahonki<\/li>\n<li>Mitat: 100 x 35 x 75 cm (P x L x K)<\/li>\n<li>Helppo koota<\/li>\n<li>VAROITUS! Kaatumisen est\u00e4miseksi t\u00e4t\u00e4 tuotetta on k\u00e4ytett\u00e4v\u00e4 mukana toimitetun sein\u00e4kiinnityslaitteen kanssa.<\/li>\n<li>Legal Documents:\n<p><span>Lis\u00e4tietoja huonekalujesi kaatumisen est\u00e4misest\u00e4 voit l\u00f6yt\u00e4\u00e4 <span style=\"text-decoration: underline\"><strong><a title=\"https:\/\/bit.ly\/3bVwkQp\" href=\"https:\/\/bit.ly\/3bVwkQp\" target=\"_blank\">t\u00e4\u00e4lt\u00e4<\/a><\/strong><\/span><\/span><\/p>\n<\/li>\n<\/ul>\n","protected":false},"excerpt":{"rendered":"<ul>\n<li>V\u00e4ri: ruskea ja musta<\/li>\n<li>P\u00f6yt\u00e4levyn materiaali: Tiikki (hiottu ja lakattu) lasi- ja hartsikoristeilla<\/li>\n<li>Jalkojen materiaali: Mustaksi maalattu mahonki<\/li>\n<li>Mitat: 100 x 35 x 75 cm (P x L x K)<\/li>\n<li>Helppo koota<\/li>\n<li>VAROITUS! Kaatumisen est\u00e4miseksi t\u00e4t\u00e4 tuotetta on k\u00e4ytett\u00e4v\u00e4 mukana toimitetun sein\u00e4kiinnityslaitteen kanssa.<\/li>\n<li>Legal Documents:\n<p><span>Lis\u00e4tietoja huonekalujesi kaatumisen est\u00e4misest\u00e4 voit l\u00f6yt\u00e4\u00e4 <span style=\"text-decoration: underline\"><strong><a title=\"https:\/\/bit.ly\/3bVwkQp\" href=\"https:\/\/bit.ly\/3bVwkQp\" target=\"_blank\">t\u00e4\u00e4lt\u00e4<\/a><\/strong><\/span><\/span><\/p>\n<\/li>\n<\/ul>\n","protected":false},"featured_media":10000093171,"comment_status":"closed","ping_status":"closed","template":"","meta":[],"product_brand":[],"product_cat":[8534,84,8533],"product_tag":[],"class_list":{"0":"post-93171","1":"product","2":"type-product","3":"status-publish","4":"has-post-thumbnail","6":"product_cat-apupoydat","7":"product_cat-huonekalut","8":"product_cat-sivupoydat","10":"first","11":"instock","12":"taxable","13":"shipping-taxable","14":"purchasable","15":"product-type-simple"},"_links":{"self":[{"href":"https:\/\/www.otiumhome.fi\/index.php\/wp-json\/wp\/v2\/product\/93171","targetHints":{"allow":["GET"]}}],"collection":[{"href":"https:\/\/www.otiumhome.fi\/index.php\/wp-json\/wp\/v2\/product"}],"about":[{"href":"https:\/\/www.otiumhome.fi\/index.php\/wp-json\/wp\/v2\/types\/product"}],"replies":[{"embeddable":true,"href":"https:\/\/www.otiumhome.fi\/index.php\/wp-json\/wp\/v2\/comments?post=93171"}],"wp:featuredmedia":[{"embeddable":true,"href":"https:\/\/www.otiumhome.fi\/index.php\/wp-json\/"}],"wp:attachment":[{"href":"https:\/\/www.otiumhome.fi\/index.php\/wp-json\/wp\/v2\/media?parent=93171"}],"wp:term":[{"taxonomy":"product_brand","embeddable":true,"href":"https:\/\/www.otiumhome.fi\/index.php\/wp-json\/wp\/v2\/product_brand?post=93171"},{"taxonomy":"product_cat","embeddable":true,"href":"https:\/\/www.otiumhome.fi\/index.php\/wp-json\/wp\/v2\/product_cat?post=93171"},{"taxonomy":"product_tag","embeddable":true,"href":"https:\/\/www.otiumhome.fi\/index.php\/wp-json\/wp\/v2\/product_tag?post=93171"}],"curies":[{"name":"wp","href":"https:\/\/api.w.org\/{rel}","templated":true}]}}