{"id":93157,"date":"2024-12-15T08:23:47","date_gmt":"2024-12-15T08:23:47","guid":{"rendered":"https:\/\/www.otiumhome.fi\/?p=93157"},"modified":"2025-06-06T15:33:27","modified_gmt":"2025-06-06T15:33:27","slug":"sivupoyta-valkoinen-36x30x56-cm-tekninen-puu","status":"publish","type":"product","link":"https:\/\/www.otiumhome.fi\/index.php\/tuote\/sivupoyta-valkoinen-36x30x56-cm-tekninen-puu\/","title":{"rendered":"Sivup\u00f6yt\u00e4 valkoinen 36x30x56 cm tekninen puu"},"content":{"rendered":"<p>Lis\u00e4\u00e4 modernia tunnelmaa sisustukseesi t\u00e4ll\u00e4 trendikk\u00e4\u00e4ll\u00e4 ja k\u00e4yt\u00e4nn\u00f6llisell\u00e4 sivup\u00f6yd\u00e4ll\u00e4.<\/p>\n<\/p>\n<p>T\u00e4ss\u00e4 sohvap\u00f6yd\u00e4ss\u00e4 on reilusti tilaa t\u00e4rkeiden tavaroiden hyv\u00e4ss\u00e4 j\u00e4rjestyksess\u00e4 ja k\u00e4den ulottuvilla pit\u00e4miseen. P\u00f6yt\u00e4levy tarjoaa vakaan pinnan, jolle voit asettaa juomat, kirjat ja koriste-esineet. P\u00e4\u00e4typ\u00f6yd\u00e4n puhdistus k\u00e4y helposti kostealla liinalla.<\/p>\n<ul>\n<li>V\u00e4ri: valkoinen<\/li>\n<li>Materiaali: tekninen puu<\/li>\n<li>Mitat: 36 x 30 x 56 cm (L x S x K)<\/li>\n<li>Asennus vaaditaan: kyll\u00e4<\/li>\n<li><strong>VAROITUS:<\/strong> Kaatumisen est\u00e4miseksi t\u00e4t\u00e4 tuotetta on k\u00e4ytett\u00e4v\u00e4 mukana toimitetun sein\u00e4kiinnityslaitteen kanssa<\/li>\n<li><strong>Huomio: <\/strong>Sein\u00e4\u00e4n kiinnitett\u00e4v\u00e4t ruuvit ja tulpat eiv\u00e4t sis\u00e4lly toimitukseen. Etsi ja k\u00e4yt\u00e4 sein\u00e4\u00e4si sopivia ruuveja ja tulppia. Jos olet ep\u00e4varma, kysy ammattilaisen neuvoa. Lue ja seuraa asennusohjeiden jokaista vaihetta huolella.<\/li>\n<li>Legal Documents:\n<p><span>Lis\u00e4tietoja huonekalujesi kaatumisen est\u00e4misest\u00e4 voit l\u00f6yt\u00e4\u00e4 <span style=\"text-decoration: underline\"><strong><a title=\"https:\/\/bit.ly\/3bVwkQp\" href=\"https:\/\/bit.ly\/3bVwkQp\" target=\"_blank\">t\u00e4\u00e4lt\u00e4<\/a><\/strong><\/span><\/span><\/p>\n<\/li>\n<\/ul>\n","protected":false},"excerpt":{"rendered":"<ul>\n<li>V\u00e4ri: valkoinen<\/li>\n<li>Materiaali: tekninen puu<\/li>\n<li>Mitat: 36 x 30 x 56 cm (L x S x K)<\/li>\n<li>Asennus vaaditaan: kyll\u00e4<\/li>\n<li><strong>VAROITUS:<\/strong> Kaatumisen est\u00e4miseksi t\u00e4t\u00e4 tuotetta on k\u00e4ytett\u00e4v\u00e4 mukana toimitetun sein\u00e4kiinnityslaitteen kanssa<\/li>\n<li><strong>Huomio: <\/strong>Sein\u00e4\u00e4n kiinnitett\u00e4v\u00e4t ruuvit ja tulpat eiv\u00e4t sis\u00e4lly toimitukseen. Etsi ja k\u00e4yt\u00e4 sein\u00e4\u00e4si sopivia ruuveja ja tulppia. Jos olet ep\u00e4varma, kysy ammattilaisen neuvoa. Lue ja seuraa asennusohjeiden jokaista vaihetta huolella.<\/li>\n<li>Legal Documents:\n<p><span>Lis\u00e4tietoja huonekalujesi kaatumisen est\u00e4misest\u00e4 voit l\u00f6yt\u00e4\u00e4 <span style=\"text-decoration: underline\"><strong><a title=\"https:\/\/bit.ly\/3bVwkQp\" href=\"https:\/\/bit.ly\/3bVwkQp\" target=\"_blank\">t\u00e4\u00e4lt\u00e4<\/a><\/strong><\/span><\/span><\/p>\n<\/li>\n<\/ul>\n","protected":false},"featured_media":10000093157,"comment_status":"closed","ping_status":"closed","template":"","meta":[],"product_brand":[],"product_cat":[8534,84,8533],"product_tag":[],"class_list":{"0":"post-93157","1":"product","2":"type-product","3":"status-publish","4":"has-post-thumbnail","6":"product_cat-apupoydat","7":"product_cat-huonekalut","8":"product_cat-sivupoydat","10":"first","11":"instock","12":"taxable","13":"shipping-taxable","14":"purchasable","15":"product-type-simple"},"_links":{"self":[{"href":"https:\/\/www.otiumhome.fi\/index.php\/wp-json\/wp\/v2\/product\/93157","targetHints":{"allow":["GET"]}}],"collection":[{"href":"https:\/\/www.otiumhome.fi\/index.php\/wp-json\/wp\/v2\/product"}],"about":[{"href":"https:\/\/www.otiumhome.fi\/index.php\/wp-json\/wp\/v2\/types\/product"}],"replies":[{"embeddable":true,"href":"https:\/\/www.otiumhome.fi\/index.php\/wp-json\/wp\/v2\/comments?post=93157"}],"wp:featuredmedia":[{"embeddable":true,"href":"https:\/\/www.otiumhome.fi\/index.php\/wp-json\/"}],"wp:attachment":[{"href":"https:\/\/www.otiumhome.fi\/index.php\/wp-json\/wp\/v2\/media?parent=93157"}],"wp:term":[{"taxonomy":"product_brand","embeddable":true,"href":"https:\/\/www.otiumhome.fi\/index.php\/wp-json\/wp\/v2\/product_brand?post=93157"},{"taxonomy":"product_cat","embeddable":true,"href":"https:\/\/www.otiumhome.fi\/index.php\/wp-json\/wp\/v2\/product_cat?post=93157"},{"taxonomy":"product_tag","embeddable":true,"href":"https:\/\/www.otiumhome.fi\/index.php\/wp-json\/wp\/v2\/product_tag?post=93157"}],"curies":[{"name":"wp","href":"https:\/\/api.w.org\/{rel}","templated":true}]}}