{"id":93152,"date":"2024-12-15T08:23:47","date_gmt":"2024-12-15T08:23:47","guid":{"rendered":"https:\/\/www.otiumhome.fi\/?p=93152"},"modified":"2025-06-06T15:33:27","modified_gmt":"2025-06-06T15:33:27","slug":"teepoydat-2-kpl-karkaistu-lasi-lapinakyva","status":"publish","type":"product","link":"https:\/\/www.otiumhome.fi\/index.php\/tuote\/teepoydat-2-kpl-karkaistu-lasi-lapinakyva\/","title":{"rendered":"Teep\u00f6yd\u00e4t 2 kpl karkaistu lasi l\u00e4pin\u00e4kyv\u00e4"},"content":{"rendered":"<p>N\u00e4m\u00e4 teollistyyliset teep\u00f6yd\u00e4t lis\u00e4\u00e4v\u00e4t hieman nykyaikaista tyyli\u00e4 kotisi sisutukseen. Niit\u00e4 voidaan k\u00e4ytt\u00e4\u00e4 sohvap\u00f6ytin\u00e4, sivup\u00f6ytin\u00e4 tai p\u00e4\u00e4typ\u00f6ytin\u00e4.<\/p>\n<\/p>\n<p>Karkaistusta lasista ja jauhemaalatusta ter\u00e4ksest\u00e4 valmistetut sivup\u00f6yd\u00e4t ovat tukevat ja kest\u00e4v\u00e4t. Kiinte\u00e4 p\u00f6yt\u00e4levy tarjoaa turvallisen pinnan erilaisten esineiden k\u00e4den ulottuvilla pit\u00e4miseen. Pienemp\u00e4\u00e4 p\u00f6yt\u00e4\u00e4 voidaan s\u00e4ilytt\u00e4\u00e4 suuremman alla tilan s\u00e4\u00e4st\u00e4miseksi. Lis\u00e4ksi niiden puhdistus k\u00e4y helposti kostealla liinalla.<\/p>\n<\/p>\n<p>Rentoudu ja nauti perheesi sek\u00e4 yst\u00e4viesi viihdytt\u00e4misest\u00e4 n\u00e4iden ainutlaatuisten teep\u00f6ytien \u00e4\u00e4rell\u00e4!<\/p>\n<\/p>\n<\/p>\n<ul>\n<li>V\u00e4ri: l\u00e4pin\u00e4kyv\u00e4<\/li>\n<li>Materiaali: karkaistu lasi, jauhemaalattu ter\u00e4s<\/li>\n<li>Mitat (L): 90 x 45 x 45 cm (P x L x K)<\/li>\n<li>Mitat (S): 50 x 45 x 50 cm (P x L x K)<\/li>\n<li>Asennus vaaditaan: kyll\u00e4<\/li>\n<li><strong>Toimitus sis\u00e4lt\u00e4\u00e4:<\/strong><\/li>\n<li>1 x teep\u00f6yt\u00e4: 90 x 45 x 45 cm<\/li>\n<li>1 x teep\u00f6yt\u00e4: 50 x 45 x 50 cm<\/li>\n<\/ul>\n","protected":false},"excerpt":{"rendered":"<ul>\n<li>V\u00e4ri: l\u00e4pin\u00e4kyv\u00e4<\/li>\n<li>Materiaali: karkaistu lasi, jauhemaalattu ter\u00e4s<\/li>\n<li>Mitat (L): 90 x 45 x 45 cm (P x L x K)<\/li>\n<li>Mitat (S): 50 x 45 x 50 cm (P x L x K)<\/li>\n<li>Asennus vaaditaan: kyll\u00e4<\/li>\n<li><strong>Toimitus sis\u00e4lt\u00e4\u00e4:<\/strong><\/li>\n<li>1 x teep\u00f6yt\u00e4: 90 x 45 x 45 cm<\/li>\n<li>1 x teep\u00f6yt\u00e4: 50 x 45 x 50 cm<\/li>\n<\/ul>\n","protected":false},"featured_media":10000093152,"comment_status":"closed","ping_status":"closed","template":"","meta":[],"product_brand":[],"product_cat":[8534,84,8533],"product_tag":[],"class_list":{"0":"post-93152","1":"product","2":"type-product","3":"status-publish","4":"has-post-thumbnail","6":"product_cat-apupoydat","7":"product_cat-huonekalut","8":"product_cat-sivupoydat","10":"first","11":"instock","12":"taxable","13":"shipping-taxable","14":"purchasable","15":"product-type-simple"},"_links":{"self":[{"href":"https:\/\/www.otiumhome.fi\/index.php\/wp-json\/wp\/v2\/product\/93152","targetHints":{"allow":["GET"]}}],"collection":[{"href":"https:\/\/www.otiumhome.fi\/index.php\/wp-json\/wp\/v2\/product"}],"about":[{"href":"https:\/\/www.otiumhome.fi\/index.php\/wp-json\/wp\/v2\/types\/product"}],"replies":[{"embeddable":true,"href":"https:\/\/www.otiumhome.fi\/index.php\/wp-json\/wp\/v2\/comments?post=93152"}],"wp:featuredmedia":[{"embeddable":true,"href":"https:\/\/www.otiumhome.fi\/index.php\/wp-json\/"}],"wp:attachment":[{"href":"https:\/\/www.otiumhome.fi\/index.php\/wp-json\/wp\/v2\/media?parent=93152"}],"wp:term":[{"taxonomy":"product_brand","embeddable":true,"href":"https:\/\/www.otiumhome.fi\/index.php\/wp-json\/wp\/v2\/product_brand?post=93152"},{"taxonomy":"product_cat","embeddable":true,"href":"https:\/\/www.otiumhome.fi\/index.php\/wp-json\/wp\/v2\/product_cat?post=93152"},{"taxonomy":"product_tag","embeddable":true,"href":"https:\/\/www.otiumhome.fi\/index.php\/wp-json\/wp\/v2\/product_tag?post=93152"}],"curies":[{"name":"wp","href":"https:\/\/api.w.org\/{rel}","templated":true}]}}