{"id":93099,"date":"2024-12-15T08:23:44","date_gmt":"2024-12-15T08:23:44","guid":{"rendered":"https:\/\/www.otiumhome.fi\/?p=93099"},"modified":"2025-06-06T15:33:29","modified_gmt":"2025-06-06T15:33:29","slug":"konsolipoyta-mahonki-69x28x70-cm","status":"publish","type":"product","link":"https:\/\/www.otiumhome.fi\/index.php\/tuote\/konsolipoyta-mahonki-69x28x70-cm\/","title":{"rendered":"Konsolip\u00f6yt\u00e4 mahonki 69x28x70 cm"},"content":{"rendered":"<p>T\u00e4m\u00e4 puinen konsolip\u00f6yt\u00e4 on upea valinta, jos haluat lis\u00e4t\u00e4 rustiikkista vieh\u00e4tysvoimaa kotisi sisustukseen. P\u00f6yd\u00e4ss\u00e4 on 2 irrallista rottinkikoria ja 1 hylly, jotka tarjoavat runsaasti s\u00e4ilytystilaa. Irralliset korit ovat eritt\u00e4in k\u00e4yt\u00e4nn\u00f6llisi\u00e4, mutta samalla ne ovat my\u00f6s koristeellinen lis\u00e4 kotiisi.<\/p>\n<\/p>\n<p>T\u00e4ydest\u00e4 mahongista valmistettu massiivipuinen konsolip\u00f6yt\u00e4 on eritt\u00e4in kest\u00e4v\u00e4 ja tukeva. Mahonki on trooppinen lehtipuu, joka tunnetaan kauneudestaan, kest\u00e4vyydest\u00e4\u00e4n ja v\u00e4rist\u00e4\u00e4n. T\u00e4m\u00e4n tuotteen vintage, l\u00e4mpim\u00e4n ja aidon tyylin saavuttamiseksi on k\u00e4ytetty erityist\u00e4 k\u00e4sity\u00f6taitoa.<\/p>\n<\/p>\n<p>T\u00e4rke\u00e4 huomio: V\u00e4rit vaihtelevat kappaleittain, mik\u00e4 tekee jokaisesta p\u00f6yd\u00e4st\u00e4mme ainutlaatuisen. Toimitus on sattumanvarainen, t\u00e4m\u00e4 takaa tuotteesi ainutlaatuisuuden.<\/p>\n<ul>\n<li>Materiaali: T\u00e4ysi mahonki, messinki<\/li>\n<li>Korin materiaali: aito rottinki + kangasvuoraus<\/li>\n<li>Mitat: 69 x 28 x 70 cm (P x L x K)<\/li>\n<li>2 irrallista koria ja 1 hylly<\/li>\n<li>K\u00e4sintehty<\/li>\n<\/ul>\n","protected":false},"excerpt":{"rendered":"<ul>\n<li>Materiaali: T\u00e4ysi mahonki, messinki<\/li>\n<li>Korin materiaali: aito rottinki + kangasvuoraus<\/li>\n<li>Mitat: 69 x 28 x 70 cm (P x L x K)<\/li>\n<li>2 irrallista koria ja 1 hylly<\/li>\n<li>K\u00e4sintehty<\/li>\n<\/ul>\n","protected":false},"featured_media":10000093099,"comment_status":"closed","ping_status":"closed","template":"","meta":[],"product_brand":[],"product_cat":[8534,84,8533],"product_tag":[],"class_list":{"0":"post-93099","1":"product","2":"type-product","3":"status-publish","4":"has-post-thumbnail","6":"product_cat-apupoydat","7":"product_cat-huonekalut","8":"product_cat-sivupoydat","10":"first","11":"instock","12":"taxable","13":"shipping-taxable","14":"purchasable","15":"product-type-simple"},"_links":{"self":[{"href":"https:\/\/www.otiumhome.fi\/index.php\/wp-json\/wp\/v2\/product\/93099","targetHints":{"allow":["GET"]}}],"collection":[{"href":"https:\/\/www.otiumhome.fi\/index.php\/wp-json\/wp\/v2\/product"}],"about":[{"href":"https:\/\/www.otiumhome.fi\/index.php\/wp-json\/wp\/v2\/types\/product"}],"replies":[{"embeddable":true,"href":"https:\/\/www.otiumhome.fi\/index.php\/wp-json\/wp\/v2\/comments?post=93099"}],"wp:featuredmedia":[{"embeddable":true,"href":"https:\/\/www.otiumhome.fi\/index.php\/wp-json\/"}],"wp:attachment":[{"href":"https:\/\/www.otiumhome.fi\/index.php\/wp-json\/wp\/v2\/media?parent=93099"}],"wp:term":[{"taxonomy":"product_brand","embeddable":true,"href":"https:\/\/www.otiumhome.fi\/index.php\/wp-json\/wp\/v2\/product_brand?post=93099"},{"taxonomy":"product_cat","embeddable":true,"href":"https:\/\/www.otiumhome.fi\/index.php\/wp-json\/wp\/v2\/product_cat?post=93099"},{"taxonomy":"product_tag","embeddable":true,"href":"https:\/\/www.otiumhome.fi\/index.php\/wp-json\/wp\/v2\/product_tag?post=93099"}],"curies":[{"name":"wp","href":"https:\/\/api.w.org\/{rel}","templated":true}]}}