{"id":93083,"date":"2024-12-15T08:23:44","date_gmt":"2024-12-15T08:23:44","guid":{"rendered":"https:\/\/www.otiumhome.fi\/?p=93083"},"modified":"2025-06-06T15:33:28","modified_gmt":"2025-06-06T15:33:28","slug":"paatypoyta-taysi-kierratetty-puu","status":"publish","type":"product","link":"https:\/\/www.otiumhome.fi\/index.php\/tuote\/paatypoyta-taysi-kierratetty-puu\/","title":{"rendered":"P\u00e4\u00e4typ\u00f6yt\u00e4 t\u00e4ysi kierr\u00e4tetty puu"},"content":{"rendered":"<p>T\u00e4m\u00e4 antiikkityylinen puinen p\u00e4\u00e4typ\u00f6yt\u00e4 on ainutlaatuinen lis\u00e4 huoneeseesi.<\/p>\n<\/p>\n<p>Sen t\u00e4ysikierr\u00e4tyspuinen kansi ja rautarunko tekev\u00e4t siit\u00e4 vakaan ja turvallisen paikan, jolle asettaa juomat, hedelm\u00e4korit, koriste-esineet jne. T\u00e4t\u00e4 vintagetyylist\u00e4 sohvap\u00f6yt\u00e4\u00e4 voidaan k\u00e4ytt\u00e4\u00e4 my\u00f6s sivup\u00f6yt\u00e4n\u00e4, sohvap\u00f6yt\u00e4n\u00e4, kahvip\u00f6yt\u00e4n\u00e4 jne.<\/p>\n<\/p>\n<p>Valmistettu uusiok\u00e4ytetyst\u00e4 puusta, t\u00e4m\u00e4 p\u00f6yt\u00e4 on tukeva, kest\u00e4v\u00e4 ja kaunis. Siin\u00e4 on eri puiden ominaisuuksia, kuten tiikki, mangopuu, kierr\u00e4tetty puu, kovapuu jne. T\u00e4m\u00e4n huonekalun jokainen osa on ainutlaatuinen ja hieman erilainen muista. Kulumisen j\u00e4ljet ja n\u00e4kyv\u00e4t puun syyt antavat jokaiselle tuotteelle oman historian ja ainutlaatuisen ulkon\u00e4\u00f6n. T\u00e4m\u00e4 sohvap\u00f6yt\u00e4 on t\u00e4ysin k\u00e4sintehty. Jokainen askel suoritettu huolella, olkoon se kiillotus tai lakkaus.<\/p>\n<\/p>\n<p>T\u00e4rke\u00e4 huomio: V\u00e4rit vaihtelevat ty\u00f6kappaleiden v\u00e4lill\u00e4, tehden jokaisesta p\u00e4\u00e4typ\u00f6yd\u00e4st\u00e4mme ainutlaatuisen; toimitus on sattumanvarainen.<\/p>\n<ul>\n<li>V\u00e4ri: moniv\u00e4rinen<\/li>\n<li>Materiaali: T\u00e4ysi uusiok\u00e4ytetty puu p\u00f6yt\u00e4levy + jauhemaalatut rautajalat<\/li>\n<li>Mitat : 40 x 50 cm (halkaisija x K)<\/li>\n<li>T\u00e4ysin k\u00e4sintehty<\/li>\n<li>Hiottu ja lakattu<\/li>\n<\/ul>\n","protected":false},"excerpt":{"rendered":"<ul>\n<li>V\u00e4ri: moniv\u00e4rinen<\/li>\n<li>Materiaali: T\u00e4ysi uusiok\u00e4ytetty puu p\u00f6yt\u00e4levy + jauhemaalatut rautajalat<\/li>\n<li>Mitat : 40 x 50 cm (halkaisija x K)<\/li>\n<li>T\u00e4ysin k\u00e4sintehty<\/li>\n<li>Hiottu ja lakattu<\/li>\n<\/ul>\n","protected":false},"featured_media":10000093083,"comment_status":"closed","ping_status":"closed","template":"","meta":[],"product_brand":[],"product_cat":[8534,84,8533],"product_tag":[],"class_list":{"0":"post-93083","1":"product","2":"type-product","3":"status-publish","4":"has-post-thumbnail","6":"product_cat-apupoydat","7":"product_cat-huonekalut","8":"product_cat-sivupoydat","10":"first","11":"instock","12":"taxable","13":"shipping-taxable","14":"purchasable","15":"product-type-simple"},"_links":{"self":[{"href":"https:\/\/www.otiumhome.fi\/index.php\/wp-json\/wp\/v2\/product\/93083","targetHints":{"allow":["GET"]}}],"collection":[{"href":"https:\/\/www.otiumhome.fi\/index.php\/wp-json\/wp\/v2\/product"}],"about":[{"href":"https:\/\/www.otiumhome.fi\/index.php\/wp-json\/wp\/v2\/types\/product"}],"replies":[{"embeddable":true,"href":"https:\/\/www.otiumhome.fi\/index.php\/wp-json\/wp\/v2\/comments?post=93083"}],"wp:featuredmedia":[{"embeddable":true,"href":"https:\/\/www.otiumhome.fi\/index.php\/wp-json\/"}],"wp:attachment":[{"href":"https:\/\/www.otiumhome.fi\/index.php\/wp-json\/wp\/v2\/media?parent=93083"}],"wp:term":[{"taxonomy":"product_brand","embeddable":true,"href":"https:\/\/www.otiumhome.fi\/index.php\/wp-json\/wp\/v2\/product_brand?post=93083"},{"taxonomy":"product_cat","embeddable":true,"href":"https:\/\/www.otiumhome.fi\/index.php\/wp-json\/wp\/v2\/product_cat?post=93083"},{"taxonomy":"product_tag","embeddable":true,"href":"https:\/\/www.otiumhome.fi\/index.php\/wp-json\/wp\/v2\/product_tag?post=93083"}],"curies":[{"name":"wp","href":"https:\/\/api.w.org\/{rel}","templated":true}]}}