{"id":93079,"date":"2024-12-15T08:23:43","date_gmt":"2024-12-15T08:23:43","guid":{"rendered":"https:\/\/www.otiumhome.fi\/?p=93079"},"modified":"2025-06-06T15:33:28","modified_gmt":"2025-06-06T15:33:28","slug":"paatypoyta-lehtitelineella-27x35x55-cm-taystammi","status":"publish","type":"product","link":"https:\/\/www.otiumhome.fi\/index.php\/tuote\/paatypoyta-lehtitelineella-27x35x55-cm-taystammi\/","title":{"rendered":"P\u00e4\u00e4typ\u00f6yt\u00e4 Lehtitelineell\u00e4 27x35x55 cm t\u00e4ystammi"},"content":{"rendered":"<p>Meid\u00e4n puinen p\u00e4\u00e4typ\u00f6yt\u00e4mme sopii mihin tahansa sisustukseen ja se on upea lis\u00e4 olohuoneeseen, ruokasaliin tai makuuhuoneeseen.<\/p>\n<\/p>\n<p>T\u00e4m\u00e4 sivup\u00f6yt\u00e4 on valmistettu ammattimaisesti kest\u00e4v\u00e4st\u00e4, t\u00e4ydest\u00e4 tammesta ja se on todella k\u00e4yt\u00e4nn\u00f6llinen. Sen kompaktin suunnittelun ansiosta meid\u00e4n sivup\u00f6yt\u00e4mme vie vai hieman tilaa ja on helppo siirt\u00e4\u00e4. Tukeva p\u00f6yt\u00e4levy sopii t\u00e4ydellisesti esittelem\u00e4\u00e4n koriste-esineit\u00e4, valokuvia tai ruukkukasveja. Siin\u00e4 on 2 hylly\u00e4, yksi on ihanteellinen sanomalehdille ja lehdille.<\/p>\n<ul>\n<li>V\u00e4ri: ruskea<\/li>\n<li>Materiaali: t\u00e4ysi tammi, MDF-viilu<\/li>\n<li>Mitat: 27 x 35 x 55 cm (P x L x K)<\/li>\n<li>Siin\u00e4 on 2 hylly\u00e4, yksi on ihanteellinen sanomalehdille ja lehdille.<\/li>\n<\/ul>\n","protected":false},"excerpt":{"rendered":"<ul>\n<li>V\u00e4ri: ruskea<\/li>\n<li>Materiaali: t\u00e4ysi tammi, MDF-viilu<\/li>\n<li>Mitat: 27 x 35 x 55 cm (P x L x K)<\/li>\n<li>Siin\u00e4 on 2 hylly\u00e4, yksi on ihanteellinen sanomalehdille ja lehdille.<\/li>\n<\/ul>\n","protected":false},"featured_media":10000093079,"comment_status":"closed","ping_status":"closed","template":"","meta":[],"product_brand":[],"product_cat":[8534,84,8533],"product_tag":[],"class_list":{"0":"post-93079","1":"product","2":"type-product","3":"status-publish","4":"has-post-thumbnail","6":"product_cat-apupoydat","7":"product_cat-huonekalut","8":"product_cat-sivupoydat","10":"first","11":"instock","12":"taxable","13":"shipping-taxable","14":"purchasable","15":"product-type-simple"},"_links":{"self":[{"href":"https:\/\/www.otiumhome.fi\/index.php\/wp-json\/wp\/v2\/product\/93079","targetHints":{"allow":["GET"]}}],"collection":[{"href":"https:\/\/www.otiumhome.fi\/index.php\/wp-json\/wp\/v2\/product"}],"about":[{"href":"https:\/\/www.otiumhome.fi\/index.php\/wp-json\/wp\/v2\/types\/product"}],"replies":[{"embeddable":true,"href":"https:\/\/www.otiumhome.fi\/index.php\/wp-json\/wp\/v2\/comments?post=93079"}],"wp:featuredmedia":[{"embeddable":true,"href":"https:\/\/www.otiumhome.fi\/index.php\/wp-json\/"}],"wp:attachment":[{"href":"https:\/\/www.otiumhome.fi\/index.php\/wp-json\/wp\/v2\/media?parent=93079"}],"wp:term":[{"taxonomy":"product_brand","embeddable":true,"href":"https:\/\/www.otiumhome.fi\/index.php\/wp-json\/wp\/v2\/product_brand?post=93079"},{"taxonomy":"product_cat","embeddable":true,"href":"https:\/\/www.otiumhome.fi\/index.php\/wp-json\/wp\/v2\/product_cat?post=93079"},{"taxonomy":"product_tag","embeddable":true,"href":"https:\/\/www.otiumhome.fi\/index.php\/wp-json\/wp\/v2\/product_tag?post=93079"}],"curies":[{"name":"wp","href":"https:\/\/api.w.org\/{rel}","templated":true}]}}