{"id":93077,"date":"2024-12-15T08:23:43","date_gmt":"2024-12-15T08:23:43","guid":{"rendered":"https:\/\/www.otiumhome.fi\/?p=93077"},"modified":"2025-06-06T15:31:55","modified_gmt":"2025-06-06T15:31:55","slug":"sivupoyta-taysi-akaasiapuu-45x33x45-cm","status":"publish","type":"product","link":"https:\/\/www.otiumhome.fi\/index.php\/tuote\/sivupoyta-taysi-akaasiapuu-45x33x45-cm\/","title":{"rendered":"Sivup\u00f6yt\u00e4 t\u00e4ysi akaasiapuu 45x33x45 cm"},"content":{"rendered":"<p>T\u00e4m\u00e4 puinen p\u00e4\u00e4typ\u00f6yt\u00e4 on mahtava lis\u00e4 sisustukseesi. Voit my\u00f6s k\u00e4ytt\u00e4\u00e4 sit\u00e4 y\u00f6p\u00f6yt\u00e4n\u00e4 tai kasvi- tai puhelinjalustana tai sivup\u00f6yt\u00e4n\u00e4 uima-altaalla.<\/p>\n<\/p>\n<p>Kiinte\u00e4st\u00e4 akaasiapuusta valmistettu p\u00f6yt\u00e4 kest\u00e4\u00e4 k\u00e4yt\u00f6ss\u00e4 ja on s\u00e4\u00e4nkest\u00e4v\u00e4. Tukeva p\u00f6yt\u00e4levy ja alahylly tarjoavat runsaasti tilaa juomille, kirjoille, lehdille, tai koriste-esineille. P\u00f6yt\u00e4levyn ja hyllyn diagonaalikuvio antaa p\u00f6yd\u00e4lle klassisen ilmeen. Kokoaminen on helppoa.<\/p>\n<ul>\n<li>Materiaali: luonnollisesti \u00f6ljytty akaasiapuu<\/li>\n<li>Mitat: 45 x 33 x 45 cm (L x S x K)<\/li>\n<li>Vett\u00e4hylkiv\u00e4<\/li>\n<li>Helppo koota<\/li>\n<li>Sopii sek\u00e4 sis\u00e4- ett\u00e4 ulkok\u00e4ytt\u00f6\u00f6n<\/li>\n<\/ul>\n","protected":false},"excerpt":{"rendered":"<ul>\n<li>Materiaali: luonnollisesti \u00f6ljytty akaasiapuu<\/li>\n<li>Mitat: 45 x 33 x 45 cm (L x S x K)<\/li>\n<li>Vett\u00e4hylkiv\u00e4<\/li>\n<li>Helppo koota<\/li>\n<li>Sopii sek\u00e4 sis\u00e4- ett\u00e4 ulkok\u00e4ytt\u00f6\u00f6n<\/li>\n<\/ul>\n","protected":false},"featured_media":10000093077,"comment_status":"closed","ping_status":"closed","template":"","meta":[],"product_brand":[],"product_cat":[8534,84,8533],"product_tag":[],"class_list":{"0":"post-93077","1":"product","2":"type-product","3":"status-publish","4":"has-post-thumbnail","6":"product_cat-apupoydat","7":"product_cat-huonekalut","8":"product_cat-sivupoydat","10":"first","11":"instock","12":"taxable","13":"shipping-taxable","14":"purchasable","15":"product-type-simple"},"_links":{"self":[{"href":"https:\/\/www.otiumhome.fi\/index.php\/wp-json\/wp\/v2\/product\/93077","targetHints":{"allow":["GET"]}}],"collection":[{"href":"https:\/\/www.otiumhome.fi\/index.php\/wp-json\/wp\/v2\/product"}],"about":[{"href":"https:\/\/www.otiumhome.fi\/index.php\/wp-json\/wp\/v2\/types\/product"}],"replies":[{"embeddable":true,"href":"https:\/\/www.otiumhome.fi\/index.php\/wp-json\/wp\/v2\/comments?post=93077"}],"wp:featuredmedia":[{"embeddable":true,"href":"https:\/\/www.otiumhome.fi\/index.php\/wp-json\/"}],"wp:attachment":[{"href":"https:\/\/www.otiumhome.fi\/index.php\/wp-json\/wp\/v2\/media?parent=93077"}],"wp:term":[{"taxonomy":"product_brand","embeddable":true,"href":"https:\/\/www.otiumhome.fi\/index.php\/wp-json\/wp\/v2\/product_brand?post=93077"},{"taxonomy":"product_cat","embeddable":true,"href":"https:\/\/www.otiumhome.fi\/index.php\/wp-json\/wp\/v2\/product_cat?post=93077"},{"taxonomy":"product_tag","embeddable":true,"href":"https:\/\/www.otiumhome.fi\/index.php\/wp-json\/wp\/v2\/product_tag?post=93077"}],"curies":[{"name":"wp","href":"https:\/\/api.w.org\/{rel}","templated":true}]}}