{"id":93075,"date":"2024-12-15T08:23:43","date_gmt":"2024-12-15T08:23:43","guid":{"rendered":"https:\/\/www.otiumhome.fi\/?p=93075"},"modified":"2025-06-06T15:33:28","modified_gmt":"2025-06-06T15:33:28","slug":"sivupoyta-27x24x37-cm-taysi-tammi","status":"publish","type":"product","link":"https:\/\/www.otiumhome.fi\/index.php\/tuote\/sivupoyta-27x24x37-cm-taysi-tammi\/","title":{"rendered":"Sivup\u00f6yt\u00e4 27x24x37 cm t\u00e4ysi tammi"},"content":{"rendered":"<p>T\u00e4m\u00e4 lujatekoinen puusivup\u00f6yt\u00e4 sopii mihin tahansa sisustukseen ja on upea valinta olohuoneeseesi, mutta se voi toimia my\u00f6s y\u00f6p\u00f6yt\u00e4n\u00e4 makuuhuoneessa.<\/p>\n<\/p>\n<p>Sivup\u00f6yt\u00e4 on valmistettu asiantuntevasti kest\u00e4v\u00e4st\u00e4, massiivitammesta ja on eritt\u00e4in k\u00e4yt\u00e4nn\u00f6llinen. Kompaktin muotoilun ansiosta sivup\u00f6yt\u00e4 vie hyvin v\u00e4h\u00e4n tilaa ja on ihanteellinen pienempiin huoneisiin. Tukeva p\u00f6yt\u00e4 on ihanteellinen pit\u00e4m\u00e4\u00e4n ruokia ja juomia k\u00e4den ulottuvilla tai laittamaan esille koriste-esineit\u00e4 kuten valokuvakehyksi\u00e4.<\/p>\n<ul>\n<li>V\u00e4ri: ruskea<\/li>\n<li>Materiaali: t\u00e4ysi tammi, MDF-viilu<\/li>\n<li>Mitat: 27 x 24 x 37 cm (P x L x K)<\/li>\n<\/ul>\n","protected":false},"excerpt":{"rendered":"<ul>\n<li>V\u00e4ri: ruskea<\/li>\n<li>Materiaali: t\u00e4ysi tammi, MDF-viilu<\/li>\n<li>Mitat: 27 x 24 x 37 cm (P x L x K)<\/li>\n<\/ul>\n","protected":false},"featured_media":10000093075,"comment_status":"closed","ping_status":"closed","template":"","meta":[],"product_brand":[],"product_cat":[8534,84,8533],"product_tag":[],"class_list":{"0":"post-93075","1":"product","2":"type-product","3":"status-publish","4":"has-post-thumbnail","6":"product_cat-apupoydat","7":"product_cat-huonekalut","8":"product_cat-sivupoydat","10":"first","11":"instock","12":"taxable","13":"shipping-taxable","14":"purchasable","15":"product-type-simple"},"_links":{"self":[{"href":"https:\/\/www.otiumhome.fi\/index.php\/wp-json\/wp\/v2\/product\/93075","targetHints":{"allow":["GET"]}}],"collection":[{"href":"https:\/\/www.otiumhome.fi\/index.php\/wp-json\/wp\/v2\/product"}],"about":[{"href":"https:\/\/www.otiumhome.fi\/index.php\/wp-json\/wp\/v2\/types\/product"}],"replies":[{"embeddable":true,"href":"https:\/\/www.otiumhome.fi\/index.php\/wp-json\/wp\/v2\/comments?post=93075"}],"wp:featuredmedia":[{"embeddable":true,"href":"https:\/\/www.otiumhome.fi\/index.php\/wp-json\/"}],"wp:attachment":[{"href":"https:\/\/www.otiumhome.fi\/index.php\/wp-json\/wp\/v2\/media?parent=93075"}],"wp:term":[{"taxonomy":"product_brand","embeddable":true,"href":"https:\/\/www.otiumhome.fi\/index.php\/wp-json\/wp\/v2\/product_brand?post=93075"},{"taxonomy":"product_cat","embeddable":true,"href":"https:\/\/www.otiumhome.fi\/index.php\/wp-json\/wp\/v2\/product_cat?post=93075"},{"taxonomy":"product_tag","embeddable":true,"href":"https:\/\/www.otiumhome.fi\/index.php\/wp-json\/wp\/v2\/product_tag?post=93075"}],"curies":[{"name":"wp","href":"https:\/\/api.w.org\/{rel}","templated":true}]}}